{"id":15104,"date":"2025-05-12T13:25:23","date_gmt":"2025-05-12T05:25:23","guid":{"rendered":"https:\/\/www.worldia-tools.com\/?page_id=15104"},"modified":"2025-11-13T11:04:51","modified_gmt":"2025-11-13T03:04:51","slug":"north-america-latin-america-region","status":"publish","type":"page","link":"https:\/\/www.worldia-tools.com\/cs\/career\/north-america-latin-america-region\/","title":{"rendered":"Severn\u00ed Amerika &#038; Region Latinsk\u00e9 Ameriky"},"content":{"rendered":"<div data-elementor-type=\"wp-page\" data-elementor-id=\"15104\" class=\"elementor elementor-15104\" data-elementor-post-type=\"page\">\n\t\t\t\t<div class=\"elementor-element elementor-element-62021db e-con-full e-flex e-con e-parent\" data-id=\"62021db\" data-element_type=\"container\" data-e-type=\"container\">\n\t\t\t\t<div class=\"elementor-element elementor-element-aa30b1c elementor-widget elementor-widget-image\" data-id=\"aa30b1c\" data-element_type=\"widget\" data-e-type=\"widget\" data-widget_type=\"image.default\">\n\t\t\t\t<div class=\"elementor-widget-container\">\n\t\t\t\t\t\t\t\t\t\t\t\t\t\t\t<img fetchpriority=\"high\" decoding=\"async\" width=\"1920\" height=\"300\" src=\"https:\/\/www.worldia-tools.com\/wp-content\/uploads\/2024\/08\/zhaopin-banner.jpg\" class=\"attachment-full size-full wp-image-7768\" alt=\"P\u0159ipojte se k n\u00e1m banner\" srcset=\"https:\/\/www.worldia-tools.com\/wp-content\/uploads\/2024\/08\/zhaopin-banner.jpg 1920w, https:\/\/www.worldia-tools.com\/wp-content\/uploads\/2024\/08\/zhaopin-banner-300x47.jpg 300w, https:\/\/www.worldia-tools.com\/wp-content\/uploads\/2024\/08\/zhaopin-banner-1024x160.jpg 1024w, https:\/\/www.worldia-tools.com\/wp-content\/uploads\/2024\/08\/zhaopin-banner-768x120.jpg 768w, https:\/\/www.worldia-tools.com\/wp-content\/uploads\/2024\/08\/zhaopin-banner-1536x240.jpg 1536w, https:\/\/www.worldia-tools.com\/wp-content\/uploads\/2024\/08\/zhaopin-banner-600x94.jpg 600w\" sizes=\"(max-width: 1920px) 100vw, 1920px\" \/>\t\t\t\t\t\t\t\t\t\t\t\t\t\t\t<\/div>\n\t\t\t\t<\/div>\n\t\t\t\t<\/div>\n\t\t\t\t<section class=\"elementor-section elementor-top-section elementor-element elementor-element-a2d0a87 elementor-section-boxed elementor-section-height-default elementor-section-height-default\" data-id=\"a2d0a87\" data-element_type=\"section\" data-e-type=\"section\">\n\t\t\t\t\t\t<div class=\"elementor-container elementor-column-gap-default\">\n\t\t\t\t\t<div class=\"elementor-column elementor-col-100 elementor-top-column elementor-element elementor-element-5252cbd\" data-id=\"5252cbd\" data-element_type=\"column\" data-e-type=\"column\">\n\t\t\t<div class=\"elementor-widget-wrap elementor-element-populated\">\n\t\t\t\t\t\t<div class=\"elementor-element elementor-element-4af22b7 elementor-widget elementor-widget-woocommerce-breadcrumb\" data-id=\"4af22b7\" data-element_type=\"widget\" data-e-type=\"widget\" data-widget_type=\"woocommerce-breadcrumb.default\">\n\t\t\t\t<div class=\"elementor-widget-container\">\n\t\t\t\t\t<nav class=\"woocommerce-breadcrumb\" aria-label=\"Breadcrumb\" data-no-translation=\"\" data-trp-gettext=\"\">Dom\u016f<\/nav>\t\t\t\t<\/div>\n\t\t\t\t<\/div>\n\t\t\t\t\t<\/div>\n\t\t<\/div>\n\t\t\t\t\t<\/div>\n\t\t<\/section>\n\t\t<div class=\"elementor-element elementor-element-731df06 e-flex e-con-boxed e-con e-parent\" data-id=\"731df06\" data-element_type=\"container\" data-e-type=\"container\">\n\t\t\t\t\t<div class=\"e-con-inner\">\n\t\t\t\t<div class=\"elementor-element elementor-element-219dc8b elementor-widget elementor-widget-heading\" data-id=\"219dc8b\" data-element_type=\"widget\" data-e-type=\"widget\" data-widget_type=\"heading.default\">\n\t\t\t\t<div class=\"elementor-widget-container\">\n\t\t\t\t\t<h1 class=\"elementor-heading-title elementor-size-default\">\nN\u00e1zev pr\u00e1ce: N\u00e1strojov\u00fd prodejn\u00ed in\u017een\u00fdr<\/h1>\t\t\t\t<\/div>\n\t\t\t\t<\/div>\n\t\t<div class=\"elementor-element elementor-element-43ab33b e-con-full e-flex e-con e-child\" data-id=\"43ab33b\" data-element_type=\"container\" data-e-type=\"container\">\n\t\t\t\t<div class=\"elementor-element elementor-element-d21adf3 elementor-widget elementor-widget-text-editor\" data-id=\"d21adf3\" data-element_type=\"widget\" data-e-type=\"widget\" data-widget_type=\"text-editor.default\">\n\t\t\t\t<div class=\"elementor-widget-container\">\n\t\t\t\t\t\t\t\t\t<p>Beijing Worldia Diamond Tools Co., Ltd je p\u0159edn\u00edm poskytovatelem vysoce kvalitn\u00edch \u0159ezac\u00edch n\u00e1stroj\u016f a \u0159e\u0161en\u00ed pro r\u016fzn\u00e1 pr\u016fmyslov\u00e1 odv\u011btv\u00ed. V sou\u010dasn\u00e9 dob\u011b hled\u00e1me motivovan\u00e9ho a zku\u0161en\u00e9ho prodejn\u00edho in\u017een\u00fdra n\u00e1stroj\u016f, aby se p\u0159ipojil k na\u0161emu rostouc\u00edmu t\u00fdmu v Indii. Ide\u00e1ln\u00ed kandid\u00e1t by m\u011bl m\u00edt vynikaj\u00edc\u00ed technick\u00e9 znalosti, siln\u00e9 prodejn\u00ed dovednosti a schopnost budovat dlouhodob\u00e9 vztahy se z\u00e1kazn\u00edky.<\/p>\n<p>Pokud hled\u00e1te pracovn\u00ed p\u0159\u00edle\u017eitosti, p\u0159ij\u010fte se k n\u00e1m p\u0159ipojit!<\/p>\n<p><strong><b>N\u00e1zev pr\u00e1ce: N\u00e1strojov\u00fd prodejn\u00ed in\u017een\u00fdr<\/b><\/strong><\/p>\n<p><strong><b>M\u00edsto: Mexiko<\/b><\/strong><\/p>\n<p><strong><b>Kl\u00ed\u010dov\u00e9 povinnosti<\/b><\/strong>:<\/p>\n<ol>\n<li>Vyvinout a implementovat prodejn\u00ed strategie k dosa\u017een\u00ed a p\u0159ekro\u010den\u00ed prodejn\u00edch c\u00edl\u016f pro \u0159ezac\u00ed n\u00e1stroje v r\u00e1mci p\u0159i\u0159azen\u00fdch \u00fazem\u00ed.<\/li>\n<li>Prov\u00e1d\u011bte pr\u016fzkum trhu a analyzujte pot\u0159eby z\u00e1kazn\u00edk\u016f k identifikaci potenci\u00e1ln\u00edch obchodn\u00edch p\u0159\u00edle\u017eitost\u00ed.<\/li>\n<li>Vytv\u00e1\u0159et a udr\u017eovat siln\u00e9 vztahy se st\u00e1vaj\u00edc\u00edmi z\u00e1kazn\u00edky, zat\u00edmco aktivn\u011b hledat nov\u00e9 obchodn\u00ed potenci\u00e1ly.<\/li>\n<li>Poskytovat \u0161kolen\u00ed a podporu z\u00e1kazn\u00edk\u016fm, aby pochopili vlastnosti a v\u00fdhody na\u0161ich \u0159ezac\u00edch n\u00e1stroj\u016f.<\/li>\n<li>Spolupracujte s intern\u00edmi t\u00fdmy, jako je v\u00fdvoj produkt\u016f a marketing, abyste zlep\u0161ili nab\u00eddku produkt\u016f a vyvinuli efektivn\u00ed prodejn\u00ed materi\u00e1ly.<\/li>\n<li>Z\u00fa\u010dastn\u011bte se pr\u016fmyslov\u00fdch akc\u00ed a veletrh\u016f, abyste reprezentovali spole\u010dnost, p\u0159edstavili na\u0161e produkty a spolupracovali s potenci\u00e1ln\u00edmi z\u00e1kazn\u00edky.<\/li>\n<li>P\u0159ipravte zpr\u00e1vy o prodeji a pravideln\u011b aktualizujte pokrok p\u0159i dosa\u017een\u00ed prodejn\u00edch c\u00edl\u016f.<\/li>\n<\/ol>\n<p><strong><b>Po\u017eadavky<\/b><\/strong>:<\/p>\n<ol>\n<li>Bachelor&#8217; s titul v oboru stroj\u00edrenstv\u00ed, pr\u016fmyslov\u00e9ho in\u017een\u00fdrstv\u00ed nebo souvisej\u00edc\u00ed oblasti.<\/li>\n<li>Minim\u00e1ln\u011b 3 roky zku\u0161enost\u00ed v prodeji n\u00e1stroj\u016f, nejl\u00e9pe v pr\u016fmyslu \u0159ezac\u00edch n\u00e1stroj\u016f.<\/li>\n<li>M\u00e1te osv\u011bd\u010denou historii dosa\u017een\u00ed a p\u0159ekro\u010den\u00ed prodejn\u00edch c\u00edl\u016f.<\/li>\n<li>Vynikaj\u00edc\u00ed komunikace, vyjedn\u00e1v\u00e1n\u00ed a interperson\u00e1ln\u00ed dovednosti.<\/li>\n<li>Ableto pracuje nez\u00e1visle a jako sou\u010d\u00e1st t\u00fdmu.<\/li>\n<li>Znalost CAD softwaru a specifikac\u00ed \u0159ezac\u00edho n\u00e1stroje je plus.<\/li>\n<li>P\u0159ijmout totravel v r\u00e1mci Mexika&nbsp; a v zahrani\u010d\u00ed pro n\u00e1v\u0161t\u011bvy z\u00e1kazn\u00edk\u016f a pr\u016fmyslov\u00e9 akce.<\/li>\n<\/ol>\n<p><strong><b>Co nab\u00edz\u00edme<\/b><\/strong>:<\/p>\n<ol>\n<li>Konkuren\u010dn\u00ed platov\u00fd bal\u00ed\u010dek zalo\u017een\u00fd na zku\u0161enostech a v\u00fdkonnosti.<\/li>\n<li>P\u0159\u00edle\u017eitosti pro profesion\u00e1ln\u00ed r\u016fst a kari\u00e9rn\u00ed pokrok v r\u00e1mci organizace.<\/li>\n<li>Positiv\u00e9 a dynamick\u00e9 pracovn\u00ed prost\u0159ed\u00ed se zam\u011b\u0159en\u00edm na spokojenost zam\u011bstnanc\u016f a rovnov\u00e1hu mezi pracovn\u00edm a osobn\u00edm \u017eivotem.<\/li>\n<\/ol>\n<p><strong><b>P\u0159ihl\u00e1sit se<\/b><\/strong>:<\/p>\n<p>&nbsp; &nbsp; &nbsp; Pokud se domn\u00edv\u00e1te, \u017ee m\u00e1te pot\u0159ebn\u00e9 dovednosti a zku\u0161enosti, abyste se v t\u00e9to roli vynikali, za\u0161lete pros\u00edm sv\u016fj \u017eivotopis spolu s motivn\u00edm dopisem s podrobnostmi o va\u0161ich relevantn\u00edch zku\u0161enostech a &nbsp; &nbsp; &nbsp; &nbsp; &nbsp; &nbsp; &nbsp; &nbsp; &nbsp; kvalifikace. P\u0159ihl\u00e1sit se m\u016f\u017eete p\u0159\u00edmo prost\u0159ednictv\u00edm na\u0161ich webov\u00fdch str\u00e1nek nebo poslat svou \u017e\u00e1dost na<u>&nbsp;<\/u><strong><b>jxhr@worldiatools.com.<\/b><\/strong><\/p>\n<p>&nbsp; &nbsp; &nbsp; Jsme zam\u011bstnavatelem rovn\u00fdch p\u0159\u00edle\u017eitost\u00ed a v\u00edt\u00e1me \u017e\u00e1dosti od v\u0161ech kvalifikovan\u00fdch kandid\u00e1t\u016f.<\/p>\t\t\t\t\t\t\t\t<\/div>\n\t\t\t\t<\/div>\n\t\t\t\t<\/div>\n\t\t\t\t\t<\/div>\n\t\t\t\t<\/div>\n\t\t<div class=\"elementor-element elementor-element-6d1d1b3 e-con-full e-flex e-con e-parent\" data-id=\"6d1d1b3\" data-element_type=\"container\" data-e-type=\"container\" data-settings=\"{&quot;background_background&quot;:&quot;classic&quot;}\">\n\t\t\t\t<\/div>\n\t\t\t\t<\/div>","protected":false},"excerpt":{"rendered":"<p>Job Title: Tool Sales Engineer Beijing Worldia Diamond Tools Co., Ltd is a leading provider of high-quality cutting tools and solutions for various industries. We are currently seeking a motivated and experienced tool sales engineer to join our growing team in India. The ideal candidate should possess excellent technical knowledge, strong sales skills, and the [&hellip;]<\/p>\n","protected":false},"author":1,"featured_media":0,"parent":779,"menu_order":0,"comment_status":"closed","ping_status":"closed","template":"elementor_header_footer","meta":{"footnotes":""},"class_list":["post-15104","page","type-page","status-publish","hentry"],"_links":{"self":[{"href":"https:\/\/www.worldia-tools.com\/cs\/wp-json\/wp\/v2\/pages\/15104","targetHints":{"allow":["GET"]}}],"collection":[{"href":"https:\/\/www.worldia-tools.com\/cs\/wp-json\/wp\/v2\/pages"}],"about":[{"href":"https:\/\/www.worldia-tools.com\/cs\/wp-json\/wp\/v2\/types\/page"}],"author":[{"embeddable":true,"href":"https:\/\/www.worldia-tools.com\/cs\/wp-json\/wp\/v2\/users\/1"}],"replies":[{"embeddable":true,"href":"https:\/\/www.worldia-tools.com\/cs\/wp-json\/wp\/v2\/comments?post=15104"}],"version-history":[{"count":10,"href":"https:\/\/www.worldia-tools.com\/cs\/wp-json\/wp\/v2\/pages\/15104\/revisions"}],"predecessor-version":[{"id":18661,"href":"https:\/\/www.worldia-tools.com\/cs\/wp-json\/wp\/v2\/pages\/15104\/revisions\/18661"}],"up":[{"embeddable":true,"href":"https:\/\/www.worldia-tools.com\/cs\/wp-json\/wp\/v2\/pages\/779"}],"wp:attachment":[{"href":"https:\/\/www.worldia-tools.com\/cs\/wp-json\/wp\/v2\/media?parent=15104"}],"curies":[{"name":"WP","href":"https:\/\/api.w.org\/{rel}","templated":true}]}}