{"id":22,"date":"2024-01-16T10:47:31","date_gmt":"2024-01-16T02:47:31","guid":{"rendered":"https:\/\/www.worldia-tools.com\/?page_id=22"},"modified":"2025-12-29T11:49:12","modified_gmt":"2025-12-29T03:49:12","slug":"products-and-services","status":"publish","type":"page","link":"https:\/\/www.worldia-tools.com\/cs\/products-and-services\/","title":{"rendered":"Produkty a slu\u017eby"},"content":{"rendered":"<div data-elementor-type=\"wp-page\" data-elementor-id=\"22\" class=\"elementor elementor-22\" data-elementor-post-type=\"page\">\n\t\t\t\t\t\t<section class=\"elementor-section elementor-top-section elementor-element elementor-element-e379aa1 elementor-section-boxed elementor-section-height-default elementor-section-height-default\" data-id=\"e379aa1\" data-element_type=\"section\" data-e-type=\"section\">\n\t\t\t\t\t\t<div class=\"elementor-container elementor-column-gap-default\">\n\t\t\t\t\t<div class=\"elementor-column elementor-col-100 elementor-top-column elementor-element elementor-element-bdfa6b1\" data-id=\"bdfa6b1\" data-element_type=\"column\" data-e-type=\"column\">\n\t\t\t<div class=\"elementor-widget-wrap elementor-element-populated\">\n\t\t\t\t\t\t<div class=\"elementor-element elementor-element-19130e8 elementor-widget elementor-widget-woocommerce-breadcrumb\" data-id=\"19130e8\" data-element_type=\"widget\" data-e-type=\"widget\" data-widget_type=\"woocommerce-breadcrumb.default\">\n\t\t\t\t<div class=\"elementor-widget-container\">\n\t\t\t\t\t<nav class=\"woocommerce-breadcrumb\" aria-label=\"Breadcrumb\" data-no-translation=\"\" data-trp-gettext=\"\">Dom\u016f<\/nav>\t\t\t\t<\/div>\n\t\t\t\t<\/div>\n\t\t\t\t\t<\/div>\n\t\t<\/div>\n\t\t\t\t\t<\/div>\n\t\t<\/section>\n\t\t<div class=\"elementor-element elementor-element-9908f42 e-flex e-con-boxed e-con e-parent\" data-id=\"9908f42\" data-element_type=\"container\" data-e-type=\"container\" data-settings=\"{&quot;background_background&quot;:&quot;classic&quot;}\">\n\t\t\t\t\t<div class=\"e-con-inner\">\n\t\t\t\t<div class=\"elementor-element elementor-element-e1e2913 elementor-widget elementor-widget-heading\" data-id=\"e1e2913\" data-element_type=\"widget\" data-e-type=\"widget\" data-widget_type=\"heading.default\">\n\t\t\t\t<div class=\"elementor-widget-container\">\n\t\t\t\t\t<h2 class=\"elementor-heading-title elementor-size-default\">Produkty a Slu\u017eby<\/h2>\t\t\t\t<\/div>\n\t\t\t\t<\/div>\n\t\t\t\t<div class=\"elementor-element elementor-element-929d709 elementor-widget elementor-widget-text-editor\" data-id=\"929d709\" data-element_type=\"widget\" data-e-type=\"widget\" data-widget_type=\"text-editor.default\">\n\t\t\t\t<div class=\"elementor-widget-container\">\n\t\t\t\t\t\t\t\t\t<p>V neust\u00e1le se vyv\u00edjej\u00edc\u00edm v\u00fdrobn\u00edm pr\u016fmyslu jsme odhodl\u00e1ni rozv\u00edjet na\u0161e produkty a slu\u017eby tak, aby vyhovovaly va\u0161im pot\u0159eb\u00e1m. Jsme odhodl\u00e1ni poskytovat \u0159ezac\u00ed n\u00e1stroje a \u0159e\u0161en\u00ed, kter\u00e1 jsou v souladu s ambicemi va\u0161\u00ed spole\u010dnosti, rostou a vyv\u00edjej\u00ed se vedle v\u00e1s. S siln\u00fdm zam\u011b\u0159en\u00edm na p\u0159esnost a inovace se specializujeme na v\u00fdvoj \u0159ezac\u00edch n\u00e1stroj\u016f a diamantov\u00fdch funk\u010dn\u00edch materi\u00e1l\u016f. Prost\u0159ednictv\u00edm neust\u00e1l\u00e9ho technick\u00e9ho pokroku jsme provedli v\u00fdznamn\u00e9 inovace v n\u00e1vrhu a v\u00fdrob\u011b vlo\u017eek PCBN, PCD a CVD spolu s souvisej\u00edc\u00edmi produkty.<\/p>\t\t\t\t\t\t\t\t<\/div>\n\t\t\t\t<\/div>\n\t\t\t\t<div class=\"elementor-element elementor-element-c1c3602 elementor-widget elementor-widget-template\" data-id=\"c1c3602\" data-element_type=\"widget\" data-e-type=\"widget\" data-widget_type=\"template.default\">\n\t\t\t\t<div class=\"elementor-widget-container\">\n\t\t\t\t\t\t\t<div class=\"elementor-template\">\n\t\t\t\t\t<div data-elementor-type=\"section\" data-elementor-id=\"19654\" class=\"elementor elementor-19654\" data-elementor-post-type=\"elementor_library\">\n\t\t\t<div class=\"elementor-element elementor-element-13527c2 e-flex e-con-boxed e-con e-parent\" data-id=\"13527c2\" data-element_type=\"container\" data-e-type=\"container\" data-settings=\"{&quot;background_background&quot;:&quot;classic&quot;}\">\n\t\t\t\t\t<div class=\"e-con-inner\">\n\t\t<div class=\"elementor-element elementor-element-2a4e8b6 e-flex e-con-boxed e-con e-child\" data-id=\"2a4e8b6\" data-element_type=\"container\" data-e-type=\"container\">\n\t\t\t\t\t<div class=\"e-con-inner\">\n\t\t<div class=\"elementor-element elementor-element-aeecc9c e-flex e-con-boxed e-con e-child\" data-id=\"aeecc9c\" data-element_type=\"container\" data-e-type=\"container\">\n\t\t\t\t\t<div class=\"e-con-inner\">\n\t\t\t\t<div class=\"elementor-element elementor-element-a129904 elementor-position-top elementor-widget elementor-widget-image-box\" data-id=\"a129904\" data-element_type=\"widget\" data-e-type=\"widget\" data-widget_type=\"image-box.default\">\n\t\t\t\t<div class=\"elementor-widget-container\">\n\t\t\t\t\t<div class=\"elementor-image-box-wrapper\"><figure class=\"elementor-image-box-img\"><a href=\"\/cs\/products-and-services\/superhard-cutting-tools\/\" tabindex=\"-1\"><img fetchpriority=\"high\" decoding=\"async\" width=\"1700\" height=\"781\" src=\"https:\/\/www.worldia-tools.com\/wp-content\/uploads\/2025\/11\/Super-Hard-Cutting-Tools.webp\" class=\"attachment-full size-full wp-image-19636\" alt=\"Super tvrd\u00e9 \u0159ezac\u00ed n\u00e1stroje\" srcset=\"https:\/\/www.worldia-tools.com\/wp-content\/uploads\/2025\/11\/Super-Hard-Cutting-Tools.webp 1700w, https:\/\/www.worldia-tools.com\/wp-content\/uploads\/2025\/11\/Super-Hard-Cutting-Tools-300x138.webp 300w, https:\/\/www.worldia-tools.com\/wp-content\/uploads\/2025\/11\/Super-Hard-Cutting-Tools-1024x470.webp 1024w, https:\/\/www.worldia-tools.com\/wp-content\/uploads\/2025\/11\/Super-Hard-Cutting-Tools-768x353.webp 768w, https:\/\/www.worldia-tools.com\/wp-content\/uploads\/2025\/11\/Super-Hard-Cutting-Tools-1536x706.webp 1536w, https:\/\/www.worldia-tools.com\/wp-content\/uploads\/2025\/11\/Super-Hard-Cutting-Tools-600x276.webp 600w\" sizes=\"(max-width: 1700px) 100vw, 1700px\" \/><\/a><\/figure><div class=\"elementor-image-box-content\"><h3 class=\"elementor-image-box-title\"><a href=\"\/cs\/products-and-services\/superhard-cutting-tools\/\">Super tvrd\u00e9 \u0159ezac\u00ed n\u00e1stroje<\/a><\/h3><p class=\"elementor-image-box-description\">N\u00e1stroje s PCD, CVDD, PCBN a MCD<br> \u0159ezn\u00e9 hrany\n<\/p><\/div><\/div>\t\t\t\t<\/div>\n\t\t\t\t<\/div>\n\t\t\t\t\t<\/div>\n\t\t\t\t<\/div>\n\t\t<div class=\"elementor-element elementor-element-3dd75e6 e-flex e-con-boxed e-con e-child\" data-id=\"3dd75e6\" data-element_type=\"container\" data-e-type=\"container\">\n\t\t\t\t\t<div class=\"e-con-inner\">\n\t\t\t\t<div class=\"elementor-element elementor-element-ed1aace elementor-position-top elementor-widget elementor-widget-image-box\" data-id=\"ed1aace\" data-element_type=\"widget\" data-e-type=\"widget\" data-widget_type=\"image-box.default\">\n\t\t\t\t<div class=\"elementor-widget-container\">\n\t\t\t\t\t<div class=\"elementor-image-box-wrapper\"><figure class=\"elementor-image-box-img\"><a href=\"\/cs\/products-and-services\/carbide-tools\/\" tabindex=\"-1\"><img decoding=\"async\" width=\"1700\" height=\"781\" src=\"https:\/\/www.worldia-tools.com\/wp-content\/uploads\/2025\/11\/Carbide-Tools.webp\" class=\"attachment-full size-full wp-image-19637\" alt=\"Karbidov\u00e9 n\u00e1stroje\" srcset=\"https:\/\/www.worldia-tools.com\/wp-content\/uploads\/2025\/11\/Carbide-Tools.webp 1700w, https:\/\/www.worldia-tools.com\/wp-content\/uploads\/2025\/11\/Carbide-Tools-300x138.webp 300w, https:\/\/www.worldia-tools.com\/wp-content\/uploads\/2025\/11\/Carbide-Tools-1024x470.webp 1024w, https:\/\/www.worldia-tools.com\/wp-content\/uploads\/2025\/11\/Carbide-Tools-768x353.webp 768w, https:\/\/www.worldia-tools.com\/wp-content\/uploads\/2025\/11\/Carbide-Tools-1536x706.webp 1536w, https:\/\/www.worldia-tools.com\/wp-content\/uploads\/2025\/11\/Carbide-Tools-600x276.webp 600w\" sizes=\"(max-width: 1700px) 100vw, 1700px\" \/><\/a><\/figure><div class=\"elementor-image-box-content\"><h3 class=\"elementor-image-box-title\"><a href=\"\/cs\/products-and-services\/carbide-tools\/\">Karbidov\u00e9 n\u00e1stroje<\/a><\/h3><p class=\"elementor-image-box-description\">Pevn\u00fd a indexovateln\u00fd karbid <br> n\u00e1stroje\n\n<\/p><\/div><\/div>\t\t\t\t<\/div>\n\t\t\t\t<\/div>\n\t\t\t\t\t<\/div>\n\t\t\t\t<\/div>\n\t\t<div class=\"elementor-element elementor-element-76d9554 e-con-full e-flex e-con e-child\" data-id=\"76d9554\" data-element_type=\"container\" data-e-type=\"container\">\n\t\t\t\t<div class=\"elementor-element elementor-element-0230e93 elementor-position-top elementor-widget elementor-widget-image-box\" data-id=\"0230e93\" data-element_type=\"widget\" data-e-type=\"widget\" data-widget_type=\"image-box.default\">\n\t\t\t\t<div class=\"elementor-widget-container\">\n\t\t\t\t\t<div class=\"elementor-image-box-wrapper\"><figure class=\"elementor-image-box-img\"><a href=\"\/cs\/products-and-services\/precison-micro-tools\/\" tabindex=\"-1\"><img decoding=\"async\" width=\"1700\" height=\"781\" src=\"https:\/\/www.worldia-tools.com\/wp-content\/uploads\/2025\/11\/Precision-Micro-Tools.webp\" class=\"attachment-full size-full wp-image-19638\" alt=\"P\u0159esn\u00e9 mikro n\u00e1stroje\" srcset=\"https:\/\/www.worldia-tools.com\/wp-content\/uploads\/2025\/11\/Precision-Micro-Tools.webp 1700w, https:\/\/www.worldia-tools.com\/wp-content\/uploads\/2025\/11\/Precision-Micro-Tools-300x138.webp 300w, https:\/\/www.worldia-tools.com\/wp-content\/uploads\/2025\/11\/Precision-Micro-Tools-1024x470.webp 1024w, https:\/\/www.worldia-tools.com\/wp-content\/uploads\/2025\/11\/Precision-Micro-Tools-768x353.webp 768w, https:\/\/www.worldia-tools.com\/wp-content\/uploads\/2025\/11\/Precision-Micro-Tools-1536x706.webp 1536w, https:\/\/www.worldia-tools.com\/wp-content\/uploads\/2025\/11\/Precision-Micro-Tools-600x276.webp 600w\" sizes=\"(max-width: 1700px) 100vw, 1700px\" \/><\/a><\/figure><div class=\"elementor-image-box-content\"><h3 class=\"elementor-image-box-title\"><a href=\"\/cs\/products-and-services\/precison-micro-tools\/\">P\u0159esn\u00e9 mikro n\u00e1stroje<\/a><\/h3><p class=\"elementor-image-box-description\">Vysoce p\u0159esn\u00e9 n\u00e1stroje pro <br>mikroobr\u00e1b\u011bn\u00ed <\/p><\/div><\/div>\t\t\t\t<\/div>\n\t\t\t\t<\/div>\n\t\t\t\t<\/div>\n\t\t\t\t\t<\/div>\n\t\t\t\t<\/div>\n\t\t<div class=\"elementor-element elementor-element-e9060b3 e-con-full e-flex e-con e-child\" data-id=\"e9060b3\" data-element_type=\"container\" data-e-type=\"container\">\n\t\t<div class=\"elementor-element elementor-element-82766cd e-con-full e-flex e-con e-child\" data-id=\"82766cd\" data-element_type=\"container\" data-e-type=\"container\">\n\t\t\t\t<div class=\"elementor-element elementor-element-861235d elementor-position-top elementor-widget elementor-widget-image-box\" data-id=\"861235d\" data-element_type=\"widget\" data-e-type=\"widget\" data-widget_type=\"image-box.default\">\n\t\t\t\t<div class=\"elementor-widget-container\">\n\t\t\t\t\t<div class=\"elementor-image-box-wrapper\"><figure class=\"elementor-image-box-img\"><a href=\"\/cs\/products-and-services\/toolholders-and-adaptors\/\" tabindex=\"-1\"><img loading=\"lazy\" decoding=\"async\" width=\"1800\" height=\"827\" src=\"https:\/\/www.worldia-tools.com\/wp-content\/uploads\/2025\/11\/Toolholders-and-Adaptors.webp\" class=\"attachment-full size-full wp-image-19639\" alt=\"Dr\u017e\u00e1ky n\u00e1stroj\u016f a adapt\u00e9ry\" srcset=\"https:\/\/www.worldia-tools.com\/wp-content\/uploads\/2025\/11\/Toolholders-and-Adaptors.webp 1800w, https:\/\/www.worldia-tools.com\/wp-content\/uploads\/2025\/11\/Toolholders-and-Adaptors-300x138.webp 300w, https:\/\/www.worldia-tools.com\/wp-content\/uploads\/2025\/11\/Toolholders-and-Adaptors-1024x470.webp 1024w, https:\/\/www.worldia-tools.com\/wp-content\/uploads\/2025\/11\/Toolholders-and-Adaptors-768x353.webp 768w, https:\/\/www.worldia-tools.com\/wp-content\/uploads\/2025\/11\/Toolholders-and-Adaptors-1536x706.webp 1536w, https:\/\/www.worldia-tools.com\/wp-content\/uploads\/2025\/11\/Toolholders-and-Adaptors-600x276.webp 600w\" sizes=\"(max-width: 1800px) 100vw, 1800px\" \/><\/a><\/figure><div class=\"elementor-image-box-content\"><h3 class=\"elementor-image-box-title\"><a href=\"\/cs\/products-and-services\/toolholders-and-adaptors\/\">Dr\u017e\u00e1ky n\u00e1stroj\u016f a adapt\u00e9ry<\/a><\/h3><p class=\"elementor-image-box-description\">P\u0159\u00edslu\u0161enstv\u00ed pro p\u0159ipojen\u00ed na\u0161ich n\u00e1stroj\u016f k va\u0161im <br>stroj<\/p><\/div><\/div>\t\t\t\t<\/div>\n\t\t\t\t<\/div>\n\t\t\t\t<\/div>\n\t\t<div class=\"elementor-element elementor-element-c1f7478 e-flex e-con-boxed e-con e-child\" data-id=\"c1f7478\" data-element_type=\"container\" data-e-type=\"container\">\n\t\t\t\t\t<div class=\"e-con-inner\">\n\t\t\t\t<div class=\"elementor-element elementor-element-0dc3669 elementor-position-top elementor-widget elementor-widget-image-box\" data-id=\"0dc3669\" data-element_type=\"widget\" data-e-type=\"widget\" data-widget_type=\"image-box.default\">\n\t\t\t\t<div class=\"elementor-widget-container\">\n\t\t\t\t\t<div class=\"elementor-image-box-wrapper\"><figure class=\"elementor-image-box-img\"><a href=\"\/cs\/products-and-services\/cutting-tool-reconditioning\/\" tabindex=\"-1\"><img loading=\"lazy\" decoding=\"async\" width=\"1700\" height=\"781\" src=\"https:\/\/www.worldia-tools.com\/wp-content\/uploads\/2025\/11\/Cutting-Tool-Reconditioning.webp\" class=\"attachment-full size-full wp-image-19640\" alt=\"Rekondiciov\u00e1n\u00ed \u0159ezac\u00edho n\u00e1stroje\" srcset=\"https:\/\/www.worldia-tools.com\/wp-content\/uploads\/2025\/11\/Cutting-Tool-Reconditioning.webp 1700w, https:\/\/www.worldia-tools.com\/wp-content\/uploads\/2025\/11\/Cutting-Tool-Reconditioning-300x138.webp 300w, https:\/\/www.worldia-tools.com\/wp-content\/uploads\/2025\/11\/Cutting-Tool-Reconditioning-1024x470.webp 1024w, https:\/\/www.worldia-tools.com\/wp-content\/uploads\/2025\/11\/Cutting-Tool-Reconditioning-768x353.webp 768w, https:\/\/www.worldia-tools.com\/wp-content\/uploads\/2025\/11\/Cutting-Tool-Reconditioning-1536x706.webp 1536w, https:\/\/www.worldia-tools.com\/wp-content\/uploads\/2025\/11\/Cutting-Tool-Reconditioning-600x276.webp 600w\" sizes=\"(max-width: 1700px) 100vw, 1700px\" \/><\/a><\/figure><div class=\"elementor-image-box-content\"><h3 class=\"elementor-image-box-title\"><a href=\"\/cs\/products-and-services\/cutting-tool-reconditioning\/\">Rekondiciov\u00e1n\u00ed \u0159ezac\u00edho n\u00e1stroje<\/a><\/h3><p class=\"elementor-image-box-description\">Regrinding a retyping  <br> slu\u017eby<\/p><\/div><\/div>\t\t\t\t<\/div>\n\t\t\t\t<\/div>\n\t\t\t\t\t<\/div>\n\t\t\t\t<\/div>\n\t\t<div class=\"elementor-element elementor-element-2a9541c e-con-full e-flex e-con e-child\" data-id=\"2a9541c\" data-element_type=\"container\" data-e-type=\"container\">\n\t\t\t\t<div class=\"elementor-element elementor-element-b7f3132 elementor-position-top elementor-widget elementor-widget-image-box\" data-id=\"b7f3132\" data-element_type=\"widget\" data-e-type=\"widget\" data-widget_type=\"image-box.default\">\n\t\t\t\t<div class=\"elementor-widget-container\">\n\t\t\t\t\t<div class=\"elementor-image-box-wrapper\"><figure class=\"elementor-image-box-img\"><a href=\"\/cs\/products-and-services\/lab-diamond-functional-materials\/\" tabindex=\"-1\"><img loading=\"lazy\" decoding=\"async\" width=\"2000\" height=\"919\" src=\"https:\/\/www.worldia-tools.com\/wp-content\/uploads\/2025\/11\/Lab-Diamond-Functional-Materials.webp\" class=\"attachment-full size-full wp-image-19641\" alt=\"Lab Diamond funk\u010dn\u00ed materi\u00e1ly\" srcset=\"https:\/\/www.worldia-tools.com\/wp-content\/uploads\/2025\/11\/Lab-Diamond-Functional-Materials.webp 2000w, https:\/\/www.worldia-tools.com\/wp-content\/uploads\/2025\/11\/Lab-Diamond-Functional-Materials-300x138.webp 300w, https:\/\/www.worldia-tools.com\/wp-content\/uploads\/2025\/11\/Lab-Diamond-Functional-Materials-1024x471.webp 1024w, https:\/\/www.worldia-tools.com\/wp-content\/uploads\/2025\/11\/Lab-Diamond-Functional-Materials-768x353.webp 768w, https:\/\/www.worldia-tools.com\/wp-content\/uploads\/2025\/11\/Lab-Diamond-Functional-Materials-1536x706.webp 1536w, https:\/\/www.worldia-tools.com\/wp-content\/uploads\/2025\/11\/Lab-Diamond-Functional-Materials-600x276.webp 600w\" sizes=\"(max-width: 2000px) 100vw, 2000px\" \/><\/a><\/figure><div class=\"elementor-image-box-content\"><h3 class=\"elementor-image-box-title\"><a href=\"\/cs\/products-and-services\/lab-diamond-functional-materials\/\">Lab Diamond funk\u010dn\u00ed materi\u00e1ly<\/a><\/h3><p class=\"elementor-image-box-description\">Blanky ze syntetick\u00e9ho diamantu; diamantov\u00e9 chladi\u010de,   <br> tweeter kupoly a pr\u00e1zdn\u00e9 matky<\/p><\/div><\/div>\t\t\t\t<\/div>\n\t\t\t\t<\/div>\n\t\t\t\t<\/div>\n\t\t\t\t<\/div>\n\t\t\t\t\t<\/div>\n\t\t\t\t<\/div>\n\t\t\t\t<\/div>\n\t\t\t\t<\/div>\n\t\t\t\t\t\t<\/div>\n\t\t\t\t<\/div>\n\t\t\t\t\t<\/div>\n\t\t\t\t<\/div>\n\t\t<div class=\"elementor-element elementor-element-afde3d8 e-con-full e-flex e-con e-parent\" data-id=\"afde3d8\" data-element_type=\"container\" data-e-type=\"container\" data-settings=\"{&quot;background_background&quot;:&quot;classic&quot;}\">\n\t\t\t\t<\/div>\n\t\t\t\t<\/div>","protected":false},"excerpt":{"rendered":"<p>Products &amp; Services In the ever-evolving manufacturing industry, we are committed to advancing our products and services to meet your needs. We are dedicated to providing cutting tools and solutions that align with your company\u2019s ambitions, growing and evolving alongside you. With a strong focus on precision and innovation, we specialize in the development of [&hellip;]<\/p>\n","protected":false},"author":1,"featured_media":0,"parent":0,"menu_order":0,"comment_status":"closed","ping_status":"closed","template":"elementor_header_footer","meta":{"footnotes":""},"class_list":["post-22","page","type-page","status-publish","hentry"],"_links":{"self":[{"href":"https:\/\/www.worldia-tools.com\/cs\/wp-json\/wp\/v2\/pages\/22","targetHints":{"allow":["GET"]}}],"collection":[{"href":"https:\/\/www.worldia-tools.com\/cs\/wp-json\/wp\/v2\/pages"}],"about":[{"href":"https:\/\/www.worldia-tools.com\/cs\/wp-json\/wp\/v2\/types\/page"}],"author":[{"embeddable":true,"href":"https:\/\/www.worldia-tools.com\/cs\/wp-json\/wp\/v2\/users\/1"}],"replies":[{"embeddable":true,"href":"https:\/\/www.worldia-tools.com\/cs\/wp-json\/wp\/v2\/comments?post=22"}],"version-history":[{"count":89,"href":"https:\/\/www.worldia-tools.com\/cs\/wp-json\/wp\/v2\/pages\/22\/revisions"}],"predecessor-version":[{"id":20092,"href":"https:\/\/www.worldia-tools.com\/cs\/wp-json\/wp\/v2\/pages\/22\/revisions\/20092"}],"wp:attachment":[{"href":"https:\/\/www.worldia-tools.com\/cs\/wp-json\/wp\/v2\/media?parent=22"}],"curies":[{"name":"WP","href":"https:\/\/api.w.org\/{rel}","templated":true}]}}