{"id":3127,"date":"2024-03-28T11:05:21","date_gmt":"2024-03-28T03:05:21","guid":{"rendered":"https:\/\/www.worldia-tools.com\/?page_id=3127"},"modified":"2025-11-17T14:39:40","modified_gmt":"2025-11-17T06:39:40","slug":"download","status":"publish","type":"page","link":"https:\/\/www.worldia-tools.com\/cs\/download\/","title":{"rendered":"St\u00e1hnout"},"content":{"rendered":"<div data-elementor-type=\"wp-page\" data-elementor-id=\"3127\" class=\"elementor elementor-3127\" data-elementor-post-type=\"page\">\n\t\t\t\t<div class=\"elementor-element elementor-element-794e245 e-con-full e-flex e-con e-parent\" data-id=\"794e245\" data-element_type=\"container\" data-e-type=\"container\">\n\t\t\t\t<div class=\"elementor-element elementor-element-259fdbc elementor-widget elementor-widget-image\" data-id=\"259fdbc\" data-element_type=\"widget\" data-e-type=\"widget\" data-widget_type=\"image.default\">\n\t\t\t\t<div class=\"elementor-widget-container\">\n\t\t\t\t\t\t\t\t\t\t\t\t\t\t\t<img fetchpriority=\"high\" decoding=\"async\" width=\"1920\" height=\"300\" src=\"https:\/\/www.worldia-tools.com\/wp-content\/uploads\/2025\/11\/Download-banner.jpg\" class=\"attachment-full size-full wp-image-19098\" alt=\"St\u00e1hnout banner\" srcset=\"https:\/\/www.worldia-tools.com\/wp-content\/uploads\/2025\/11\/Download-banner.jpg 1920w, https:\/\/www.worldia-tools.com\/wp-content\/uploads\/2025\/11\/Download-banner-300x47.jpg 300w, https:\/\/www.worldia-tools.com\/wp-content\/uploads\/2025\/11\/Download-banner-1024x160.jpg 1024w, https:\/\/www.worldia-tools.com\/wp-content\/uploads\/2025\/11\/Download-banner-768x120.jpg 768w, https:\/\/www.worldia-tools.com\/wp-content\/uploads\/2025\/11\/Download-banner-1536x240.jpg 1536w, https:\/\/www.worldia-tools.com\/wp-content\/uploads\/2025\/11\/Download-banner-600x94.jpg 600w\" sizes=\"(max-width: 1920px) 100vw, 1920px\" \/>\t\t\t\t\t\t\t\t\t\t\t\t\t\t\t<\/div>\n\t\t\t\t<\/div>\n\t\t\t\t<\/div>\n\t\t\t\t<section class=\"elementor-section elementor-top-section elementor-element elementor-element-886a6b8 elementor-section-boxed elementor-section-height-default elementor-section-height-default\" data-id=\"886a6b8\" data-element_type=\"section\" data-e-type=\"section\">\n\t\t\t\t\t\t<div class=\"elementor-container elementor-column-gap-default\">\n\t\t\t\t\t<div class=\"elementor-column elementor-col-100 elementor-top-column elementor-element elementor-element-e5c2af9\" data-id=\"e5c2af9\" data-element_type=\"column\" data-e-type=\"column\">\n\t\t\t<div class=\"elementor-widget-wrap elementor-element-populated\">\n\t\t\t\t\t\t<div class=\"elementor-element elementor-element-1aa494e elementor-widget elementor-widget-woocommerce-breadcrumb\" data-id=\"1aa494e\" data-element_type=\"widget\" data-e-type=\"widget\" data-widget_type=\"woocommerce-breadcrumb.default\">\n\t\t\t\t<div class=\"elementor-widget-container\">\n\t\t\t\t\t<nav class=\"woocommerce-breadcrumb\" aria-label=\"Breadcrumb\" data-no-translation=\"\" data-trp-gettext=\"\">Dom\u016f<\/nav>\t\t\t\t<\/div>\n\t\t\t\t<\/div>\n\t\t\t\t\t<\/div>\n\t\t<\/div>\n\t\t\t\t\t<\/div>\n\t\t<\/section>\n\t\t<div class=\"elementor-element elementor-element-51a160e e-flex e-con-boxed e-con e-parent\" data-id=\"51a160e\" data-element_type=\"container\" data-e-type=\"container\">\n\t\t\t\t\t<div class=\"e-con-inner\">\n\t\t\t\t<div class=\"elementor-element elementor-element-7e4d628 elementor-widget elementor-widget-heading\" data-id=\"7e4d628\" data-element_type=\"widget\" data-e-type=\"widget\" data-widget_type=\"heading.default\">\n\t\t\t\t<div class=\"elementor-widget-container\">\n\t\t\t\t\t<h1 class=\"elementor-heading-title elementor-size-default\">St\u00e1hnout<\/h1>\t\t\t\t<\/div>\n\t\t\t\t<\/div>\n\t\t\t\t\t<\/div>\n\t\t\t\t<\/div>\n\t\t<div class=\"elementor-element elementor-element-81bc796 e-flex e-con-boxed e-con e-parent\" data-id=\"81bc796\" data-element_type=\"container\" data-e-type=\"container\">\n\t\t\t\t\t<div class=\"e-con-inner\">\n\t\t<div class=\"elementor-element elementor-element-7708ff9 e-con-full e-flex e-con e-child\" data-id=\"7708ff9\" data-element_type=\"container\" data-e-type=\"container\">\n\t\t\t\t<div class=\"elementor-element elementor-element-47f6ade elementor-widget elementor-widget-image\" data-id=\"47f6ade\" data-element_type=\"widget\" data-e-type=\"widget\" data-widget_type=\"image.default\">\n\t\t\t\t<div class=\"elementor-widget-container\">\n\t\t\t\t\t\t\t\t\t\t\t\t\t\t\t\t<a href=\"\/cs\/download-superhard-cutting-tools\/\">\n\t\t\t\t\t\t\t<img decoding=\"async\" width=\"600\" height=\"600\" src=\"https:\/\/www.worldia-tools.com\/wp-content\/uploads\/2025\/09\/032.jpg\" class=\"elementor-animation-sink attachment-full size-full wp-image-17719\" alt=\"Supertvrd\u00e9 \u0159ezac\u00ed n\u00e1stroje\" srcset=\"https:\/\/www.worldia-tools.com\/wp-content\/uploads\/2025\/09\/032.jpg 600w, https:\/\/www.worldia-tools.com\/wp-content\/uploads\/2025\/09\/032-300x300.jpg 300w, https:\/\/www.worldia-tools.com\/wp-content\/uploads\/2025\/09\/032-150x150.jpg 150w, https:\/\/www.worldia-tools.com\/wp-content\/uploads\/2025\/09\/032-100x100.jpg 100w\" sizes=\"(max-width: 600px) 100vw, 600px\" \/>\t\t\t\t\t\t\t\t<\/a>\n\t\t\t\t\t\t\t\t\t\t\t\t\t\t\t<\/div>\n\t\t\t\t<\/div>\n\t\t<div class=\"elementor-element elementor-element-24522c7 e-flex e-con-boxed e-con e-child\" data-id=\"24522c7\" data-element_type=\"container\" data-e-type=\"container\">\n\t\t\t\t\t<div class=\"e-con-inner\">\n\t\t<div class=\"elementor-element elementor-element-dca0fdb e-con-full e-flex e-con e-child\" data-id=\"dca0fdb\" data-element_type=\"container\" data-e-type=\"container\">\n\t\t\t\t<div class=\"elementor-element elementor-element-e85e1fa elementor-view-default elementor-widget elementor-widget-icon\" data-id=\"e85e1fa\" data-element_type=\"widget\" data-e-type=\"widget\" data-widget_type=\"icon.default\">\n\t\t\t\t<div class=\"elementor-widget-container\">\n\t\t\t\t\t\t\t<div class=\"elementor-icon-wrapper\">\n\t\t\t<a class=\"elementor-icon\" href=\"\/cs\/download-superhard-cutting-tools\/\">\n\t\t\t<svg xmlns=\"http:\/\/www.w3.org\/2000\/svg\" xmlns:xlink=\"http:\/\/www.w3.org\/1999\/xlink\" class=\"icon\" viewbox=\"0 0 1024 1024\" width=\"200\" height=\"200\"><path d=\"M330.29984 95.392c0-11.744 14.912-22.048 32-22.048H687.61184c17.024 0 32 10.304 32 22.048v504.544h0.64c0 17.312 14.08 31.36 31.36 31.36v0.64h120.384l-345.696 236-345.76-236h117.76v-0.672a31.328 31.328 0 0 0 31.328-31.328h0.64V95.392z m-270.72 529.952l-0.704 1.024 449.376 306.72 0.672-1.024a30.464 30.464 0 0 0 17.376 5.952 30.464 30.464 0 0 0 17.312-5.952l0.736 1.024 449.28-306.72-0.64-1.024a30.848 30.848 0 0 0 13.984-25.408 31.36 31.36 0 0 0-31.36-31.328v-0.672h-192V95.392c0-47.456-43.072-86.048-96-86.048H362.29984c-52.928 0-96 38.592-96 86.048v472.544H76.95584v0.672a31.36 31.36 0 0 0-31.36 31.328c0 10.752 5.76 19.744 14.016 25.408zM76.95584 1014.016v0.64H975.61184v-0.64a31.36 31.36 0 1 0 0-62.656v-0.672H76.92384v0.64a31.328 31.328 0 1 0 0 62.688\" fill=\"#2F91FF\"><\/path><\/svg>\t\t\t<\/a>\n\t\t<\/div>\n\t\t\t\t\t\t<\/div>\n\t\t\t\t<\/div>\n\t\t\t\t<div class=\"elementor-element elementor-element-037a91f elementor-widget elementor-widget-heading\" data-id=\"037a91f\" data-element_type=\"widget\" data-e-type=\"widget\" data-widget_type=\"heading.default\">\n\t\t\t\t<div class=\"elementor-widget-container\">\n\t\t\t\t\t<h2 class=\"elementor-heading-title elementor-size-default\"><a href=\"\/cs\/download-superhard-cutting-tools\/\">Supertvrd\u00e9 \u0159ezac\u00ed n\u00e1stroje<\/a><\/h2>\t\t\t\t<\/div>\n\t\t\t\t<\/div>\n\t\t\t\t<\/div>\n\t\t\t\t\t<\/div>\n\t\t\t\t<\/div>\n\t\t\t\t<\/div>\n\t\t<div class=\"elementor-element elementor-element-85a4740 e-con-full e-flex e-con e-child\" data-id=\"85a4740\" data-element_type=\"container\" data-e-type=\"container\">\n\t\t\t\t<div class=\"elementor-element elementor-element-5517c0a elementor-widget elementor-widget-image\" data-id=\"5517c0a\" data-element_type=\"widget\" data-e-type=\"widget\" data-widget_type=\"image.default\">\n\t\t\t\t<div class=\"elementor-widget-container\">\n\t\t\t\t\t\t\t\t\t\t\t\t\t\t\t\t<a href=\"\/cs\/download-carbide-tools\/\">\n\t\t\t\t\t\t\t<img decoding=\"async\" width=\"600\" height=\"600\" src=\"https:\/\/www.worldia-tools.com\/wp-content\/uploads\/2024\/09\/Download-woerde3.jpg\" class=\"elementor-animation-sink attachment-full size-full wp-image-8122\" alt=\"Karbidov\u00e9 n\u00e1stroje\" srcset=\"https:\/\/www.worldia-tools.com\/wp-content\/uploads\/2024\/09\/Download-woerde3.jpg 600w, https:\/\/www.worldia-tools.com\/wp-content\/uploads\/2024\/09\/Download-woerde3-300x300.jpg 300w, https:\/\/www.worldia-tools.com\/wp-content\/uploads\/2024\/09\/Download-woerde3-150x150.jpg 150w, https:\/\/www.worldia-tools.com\/wp-content\/uploads\/2024\/09\/Download-woerde3-100x100.jpg 100w\" sizes=\"(max-width: 600px) 100vw, 600px\" \/>\t\t\t\t\t\t\t\t<\/a>\n\t\t\t\t\t\t\t\t\t\t\t\t\t\t\t<\/div>\n\t\t\t\t<\/div>\n\t\t<div class=\"elementor-element elementor-element-b3d3220 e-flex e-con-boxed e-con e-child\" data-id=\"b3d3220\" data-element_type=\"container\" data-e-type=\"container\">\n\t\t\t\t\t<div class=\"e-con-inner\">\n\t\t<div class=\"elementor-element elementor-element-7a74b56 e-con-full e-flex e-con e-child\" data-id=\"7a74b56\" data-element_type=\"container\" data-e-type=\"container\">\n\t\t\t\t<div class=\"elementor-element elementor-element-5f6ff67 elementor-view-default elementor-widget elementor-widget-icon\" data-id=\"5f6ff67\" data-element_type=\"widget\" data-e-type=\"widget\" data-widget_type=\"icon.default\">\n\t\t\t\t<div class=\"elementor-widget-container\">\n\t\t\t\t\t\t\t<div class=\"elementor-icon-wrapper\">\n\t\t\t<a class=\"elementor-icon\" href=\"\/cs\/download-carbide-tools\/\">\n\t\t\t<svg xmlns=\"http:\/\/www.w3.org\/2000\/svg\" xmlns:xlink=\"http:\/\/www.w3.org\/1999\/xlink\" class=\"icon\" viewbox=\"0 0 1024 1024\" width=\"200\" height=\"200\"><path d=\"M330.29984 95.392c0-11.744 14.912-22.048 32-22.048H687.61184c17.024 0 32 10.304 32 22.048v504.544h0.64c0 17.312 14.08 31.36 31.36 31.36v0.64h120.384l-345.696 236-345.76-236h117.76v-0.672a31.328 31.328 0 0 0 31.328-31.328h0.64V95.392z m-270.72 529.952l-0.704 1.024 449.376 306.72 0.672-1.024a30.464 30.464 0 0 0 17.376 5.952 30.464 30.464 0 0 0 17.312-5.952l0.736 1.024 449.28-306.72-0.64-1.024a30.848 30.848 0 0 0 13.984-25.408 31.36 31.36 0 0 0-31.36-31.328v-0.672h-192V95.392c0-47.456-43.072-86.048-96-86.048H362.29984c-52.928 0-96 38.592-96 86.048v472.544H76.95584v0.672a31.36 31.36 0 0 0-31.36 31.328c0 10.752 5.76 19.744 14.016 25.408zM76.95584 1014.016v0.64H975.61184v-0.64a31.36 31.36 0 1 0 0-62.656v-0.672H76.92384v0.64a31.328 31.328 0 1 0 0 62.688\" fill=\"#2F91FF\"><\/path><\/svg>\t\t\t<\/a>\n\t\t<\/div>\n\t\t\t\t\t\t<\/div>\n\t\t\t\t<\/div>\n\t\t\t\t<div class=\"elementor-element elementor-element-7627466 elementor-widget elementor-widget-heading\" data-id=\"7627466\" data-element_type=\"widget\" data-e-type=\"widget\" data-widget_type=\"heading.default\">\n\t\t\t\t<div class=\"elementor-widget-container\">\n\t\t\t\t\t<h2 class=\"elementor-heading-title elementor-size-default\"><a href=\"\/cs\/download-carbide-tools\/\">Karbidov\u00e9 n\u00e1stroje<\/a><\/h2>\t\t\t\t<\/div>\n\t\t\t\t<\/div>\n\t\t\t\t<\/div>\n\t\t\t\t\t<\/div>\n\t\t\t\t<\/div>\n\t\t\t\t<\/div>\n\t\t<div class=\"elementor-element elementor-element-3b1c1a1 e-con-full e-flex e-con e-child\" data-id=\"3b1c1a1\" data-element_type=\"container\" data-e-type=\"container\">\n\t\t\t\t<div class=\"elementor-element elementor-element-f58592c elementor-widget elementor-widget-image\" data-id=\"f58592c\" data-element_type=\"widget\" data-e-type=\"widget\" data-widget_type=\"image.default\">\n\t\t\t\t<div class=\"elementor-widget-container\">\n\t\t\t\t\t\t\t\t\t\t\t\t\t\t\t\t<a href=\"\/cs\/download-lab-diamond-functional-materials\/\">\n\t\t\t\t\t\t\t<img loading=\"lazy\" decoding=\"async\" width=\"600\" height=\"600\" src=\"https:\/\/www.worldia-tools.com\/wp-content\/uploads\/2024\/09\/Download-woerde1.jpg\" class=\"elementor-animation-sink attachment-full size-full wp-image-8120\" alt=\"Lab Diamond funk\u010dn\u00ed materi\u00e1ly\" srcset=\"https:\/\/www.worldia-tools.com\/wp-content\/uploads\/2024\/09\/Download-woerde1.jpg 600w, https:\/\/www.worldia-tools.com\/wp-content\/uploads\/2024\/09\/Download-woerde1-300x300.jpg 300w, https:\/\/www.worldia-tools.com\/wp-content\/uploads\/2024\/09\/Download-woerde1-150x150.jpg 150w, https:\/\/www.worldia-tools.com\/wp-content\/uploads\/2024\/09\/Download-woerde1-100x100.jpg 100w\" sizes=\"(max-width: 600px) 100vw, 600px\" \/>\t\t\t\t\t\t\t\t<\/a>\n\t\t\t\t\t\t\t\t\t\t\t\t\t\t\t<\/div>\n\t\t\t\t<\/div>\n\t\t<div class=\"elementor-element elementor-element-ba3fa28 e-flex e-con-boxed e-con e-child\" data-id=\"ba3fa28\" data-element_type=\"container\" data-e-type=\"container\">\n\t\t\t\t\t<div class=\"e-con-inner\">\n\t\t<div class=\"elementor-element elementor-element-f519c2b e-con-full e-flex e-con e-child\" data-id=\"f519c2b\" data-element_type=\"container\" data-e-type=\"container\">\n\t\t\t\t<div class=\"elementor-element elementor-element-778015e elementor-view-default elementor-widget elementor-widget-icon\" data-id=\"778015e\" data-element_type=\"widget\" data-e-type=\"widget\" data-widget_type=\"icon.default\">\n\t\t\t\t<div class=\"elementor-widget-container\">\n\t\t\t\t\t\t\t<div class=\"elementor-icon-wrapper\">\n\t\t\t<a class=\"elementor-icon\" href=\"\/cs\/download-lab-diamond-functional-materials\/\">\n\t\t\t<svg xmlns=\"http:\/\/www.w3.org\/2000\/svg\" xmlns:xlink=\"http:\/\/www.w3.org\/1999\/xlink\" class=\"icon\" viewbox=\"0 0 1024 1024\" width=\"200\" height=\"200\"><path d=\"M330.29984 95.392c0-11.744 14.912-22.048 32-22.048H687.61184c17.024 0 32 10.304 32 22.048v504.544h0.64c0 17.312 14.08 31.36 31.36 31.36v0.64h120.384l-345.696 236-345.76-236h117.76v-0.672a31.328 31.328 0 0 0 31.328-31.328h0.64V95.392z m-270.72 529.952l-0.704 1.024 449.376 306.72 0.672-1.024a30.464 30.464 0 0 0 17.376 5.952 30.464 30.464 0 0 0 17.312-5.952l0.736 1.024 449.28-306.72-0.64-1.024a30.848 30.848 0 0 0 13.984-25.408 31.36 31.36 0 0 0-31.36-31.328v-0.672h-192V95.392c0-47.456-43.072-86.048-96-86.048H362.29984c-52.928 0-96 38.592-96 86.048v472.544H76.95584v0.672a31.36 31.36 0 0 0-31.36 31.328c0 10.752 5.76 19.744 14.016 25.408zM76.95584 1014.016v0.64H975.61184v-0.64a31.36 31.36 0 1 0 0-62.656v-0.672H76.92384v0.64a31.328 31.328 0 1 0 0 62.688\" fill=\"#2F91FF\"><\/path><\/svg>\t\t\t<\/a>\n\t\t<\/div>\n\t\t\t\t\t\t<\/div>\n\t\t\t\t<\/div>\n\t\t\t\t<div class=\"elementor-element elementor-element-9db863a elementor-widget elementor-widget-heading\" data-id=\"9db863a\" data-element_type=\"widget\" data-e-type=\"widget\" data-widget_type=\"heading.default\">\n\t\t\t\t<div class=\"elementor-widget-container\">\n\t\t\t\t\t<h2 class=\"elementor-heading-title elementor-size-default\"><a href=\"\/cs\/download-lab-diamond-functional-materials\/\">Lab Diamond funk\u010dn\u00ed materi\u00e1ly<\/a><\/h2>\t\t\t\t<\/div>\n\t\t\t\t<\/div>\n\t\t\t\t<\/div>\n\t\t\t\t\t<\/div>\n\t\t\t\t<\/div>\n\t\t\t\t<\/div>\n\t\t<div class=\"elementor-element elementor-element-b7a87ed e-con-full e-flex e-con e-child\" data-id=\"b7a87ed\" data-element_type=\"container\" data-e-type=\"container\">\n\t\t\t\t<div class=\"elementor-element elementor-element-de8cb30 elementor-widget elementor-widget-image\" data-id=\"de8cb30\" data-element_type=\"widget\" data-e-type=\"widget\" data-widget_type=\"image.default\">\n\t\t\t\t<div class=\"elementor-widget-container\">\n\t\t\t\t\t\t\t\t\t\t\t\t\t\t\t\t<a href=\"\/cs\/download-toolholders-and-adaptors\/\">\n\t\t\t\t\t\t\t<img loading=\"lazy\" decoding=\"async\" width=\"600\" height=\"600\" src=\"https:\/\/www.worldia-tools.com\/wp-content\/uploads\/2024\/09\/Download-woerde2.jpg\" class=\"elementor-animation-sink attachment-full size-full wp-image-8121\" alt=\"Dr\u017e\u00e1ky n\u00e1stroj\u016f a adapt\u00e9ry\" srcset=\"https:\/\/www.worldia-tools.com\/wp-content\/uploads\/2024\/09\/Download-woerde2.jpg 600w, https:\/\/www.worldia-tools.com\/wp-content\/uploads\/2024\/09\/Download-woerde2-300x300.jpg 300w, https:\/\/www.worldia-tools.com\/wp-content\/uploads\/2024\/09\/Download-woerde2-150x150.jpg 150w, https:\/\/www.worldia-tools.com\/wp-content\/uploads\/2024\/09\/Download-woerde2-100x100.jpg 100w\" sizes=\"(max-width: 600px) 100vw, 600px\" \/>\t\t\t\t\t\t\t\t<\/a>\n\t\t\t\t\t\t\t\t\t\t\t\t\t\t\t<\/div>\n\t\t\t\t<\/div>\n\t\t\t\t<div class=\"elementor-element elementor-element-97c51b3 elementor-view-default elementor-widget elementor-widget-icon\" data-id=\"97c51b3\" data-element_type=\"widget\" data-e-type=\"widget\" data-widget_type=\"icon.default\">\n\t\t\t\t<div class=\"elementor-widget-container\">\n\t\t\t\t\t\t\t<div class=\"elementor-icon-wrapper\">\n\t\t\t<a class=\"elementor-icon\" href=\"\/cs\/download-toolholders-and-adaptors\/\">\n\t\t\t<svg xmlns=\"http:\/\/www.w3.org\/2000\/svg\" xmlns:xlink=\"http:\/\/www.w3.org\/1999\/xlink\" class=\"icon\" viewbox=\"0 0 1024 1024\" width=\"200\" height=\"200\"><path d=\"M330.29984 95.392c0-11.744 14.912-22.048 32-22.048H687.61184c17.024 0 32 10.304 32 22.048v504.544h0.64c0 17.312 14.08 31.36 31.36 31.36v0.64h120.384l-345.696 236-345.76-236h117.76v-0.672a31.328 31.328 0 0 0 31.328-31.328h0.64V95.392z m-270.72 529.952l-0.704 1.024 449.376 306.72 0.672-1.024a30.464 30.464 0 0 0 17.376 5.952 30.464 30.464 0 0 0 17.312-5.952l0.736 1.024 449.28-306.72-0.64-1.024a30.848 30.848 0 0 0 13.984-25.408 31.36 31.36 0 0 0-31.36-31.328v-0.672h-192V95.392c0-47.456-43.072-86.048-96-86.048H362.29984c-52.928 0-96 38.592-96 86.048v472.544H76.95584v0.672a31.36 31.36 0 0 0-31.36 31.328c0 10.752 5.76 19.744 14.016 25.408zM76.95584 1014.016v0.64H975.61184v-0.64a31.36 31.36 0 1 0 0-62.656v-0.672H76.92384v0.64a31.328 31.328 0 1 0 0 62.688\" fill=\"#2F91FF\"><\/path><\/svg>\t\t\t<\/a>\n\t\t<\/div>\n\t\t\t\t\t\t<\/div>\n\t\t\t\t<\/div>\n\t\t<div class=\"elementor-element elementor-element-a2a4239 e-flex e-con-boxed e-con e-child\" data-id=\"a2a4239\" data-element_type=\"container\" data-e-type=\"container\">\n\t\t\t\t\t<div class=\"e-con-inner\">\n\t\t<div class=\"elementor-element elementor-element-6cbfea2 e-con-full e-flex e-con e-child\" data-id=\"6cbfea2\" data-element_type=\"container\" data-e-type=\"container\">\n\t\t\t\t<div class=\"elementor-element elementor-element-12f2e5b elementor-widget elementor-widget-heading\" data-id=\"12f2e5b\" data-element_type=\"widget\" data-e-type=\"widget\" data-widget_type=\"heading.default\">\n\t\t\t\t<div class=\"elementor-widget-container\">\n\t\t\t\t\t<h2 class=\"elementor-heading-title elementor-size-default\"><a href=\"\/cs\/download-toolholders-and-adaptors\/\">Dr\u017e\u00e1ky n\u00e1stroj\u016f a adapt\u00e9ry<\/a><\/h2>\t\t\t\t<\/div>\n\t\t\t\t<\/div>\n\t\t\t\t<\/div>\n\t\t\t\t\t<\/div>\n\t\t\t\t<\/div>\n\t\t\t\t<\/div>\n\t\t<div class=\"elementor-element elementor-element-2e0b65c e-con-full e-flex e-con e-child\" data-id=\"2e0b65c\" data-element_type=\"container\" data-e-type=\"container\">\n\t\t\t\t<div class=\"elementor-element elementor-element-6dfea73 elementor-widget elementor-widget-image\" data-id=\"6dfea73\" data-element_type=\"widget\" data-e-type=\"widget\" data-widget_type=\"image.default\">\n\t\t\t\t<div class=\"elementor-widget-container\">\n\t\t\t\t\t\t\t\t\t\t\t\t\t\t\t\t<a href=\"\/cs\/download-company-profile\/\">\n\t\t\t\t\t\t\t<img loading=\"lazy\" decoding=\"async\" width=\"600\" height=\"600\" src=\"https:\/\/www.worldia-tools.com\/wp-content\/uploads\/2024\/09\/Download-woerde4.jpg\" class=\"elementor-animation-sink attachment-full size-full wp-image-8119\" alt=\"Profil spole\u010dnosti\" srcset=\"https:\/\/www.worldia-tools.com\/wp-content\/uploads\/2024\/09\/Download-woerde4.jpg 600w, https:\/\/www.worldia-tools.com\/wp-content\/uploads\/2024\/09\/Download-woerde4-300x300.jpg 300w, https:\/\/www.worldia-tools.com\/wp-content\/uploads\/2024\/09\/Download-woerde4-150x150.jpg 150w, https:\/\/www.worldia-tools.com\/wp-content\/uploads\/2024\/09\/Download-woerde4-100x100.jpg 100w\" sizes=\"(max-width: 600px) 100vw, 600px\" \/>\t\t\t\t\t\t\t\t<\/a>\n\t\t\t\t\t\t\t\t\t\t\t\t\t\t\t<\/div>\n\t\t\t\t<\/div>\n\t\t\t\t<div class=\"elementor-element elementor-element-93fc7ae elementor-view-default elementor-widget elementor-widget-icon\" data-id=\"93fc7ae\" data-element_type=\"widget\" data-e-type=\"widget\" data-widget_type=\"icon.default\">\n\t\t\t\t<div class=\"elementor-widget-container\">\n\t\t\t\t\t\t\t<div class=\"elementor-icon-wrapper\">\n\t\t\t<a class=\"elementor-icon\" href=\"\/cs\/download-company-profile\/\">\n\t\t\t<svg xmlns=\"http:\/\/www.w3.org\/2000\/svg\" xmlns:xlink=\"http:\/\/www.w3.org\/1999\/xlink\" class=\"icon\" viewbox=\"0 0 1024 1024\" width=\"200\" height=\"200\"><path d=\"M330.29984 95.392c0-11.744 14.912-22.048 32-22.048H687.61184c17.024 0 32 10.304 32 22.048v504.544h0.64c0 17.312 14.08 31.36 31.36 31.36v0.64h120.384l-345.696 236-345.76-236h117.76v-0.672a31.328 31.328 0 0 0 31.328-31.328h0.64V95.392z m-270.72 529.952l-0.704 1.024 449.376 306.72 0.672-1.024a30.464 30.464 0 0 0 17.376 5.952 30.464 30.464 0 0 0 17.312-5.952l0.736 1.024 449.28-306.72-0.64-1.024a30.848 30.848 0 0 0 13.984-25.408 31.36 31.36 0 0 0-31.36-31.328v-0.672h-192V95.392c0-47.456-43.072-86.048-96-86.048H362.29984c-52.928 0-96 38.592-96 86.048v472.544H76.95584v0.672a31.36 31.36 0 0 0-31.36 31.328c0 10.752 5.76 19.744 14.016 25.408zM76.95584 1014.016v0.64H975.61184v-0.64a31.36 31.36 0 1 0 0-62.656v-0.672H76.92384v0.64a31.328 31.328 0 1 0 0 62.688\" fill=\"#2F91FF\"><\/path><\/svg>\t\t\t<\/a>\n\t\t<\/div>\n\t\t\t\t\t\t<\/div>\n\t\t\t\t<\/div>\n\t\t<div class=\"elementor-element elementor-element-bb7a85f e-flex e-con-boxed e-con e-child\" data-id=\"bb7a85f\" data-element_type=\"container\" data-e-type=\"container\">\n\t\t\t\t\t<div class=\"e-con-inner\">\n\t\t<div class=\"elementor-element elementor-element-b1956ec e-con-full e-flex e-con e-child\" data-id=\"b1956ec\" data-element_type=\"container\" data-e-type=\"container\">\n\t\t\t\t<div class=\"elementor-element elementor-element-82091b1 elementor-widget elementor-widget-heading\" data-id=\"82091b1\" data-element_type=\"widget\" data-e-type=\"widget\" data-widget_type=\"heading.default\">\n\t\t\t\t<div class=\"elementor-widget-container\">\n\t\t\t\t\t<h2 class=\"elementor-heading-title elementor-size-default\"><a href=\"\/cs\/download-company-profile\/\">Profil spole\u010dnosti<\/a><\/h2>\t\t\t\t<\/div>\n\t\t\t\t<\/div>\n\t\t\t\t<\/div>\n\t\t\t\t\t<\/div>\n\t\t\t\t<\/div>\n\t\t\t\t<\/div>\n\t\t\t\t\t<\/div>\n\t\t\t\t<\/div>\n\t\t<div class=\"elementor-element elementor-element-132055b e-con-full e-flex e-con e-parent\" data-id=\"132055b\" data-element_type=\"container\" data-e-type=\"container\" data-settings=\"{&quot;background_background&quot;:&quot;classic&quot;}\">\n\t\t\t\t<\/div>\n\t\t\t\t<\/div>","protected":false},"excerpt":{"rendered":"<p>St\u00e1hn\u011bte si Superhard \u0159ezac\u00ed n\u00e1stroje Karbidov\u00e9 n\u00e1stroje Lab Diamond Funk\u010dn\u00ed materi\u00e1ly Dr\u017e\u00e1ky a adapt\u00e9ry Profil spole\u010dnosti<\/p>","protected":false},"author":1,"featured_media":0,"parent":0,"menu_order":0,"comment_status":"closed","ping_status":"closed","template":"elementor_header_footer","meta":{"footnotes":""},"class_list":["post-3127","page","type-page","status-publish","hentry"],"_links":{"self":[{"href":"https:\/\/www.worldia-tools.com\/cs\/wp-json\/wp\/v2\/pages\/3127","targetHints":{"allow":["GET"]}}],"collection":[{"href":"https:\/\/www.worldia-tools.com\/cs\/wp-json\/wp\/v2\/pages"}],"about":[{"href":"https:\/\/www.worldia-tools.com\/cs\/wp-json\/wp\/v2\/types\/page"}],"author":[{"embeddable":true,"href":"https:\/\/www.worldia-tools.com\/cs\/wp-json\/wp\/v2\/users\/1"}],"replies":[{"embeddable":true,"href":"https:\/\/www.worldia-tools.com\/cs\/wp-json\/wp\/v2\/comments?post=3127"}],"version-history":[{"count":223,"href":"https:\/\/www.worldia-tools.com\/cs\/wp-json\/wp\/v2\/pages\/3127\/revisions"}],"predecessor-version":[{"id":19125,"href":"https:\/\/www.worldia-tools.com\/cs\/wp-json\/wp\/v2\/pages\/3127\/revisions\/19125"}],"wp:attachment":[{"href":"https:\/\/www.worldia-tools.com\/cs\/wp-json\/wp\/v2\/media?parent=3127"}],"curies":[{"name":"WP","href":"https:\/\/api.w.org\/{rel}","templated":true}]}}