{"id":7802,"date":"2024-08-30T10:12:50","date_gmt":"2024-08-30T02:12:50","guid":{"rendered":"https:\/\/www.worldia-tools.com\/?page_id=7802"},"modified":"2025-11-13T11:04:59","modified_gmt":"2025-11-13T03:04:59","slug":"asia-region-sales-engineer","status":"publish","type":"page","link":"https:\/\/www.worldia-tools.com\/cs\/career\/asia-region-sales-engineer\/","title":{"rendered":"prodejn\u00ed in\u017een\u00fdr"},"content":{"rendered":"<div data-elementor-type=\"wp-page\" data-elementor-id=\"7802\" class=\"elementor elementor-7802\" data-elementor-post-type=\"page\">\n\t\t\t\t<div class=\"elementor-element elementor-element-62021db e-con-full e-flex e-con e-parent\" data-id=\"62021db\" data-element_type=\"container\" data-e-type=\"container\">\n\t\t\t\t<div class=\"elementor-element elementor-element-aa30b1c elementor-widget elementor-widget-image\" data-id=\"aa30b1c\" data-element_type=\"widget\" data-e-type=\"widget\" data-widget_type=\"image.default\">\n\t\t\t\t<div class=\"elementor-widget-container\">\n\t\t\t\t\t\t\t\t\t\t\t\t\t\t\t<img fetchpriority=\"high\" decoding=\"async\" width=\"1920\" height=\"300\" src=\"https:\/\/www.worldia-tools.com\/wp-content\/uploads\/2024\/08\/zhaopin-banner.jpg\" class=\"attachment-full size-full wp-image-7768\" alt=\"P\u0159ipojte se k n\u00e1m banner\" srcset=\"https:\/\/www.worldia-tools.com\/wp-content\/uploads\/2024\/08\/zhaopin-banner.jpg 1920w, https:\/\/www.worldia-tools.com\/wp-content\/uploads\/2024\/08\/zhaopin-banner-300x47.jpg 300w, https:\/\/www.worldia-tools.com\/wp-content\/uploads\/2024\/08\/zhaopin-banner-1024x160.jpg 1024w, https:\/\/www.worldia-tools.com\/wp-content\/uploads\/2024\/08\/zhaopin-banner-768x120.jpg 768w, https:\/\/www.worldia-tools.com\/wp-content\/uploads\/2024\/08\/zhaopin-banner-1536x240.jpg 1536w, https:\/\/www.worldia-tools.com\/wp-content\/uploads\/2024\/08\/zhaopin-banner-600x94.jpg 600w\" sizes=\"(max-width: 1920px) 100vw, 1920px\" \/>\t\t\t\t\t\t\t\t\t\t\t\t\t\t\t<\/div>\n\t\t\t\t<\/div>\n\t\t\t\t<\/div>\n\t\t\t\t<section class=\"elementor-section elementor-top-section elementor-element elementor-element-8e1f1e2 elementor-section-boxed elementor-section-height-default elementor-section-height-default\" data-id=\"8e1f1e2\" data-element_type=\"section\" data-e-type=\"section\">\n\t\t\t\t\t\t<div class=\"elementor-container elementor-column-gap-default\">\n\t\t\t\t\t<div class=\"elementor-column elementor-col-100 elementor-top-column elementor-element elementor-element-75cfd5e\" data-id=\"75cfd5e\" data-element_type=\"column\" data-e-type=\"column\">\n\t\t\t<div class=\"elementor-widget-wrap elementor-element-populated\">\n\t\t\t\t\t\t<div class=\"elementor-element elementor-element-c0ecec7 elementor-widget elementor-widget-woocommerce-breadcrumb\" data-id=\"c0ecec7\" data-element_type=\"widget\" data-e-type=\"widget\" data-widget_type=\"woocommerce-breadcrumb.default\">\n\t\t\t\t<div class=\"elementor-widget-container\">\n\t\t\t\t\t<nav class=\"woocommerce-breadcrumb\" aria-label=\"Breadcrumb\" data-no-translation=\"\" data-trp-gettext=\"\">Dom\u016f<\/nav>\t\t\t\t<\/div>\n\t\t\t\t<\/div>\n\t\t\t\t\t<\/div>\n\t\t<\/div>\n\t\t\t\t\t<\/div>\n\t\t<\/section>\n\t\t<div class=\"elementor-element elementor-element-731df06 e-flex e-con-boxed e-con e-parent\" data-id=\"731df06\" data-element_type=\"container\" data-e-type=\"container\">\n\t\t\t\t\t<div class=\"e-con-inner\">\n\t\t\t\t<div class=\"elementor-element elementor-element-219dc8b elementor-widget elementor-widget-heading\" data-id=\"219dc8b\" data-element_type=\"widget\" data-e-type=\"widget\" data-widget_type=\"heading.default\">\n\t\t\t\t<div class=\"elementor-widget-container\">\n\t\t\t\t\t<h1 class=\"elementor-heading-title elementor-size-default\"> N\u00e1zev pr\u00e1ce: N\u00e1strojov\u00fd prodejn\u00ed in\u017een\u00fdr (\u0161pan\u011bl\u0161tina, n\u011bm\u010dina, japon\u0161tina)\n<\/h1>\t\t\t\t<\/div>\n\t\t\t\t<\/div>\n\t\t<div class=\"elementor-element elementor-element-43ab33b e-con-full e-flex e-con e-child\" data-id=\"43ab33b\" data-element_type=\"container\" data-e-type=\"container\">\n\t\t\t\t<div class=\"elementor-element elementor-element-d21adf3 elementor-widget elementor-widget-text-editor\" data-id=\"d21adf3\" data-element_type=\"widget\" data-e-type=\"widget\" data-widget_type=\"text-editor.default\">\n\t\t\t\t<div class=\"elementor-widget-container\">\n\t\t\t\t\t\t\t\t\t<p style=\"text-align: left;\">Beijing Worldia Diamond Tools Co., Ltd je p\u0159edn\u00edm poskytovatelem vysoce kvalitn\u00edch \u0159ezac\u00edch n\u00e1stroj\u016f a \u0159e\u0161en\u00ed pro r\u016fzn\u00e1 pr\u016fmyslov\u00e1 odv\u011btv\u00ed. V sou\u010dasn\u00e9 dob\u011b hled\u00e1me motivovan\u00e9ho a zku\u0161en\u00e9ho prodejn\u00edho in\u017een\u00fdra n\u00e1stroj\u016f, aby se p\u0159ipojil k na\u0161emu rostouc\u00edmu t\u00fdmu v Indii. Ide\u00e1ln\u00ed kandid\u00e1t by m\u011bl m\u00edt vynikaj\u00edc\u00ed technick\u00e9 znalosti, siln\u00e9 prodejn\u00ed dovednosti a schopnost budovat dlouhodob\u00e9 vztahy se z\u00e1kazn\u00edky.<\/p><p>Pokud hled\u00e1te pracovn\u00ed p\u0159\u00edle\u017eitosti, p\u0159ij\u010fte se k n\u00e1m p\u0159ipojit!<strong><b> \u00a0<\/b><\/strong><\/p><p><strong><b>N\u00e1zev pracovn\u00edho m\u00edsta: <\/b><\/strong><strong><b>In\u017een\u00fdr pro prodej n\u00e1stroj\u016f (\u0161pan\u011bl\u0161tina, n\u011bm\u010dina, japon\u0161tina)<\/b><\/strong><\/p><p><strong><b>Um\u00edst\u011bn\u00ed:<\/b><\/strong><strong><b>\u00a0Langfang, \u010c\u00edna<\/b><\/strong><\/p><p><strong><b>Kl\u00ed\u010dov\u00e9 povinnosti:<\/b><\/strong><\/p><ol><li>Odpov\u011bdn\u00fd za zahrani\u010dn\u00ed prodej v\u00fdrobk\u016f n\u00e1stroj\u016f PCD \/ PCBN;<\/li><li>Nez\u00e1visl\u011b rozv\u00edjet z\u00e1kazn\u00edky prost\u0159ednictv\u00edm kan\u00e1l\u016f, jako jsou Alibaba, B2B a Google, a rychle zpracov\u00e1vat a reagovat na dotazy z\u00e1kazn\u00edk\u016f;<\/li><li>Vyu\u017eijte sv\u00e9 vlastn\u00ed komunika\u010dn\u00ed dovednosti k komunikaci se z\u00e1kazn\u00edky e-mailem nebo telefonem k usnadn\u011bn\u00ed transakc\u00ed;<\/li><li>sledovat pou\u017e\u00edv\u00e1n\u00ed produktu a udr\u017eovat dobr\u00e9 vztahy se z\u00e1kazn\u00edky;<\/li><li>Shroma\u017e\u010fovat a organizovat informace souvisej\u00edc\u00ed s pr\u016fmyslem pro podporu a propagov\u00e1n\u00ed spole\u010dnosti&#8217; s v\u00fdrobky.<\/li><\/ol><p><strong><b>Po\u017eadavky:<\/b><\/strong><\/p><ol><li>Bakal\u00e1\u0159sk\u00fd titul nebo vy\u0161\u0161\u00ed, se specializac\u00ed v mezin\u00e1rodn\u00edm obchod\u011b a stroj\u00edrenstv\u00ed je preferov\u00e1n; Znalost v\u00fdrobk\u016f mechanick\u00fdch n\u00e1stroj\u016f, jako jsou typy n\u00e1stroj\u016f, materi\u00e1ly, v\u00fdkon, sc\u00e9n\u00e1\u0159e aplikac\u00ed atd.;<\/li><li>Maj\u00ed vynikaj\u00edc\u00ed anglick\u00e9 poslouch\u00e1n\u00ed, mluven\u00ed, \u010dten\u00ed a psan\u00ed dovednost\u00ed, b\u00fdt schopni plynule komunikovat s zahrani\u010dn\u00edmi z\u00e1kazn\u00edky, zpracov\u00e1vat anglick\u00e9 obchodn\u00ed e-maily atd., zvl\u00e1dnout druh\u00fd ciz\u00ed jazyk, jako je \u0161pan\u011bl\u0161tina, n\u011bm\u010dina, japon\u0161tina atd., a maj\u00ed ur\u010dit\u00e9 komunika\u010dn\u00ed dovednosti;<\/li><li>Znalost kancel\u00e1\u0159sk\u00e9ho softwaru, jako je Word, Excel, PowerPoint atd., a schopnost vytv\u00e1\u0159et profesion\u00e1ln\u00ed obchodn\u00ed dokumenty a zpr\u00e1vy o prodeji. Z\u00e1rove\u0148 zvl\u00e1dnout provoz softwaru a platforem souvisej\u00edc\u00edch s mezin\u00e1rodn\u00edm obchodem, jako je mezin\u00e1rodn\u00ed stanice Alibaba, syst\u00e9m celn\u00edho prohl\u00e1\u0161en\u00ed atd.;<\/li><li>Preferov\u00e1ni jsou ti, kte\u0159\u00ed maj\u00ed v\u00edce ne\u017e 1 rok zku\u0161enost\u00ed s prodejem v pr\u016fmyslu strojn\u00edch n\u00e1stroj\u016f nebo zku\u0161enosti s rozvojem mezin\u00e1rodn\u00edho podnik\u00e1n\u00ed, a ti, kte\u0159\u00ed maj\u00ed ur\u010dit\u00e9 zdroje z\u00e1kazn\u00edk\u016f a prodejn\u00ed kan\u00e1ly, jsou je\u0161t\u011b lep\u0161\u00ed.<\/li><li>M\u00edt siln\u00e9 schopnosti rozvoje trhu a rozvoje z\u00e1kazn\u00edk\u016f, b\u00fdt schopni aktivn\u011b hledat potenci\u00e1ln\u00ed z\u00e1kazn\u00edky, vytv\u00e1\u0159et a udr\u017eovat dobr\u00e9 vztahy se z\u00e1kazn\u00edky.<\/li><li>M\u00edt dobr\u00e9 komunika\u010dn\u00ed a koordina\u010dn\u00ed dovednosti a t\u00fdmov\u00e9ho ducha, a b\u00fdt schopen \u00fazce spolupracovat se spole\u010dnost\u00ed&#8217; s intern\u00edmi v\u00fdrobn\u00edmi, technologick\u00fdmi, logistick\u00fdmi a dal\u0161\u00edmi odd\u011blen\u00edmi pro zaji\u0161t\u011bn\u00ed hladk\u00e9ho pln\u011bn\u00ed objedn\u00e1vek.<\/li><li>Mezin\u00e1rodn\u00ed obchod zahrnuje r\u016fzn\u00e9 kultury a \u010dasov\u00e9 p\u00e1sma, kter\u00e9 vy\u017eaduj\u00ed, aby prakti\u010dt\u00ed pracovn\u00edci m\u011bli dobrou p\u0159izp\u016fsobivost a odolnost v\u016f\u010di stresu a byli schopni udr\u017eet dobr\u00fd pracovn\u00ed stav p\u0159i vysok\u00e9 intenzit\u011b pracovn\u00edho rytmu.<\/li><\/ol><p><strong><b>Co nab\u00edz\u00edme<\/b><\/strong>:<\/p><ol><li>Konkuren\u010dn\u00ed platov\u00fd bal\u00ed\u010dek zalo\u017een\u00fd na zku\u0161enostech a v\u00fdkonnosti.<\/li><li>P\u0159\u00edle\u017eitosti pro profesion\u00e1ln\u00ed r\u016fst a kari\u00e9rn\u00ed pokrok v r\u00e1mci organizace.<\/li><li>Positiv\u00e9 a dynamick\u00e9 pracovn\u00ed prost\u0159ed\u00ed se zam\u011b\u0159en\u00edm na spokojenost zam\u011bstnanc\u016f a rovnov\u00e1hu mezi pracovn\u00edm a osobn\u00edm \u017eivotem.<\/li><\/ol><p><strong><b>P\u0159ihl\u00e1sit se<\/b><\/strong>:<\/p><p>\u00a0 \u00a0 \u00a0 \u00a0Pokud se domn\u00edv\u00e1te, \u017ee m\u00e1te pot\u0159ebn\u00e9 dovednosti a zku\u0161enosti, abyste v t\u00e9to roli excelovali, p\u0159edlo\u017ete pros\u00edm sv\u016fj \u017eivotopis spolu s motivn\u00edm dopisem s podrobnostmi o va\u0161ich relevantn\u00edch zku\u0161enostech a kvalifikac\u00edch. P\u0159ihl\u00e1sit se m\u016f\u017eete p\u0159\u00edmo prost\u0159ednictv\u00edm na\u0161ich webov\u00fdch str\u00e1nek nebo poslat svou \u017e\u00e1dost na<u>\u00a0<\/u><strong><b>jxhr@worldiatools.com.<\/b><\/strong><\/p><p>\u00a0 \u00a0 \u00a0 \u00a0Jsme zam\u011bstnavatelem rovn\u00fdch p\u0159\u00edle\u017eitost\u00ed a v\u00edt\u00e1me \u017e\u00e1dosti od v\u0161ech kvalifikovan\u00fdch kandid\u00e1t\u016f.<\/p>\t\t\t\t\t\t\t\t<\/div>\n\t\t\t\t<\/div>\n\t\t\t\t<\/div>\n\t\t\t\t\t<\/div>\n\t\t\t\t<\/div>\n\t\t<div class=\"elementor-element elementor-element-6d1d1b3 e-con-full e-flex e-con e-parent\" data-id=\"6d1d1b3\" data-element_type=\"container\" data-e-type=\"container\" data-settings=\"{&quot;background_background&quot;:&quot;classic&quot;}\">\n\t\t\t\t<\/div>\n\t\t\t\t<\/div>","protected":false},"excerpt":{"rendered":"<p>Job Title: Tool Sales Engineer (Spanish, German, Japanese) Beijing Worldia Diamond Tools Co., Ltd is a leading provider of high-quality cutting tools and solutions for various industries. We are currently seeking a motivated and experienced tool sales engineer to join our growing team in India. The ideal candidate should possess excellent technical knowledge, strong sales [&hellip;]<\/p>\n","protected":false},"author":1,"featured_media":0,"parent":779,"menu_order":0,"comment_status":"closed","ping_status":"closed","template":"elementor_header_footer","meta":{"footnotes":""},"class_list":["post-7802","page","type-page","status-publish","hentry"],"_links":{"self":[{"href":"https:\/\/www.worldia-tools.com\/cs\/wp-json\/wp\/v2\/pages\/7802","targetHints":{"allow":["GET"]}}],"collection":[{"href":"https:\/\/www.worldia-tools.com\/cs\/wp-json\/wp\/v2\/pages"}],"about":[{"href":"https:\/\/www.worldia-tools.com\/cs\/wp-json\/wp\/v2\/types\/page"}],"author":[{"embeddable":true,"href":"https:\/\/www.worldia-tools.com\/cs\/wp-json\/wp\/v2\/users\/1"}],"replies":[{"embeddable":true,"href":"https:\/\/www.worldia-tools.com\/cs\/wp-json\/wp\/v2\/comments?post=7802"}],"version-history":[{"count":87,"href":"https:\/\/www.worldia-tools.com\/cs\/wp-json\/wp\/v2\/pages\/7802\/revisions"}],"predecessor-version":[{"id":18664,"href":"https:\/\/www.worldia-tools.com\/cs\/wp-json\/wp\/v2\/pages\/7802\/revisions\/18664"}],"up":[{"embeddable":true,"href":"https:\/\/www.worldia-tools.com\/cs\/wp-json\/wp\/v2\/pages\/779"}],"wp:attachment":[{"href":"https:\/\/www.worldia-tools.com\/cs\/wp-json\/wp\/v2\/media?parent=7802"}],"curies":[{"name":"WP","href":"https:\/\/api.w.org\/{rel}","templated":true}]}}