{"id":18136,"date":"2025-09-25T10:08:57","date_gmt":"2025-09-25T02:08:57","guid":{"rendered":"https:\/\/www.worldia-tools.com\/?page_id=18136"},"modified":"2025-11-13T10:51:16","modified_gmt":"2025-11-13T02:51:16","slug":"european-region","status":"publish","type":"page","link":"https:\/\/www.worldia-tools.com\/de\/career\/european-region\/","title":{"rendered":"Europ\u00e4ische Region"},"content":{"rendered":"<div data-elementor-type=\"wp-page\" data-elementor-id=\"18136\" class=\"elementor elementor-18136\" data-elementor-post-type=\"page\">\n\t\t\t\t<div class=\"elementor-element elementor-element-62021db e-con-full e-flex e-con e-parent\" data-id=\"62021db\" data-element_type=\"container\" data-e-type=\"container\">\n\t\t\t\t<div class=\"elementor-element elementor-element-aa30b1c elementor-widget elementor-widget-image\" data-id=\"aa30b1c\" data-element_type=\"widget\" data-e-type=\"widget\" data-widget_type=\"image.default\">\n\t\t\t\t<div class=\"elementor-widget-container\">\n\t\t\t\t\t\t\t\t\t\t\t\t\t\t\t<img fetchpriority=\"high\" decoding=\"async\" width=\"1920\" height=\"300\" src=\"https:\/\/www.worldia-tools.com\/wp-content\/uploads\/2024\/08\/zhaopin-banner.jpg\" class=\"attachment-full size-full wp-image-7768\" alt=\"Schlie\u00dfen Sie sich uns an Banner\" srcset=\"https:\/\/www.worldia-tools.com\/wp-content\/uploads\/2024\/08\/zhaopin-banner.jpg 1920w, https:\/\/www.worldia-tools.com\/wp-content\/uploads\/2024\/08\/zhaopin-banner-300x47.jpg 300w, https:\/\/www.worldia-tools.com\/wp-content\/uploads\/2024\/08\/zhaopin-banner-1024x160.jpg 1024w, https:\/\/www.worldia-tools.com\/wp-content\/uploads\/2024\/08\/zhaopin-banner-768x120.jpg 768w, https:\/\/www.worldia-tools.com\/wp-content\/uploads\/2024\/08\/zhaopin-banner-1536x240.jpg 1536w, https:\/\/www.worldia-tools.com\/wp-content\/uploads\/2024\/08\/zhaopin-banner-600x94.jpg 600w\" sizes=\"(max-width: 1920px) 100vw, 1920px\" \/>\t\t\t\t\t\t\t\t\t\t\t\t\t\t\t<\/div>\n\t\t\t\t<\/div>\n\t\t\t\t<\/div>\n\t\t\t\t<section class=\"elementor-section elementor-top-section elementor-element elementor-element-5af6215 elementor-section-boxed elementor-section-height-default elementor-section-height-default\" data-id=\"5af6215\" data-element_type=\"section\" data-e-type=\"section\">\n\t\t\t\t\t\t<div class=\"elementor-container elementor-column-gap-default\">\n\t\t\t\t\t<div class=\"elementor-column elementor-col-100 elementor-top-column elementor-element elementor-element-e8fd1a3\" data-id=\"e8fd1a3\" data-element_type=\"column\" data-e-type=\"column\">\n\t\t\t<div class=\"elementor-widget-wrap elementor-element-populated\">\n\t\t\t\t\t\t<div class=\"elementor-element elementor-element-84b6726 elementor-widget elementor-widget-woocommerce-breadcrumb\" data-id=\"84b6726\" data-element_type=\"widget\" data-e-type=\"widget\" data-widget_type=\"woocommerce-breadcrumb.default\">\n\t\t\t\t<div class=\"elementor-widget-container\">\n\t\t\t\t\t<nav class=\"woocommerce-breadcrumb\" aria-label=\"Breadcrumb\" data-no-translation=\"\" data-trp-gettext=\"\">Start<\/nav>\t\t\t\t<\/div>\n\t\t\t\t<\/div>\n\t\t\t\t\t<\/div>\n\t\t<\/div>\n\t\t\t\t\t<\/div>\n\t\t<\/section>\n\t\t<div class=\"elementor-element elementor-element-731df06 e-flex e-con-boxed e-con e-parent\" data-id=\"731df06\" data-element_type=\"container\" data-e-type=\"container\">\n\t\t\t\t\t<div class=\"e-con-inner\">\n\t\t\t\t<div class=\"elementor-element elementor-element-219dc8b elementor-widget elementor-widget-heading\" data-id=\"219dc8b\" data-element_type=\"widget\" data-e-type=\"widget\" data-widget_type=\"heading.default\">\n\t\t\t\t<div class=\"elementor-widget-container\">\n\t\t\t\t\t<h1 class=\"elementor-heading-title elementor-size-default\">Stellenbezeichnung: <span style=\"color: inherit;font-family: var(--font-heading-family);font-size: calc(var(--font-heading-scale) * 4rem);font-weight: var(--font-heading-weight);letter-spacing: calc(var(--font-heading-scale) * .06rem);text-align: start;text-transform: none\">Area Sales Manager Italien<\/span><br><\/h1>\t\t\t\t<\/div>\n\t\t\t\t<\/div>\n\t\t<div class=\"elementor-element elementor-element-43ab33b e-con-full e-flex e-con e-child\" data-id=\"43ab33b\" data-element_type=\"container\" data-e-type=\"container\">\n\t\t\t\t<div class=\"elementor-element elementor-element-d21adf3 elementor-widget elementor-widget-text-editor\" data-id=\"d21adf3\" data-element_type=\"widget\" data-e-type=\"widget\" data-widget_type=\"text-editor.default\">\n\t\t\t\t<div class=\"elementor-widget-container\">\n\t\t\t\t\t\t\t\t\t<p>Beijing Worldia Diamond Tools Co., Ltd ist ein f\u00fchrender Anbieter von hochwertigen Schneidwerkzeugen und -l\u00f6sungen f\u00fcr verschiedene Branchen. Derzeit suchen wir einen motivierten und erfahrenen Area Sales Manager, der sich unserem wachsenden Team in Italien anschlie\u00dft.\u00a0<\/p><p>Wenn Sie nach Arbeitsm\u00f6glichkeiten suchen, kommen Sie zu uns!<\/p><p><strong><b>Stellenbezeichnung: Area Sales Manager Italien (m\/w\/d)<\/b><\/strong><\/p><p><strong><b>Standort: Flexibel (Fernbedienung)<\/b><\/strong><\/p><p><strong><b>Stellenbeschreibung<\/b><\/strong>Wir suchen begeisterte Area Sales Manager in Italien, um unserem Team beizutreten. Als Area Sales Manager spielen Sie eine Schl\u00fcsselrolle bei der Entwicklung des Umsatzes und der Rentabilit\u00e4t in Italien \u00fcber mehrere Vertriebskan\u00e4le.<\/p><p><strong><b>Hauptverantwortungen<\/b><\/strong>:<\/p><ul><li><strong>Marktanalyse:<\/strong>\u00a0Strategisch planen Sie Vertriebsaktivit\u00e4ten durch Marktanalyse, um potenzielle Kunden und Kanalpartner zu identifizieren, die sich mit unserem Unternehmen ausrichten&#8217; Strategische Ziele und Jahresziele.<\/li><li><strong>Kundenbindung:<\/strong>\u00a0Planen Sie produktive Kundenbesuche und f\u00f6rdern Sie starke Beziehungen, die sowohl dem Kunden als auch unserem Unternehmen zugute kommen.<\/li><li><strong>Stakeholder Kommunikation:<\/strong>\u00a0Effektive Zusammenarbeit mit internen und externen Stakeholdern, um ein robustes Netzwerk aufzubauen und schnell auf Kundenbed\u00fcrfnisse zu reagieren.<\/li><li><strong>Verhandlungen:<\/strong>\u00a0Zusammenarbeit mit Kunden und Kanalpartnern, um Vereinbarungen zu verhandeln, die gegenseitig vorteilhafte L\u00f6sungen liefern.<\/li><li><strong>Verkaufsbetriebe:<\/strong>\u00a0Gew\u00e4hrleisten Sie eine nahtlose Ausrichtung und Einhaltung der Standardprozesse, Systeme und Richtlinien unseres Unternehmens, was zu effizienten, schlanken und korrekten Workflows und Daten f\u00fchrt.<\/li><li><strong>Produktf\u00f6rderung:<\/strong>\u00a0Werben Sie unser komplettes Sortiment an Produkten und Dienstleistungen, um den Kundenbed\u00fcrfnissen sowohl f\u00fcr Produkt- als auch Anwendungsanforderungen gerecht zu werden.<\/li><li><strong>Mehrwertverkauf:<\/strong>\u00a0Aktiv verkaufen Sie unsere Produkte und Dienstleistungen durch die Bereitstellung von Mehrwertl\u00f6sungen, die unseren Kunden entsprechen&#8217; Einzigartige Bed\u00fcrfnisse.<\/li><li><strong>Abschlussverkauf:<\/strong>\u00a0Sichern Sie Verkaufsauftr\u00e4ge von Kunden nach Einverst\u00e4ndnis mit den vorgeschlagenen Mehrwertl\u00f6sungen.<\/li><li><strong>Berichterstattung:<\/strong>\u00a0Dokumentieren und berichten Sie \u00fcber Verkaufsaktivit\u00e4ten, einschlie\u00dflich Testberichte, Kosteneinsparungen und Gesch\u00e4ftsprognosen, durch die kontinuierliche \u00dcberwachung von Kunden und Wettbewerbern.<br \/><br \/><\/li><\/ul><p><strong><b>Qualifikationen:<\/b><\/strong><\/p><ul><li><strong>Metallschneiden Expertise:<\/strong>\u00a0Starkes Verst\u00e4ndnis und praktische Erfahrung in Metallschneidverfahren, einschlie\u00dflich Drehen, Fr\u00e4sen und Lochfertigung, idealerweise in superharten Schneidwerkzeugen.<br \/>Techniker oder Ingenieur Abschluss bevorzugt.<\/li><li><strong>Verkaufserfahrung:<\/strong>\u00a05 Jahre Erfahrung im Bereich Metallschneidwerkzeuge mit bestehenden Kundenbeziehungen. Analytischer und systematischer Ansatz, Gesch\u00e4ftsverst\u00e4ndnis.<\/li><li><strong>Tech-savvy:<\/strong>\u00a0Kenntnisse in MS Office f\u00fcr Vertriebs- und Berichtszwecke.<br \/>Praktische Urteilsverm\u00f6gen und taktische Probleml\u00f6sungsf\u00e4higkeiten.<\/li><li><strong>Hunter Profil:<\/strong>\u00a0Proaktiver Ansatz sowohl zur Entwicklung bestehender Kundenbeziehungen als auch zum Erwerb neuer.<\/li><li><strong>Interaktion mit Stakeholdern:<\/strong>\u00a0In der Lage, effektiv mit Schl\u00fcsselkonten, Kanalpartnern und kleineren Unternehmen zu interagieren.<br \/>Umweltkenntnisse in einem multinationalen Unternehmen.<\/li><li><strong>Kommunikationsf\u00e4higkeiten:<\/strong>\u00a0Ausgezeichnete Kommunikationsf\u00e4higkeiten, sowohl innerhalb von Worldia als auch mit Kunden. Flie\u00dfend in Englisch (schriftlich und m\u00fcndlich) der jeweiligen Verkaufsregion.<\/li><li><strong>Teamspieler:<\/strong>\u00a0Effektiver Austausch von Informationen und Einbeziehung von Teammitgliedern. Verstehen, dass Erfolg ein Teamergebnis ist.<\/li><li><strong>Integrit\u00e4t:<\/strong>\u00a0Verpflichtung zur Gesch\u00e4ftsethik und Compliance.<\/li><li><strong>Anpassbarkeit:<\/strong>\u00a0Flexibilit\u00e4t und Anpassungsf\u00e4higkeit, um in einem sich \u00e4ndernden Markt und Unternehmen zu navigieren.<\/li><li><strong>Bereitschaft zu reisen:<\/strong> 70%, F\u00fchrerschein erforderlich.<\/li><\/ul><p>Wir freuen uns darauf, dynamische Personen willkommen zu hei\u00dfen, die sich verpflichtet haben, zu Worldia beizutragen. Fortgesetzter Erfolg.<\/p><p><strong><b>Zu bewerben<\/b><\/strong>:<\/p><p>\u00a0 \u00a0 \u00a0 Wenn Sie glauben, dass Sie die notwendigen F\u00e4higkeiten und Erfahrungen haben, um sich in dieser Rolle auszeichnen, senden Sie bitte Ihren Lebenslauf zusammen mit einem Bewerbungsschreiben, in dem Sie Ihre relevanten Erfahrungen und Qualifikationen ausf\u00fchrlich beschreiben. Sie k\u00f6nnen sich direkt \u00fcber unsere Website bewerben oder Ihre Bewerbung an <strong>info@worldia-tools.eu<\/strong><\/p><p>\u00a0 \u00a0 \u00a0 Wir sind ein gleichberechtigter Arbeitgeber und begr\u00fc\u00dfen Bewerbungen aller qualifizierten Kandidaten.<\/p>\t\t\t\t\t\t\t\t<\/div>\n\t\t\t\t<\/div>\n\t\t\t\t<\/div>\n\t\t\t\t\t<\/div>\n\t\t\t\t<\/div>\n\t\t<div class=\"elementor-element elementor-element-6d1d1b3 e-con-full e-flex e-con e-parent\" data-id=\"6d1d1b3\" data-element_type=\"container\" data-e-type=\"container\" data-settings=\"{&quot;background_background&quot;:&quot;classic&quot;}\">\n\t\t\t\t<\/div>\n\t\t\t\t<\/div>","protected":false},"excerpt":{"rendered":"<p>Job Title: Area Sales Manager Italy Beijing Worldia Diamond Tools Co., Ltd is a leading provider of high-quality cutting tools and solutions for various industries. We are currently seeking a motivated and experienced area sales manager to join our growing team in Italy.\u00a0 If you are looking for job opportunities, come and join us! Job [&hellip;]<\/p>\n","protected":false},"author":1,"featured_media":0,"parent":779,"menu_order":0,"comment_status":"closed","ping_status":"closed","template":"elementor_header_footer","meta":{"footnotes":""},"class_list":["post-18136","page","type-page","status-publish","hentry"],"_links":{"self":[{"href":"https:\/\/www.worldia-tools.com\/de\/wp-json\/wp\/v2\/pages\/18136","targetHints":{"allow":["GET"]}}],"collection":[{"href":"https:\/\/www.worldia-tools.com\/de\/wp-json\/wp\/v2\/pages"}],"about":[{"href":"https:\/\/www.worldia-tools.com\/de\/wp-json\/wp\/v2\/types\/page"}],"author":[{"embeddable":true,"href":"https:\/\/www.worldia-tools.com\/de\/wp-json\/wp\/v2\/users\/1"}],"replies":[{"embeddable":true,"href":"https:\/\/www.worldia-tools.com\/de\/wp-json\/wp\/v2\/comments?post=18136"}],"version-history":[{"count":19,"href":"https:\/\/www.worldia-tools.com\/de\/wp-json\/wp\/v2\/pages\/18136\/revisions"}],"predecessor-version":[{"id":18653,"href":"https:\/\/www.worldia-tools.com\/de\/wp-json\/wp\/v2\/pages\/18136\/revisions\/18653"}],"up":[{"embeddable":true,"href":"https:\/\/www.worldia-tools.com\/de\/wp-json\/wp\/v2\/pages\/779"}],"wp:attachment":[{"href":"https:\/\/www.worldia-tools.com\/de\/wp-json\/wp\/v2\/media?parent=18136"}],"curies":[{"name":"WP","href":"https:\/\/api.w.org\/{rel}","templated":true}]}}