{"id":779,"date":"2024-01-24T11:27:23","date_gmt":"2024-01-24T03:27:23","guid":{"rendered":"https:\/\/www.worldia-tools.com\/?page_id=779"},"modified":"2025-11-27T18:48:31","modified_gmt":"2025-11-27T10:48:31","slug":"career","status":"publish","type":"page","link":"https:\/\/www.worldia-tools.com\/de\/career\/","title":{"rendered":"Karriere"},"content":{"rendered":"<div data-elementor-type=\"wp-page\" data-elementor-id=\"779\" class=\"elementor elementor-779\" data-elementor-post-type=\"page\">\n\t\t\t\t<div class=\"elementor-element elementor-element-a96de48 e-con-full e-flex e-con e-parent\" data-id=\"a96de48\" data-element_type=\"container\" data-e-type=\"container\">\n\t\t\t\t<div class=\"elementor-element elementor-element-90c1355 elementor-widget elementor-widget-image\" data-id=\"90c1355\" data-element_type=\"widget\" data-e-type=\"widget\" data-widget_type=\"image.default\">\n\t\t\t\t<div class=\"elementor-widget-container\">\n\t\t\t\t\t\t\t\t\t\t\t\t\t\t\t<img fetchpriority=\"high\" decoding=\"async\" width=\"1920\" height=\"300\" src=\"https:\/\/www.worldia-tools.com\/wp-content\/uploads\/2024\/08\/zhaopin-banner.jpg\" class=\"attachment-full size-full wp-image-7768\" alt=\"Schlie\u00dfen Sie sich uns an Banner\" srcset=\"https:\/\/www.worldia-tools.com\/wp-content\/uploads\/2024\/08\/zhaopin-banner.jpg 1920w, https:\/\/www.worldia-tools.com\/wp-content\/uploads\/2024\/08\/zhaopin-banner-300x47.jpg 300w, https:\/\/www.worldia-tools.com\/wp-content\/uploads\/2024\/08\/zhaopin-banner-1024x160.jpg 1024w, https:\/\/www.worldia-tools.com\/wp-content\/uploads\/2024\/08\/zhaopin-banner-768x120.jpg 768w, https:\/\/www.worldia-tools.com\/wp-content\/uploads\/2024\/08\/zhaopin-banner-1536x240.jpg 1536w, https:\/\/www.worldia-tools.com\/wp-content\/uploads\/2024\/08\/zhaopin-banner-600x94.jpg 600w\" sizes=\"(max-width: 1920px) 100vw, 1920px\" \/>\t\t\t\t\t\t\t\t\t\t\t\t\t\t\t<\/div>\n\t\t\t\t<\/div>\n\t\t\t\t<\/div>\n\t\t\t\t<section class=\"elementor-section elementor-top-section elementor-element elementor-element-a6fce5b elementor-section-boxed elementor-section-height-default elementor-section-height-default\" data-id=\"a6fce5b\" data-element_type=\"section\" data-e-type=\"section\">\n\t\t\t\t\t\t<div class=\"elementor-container elementor-column-gap-default\">\n\t\t\t\t\t<div class=\"elementor-column elementor-col-100 elementor-top-column elementor-element elementor-element-37a7085\" data-id=\"37a7085\" data-element_type=\"column\" data-e-type=\"column\">\n\t\t\t<div class=\"elementor-widget-wrap elementor-element-populated\">\n\t\t\t\t\t\t<div class=\"elementor-element elementor-element-c85890b elementor-widget elementor-widget-woocommerce-breadcrumb\" data-id=\"c85890b\" data-element_type=\"widget\" data-e-type=\"widget\" data-widget_type=\"woocommerce-breadcrumb.default\">\n\t\t\t\t<div class=\"elementor-widget-container\">\n\t\t\t\t\t<nav class=\"woocommerce-breadcrumb\" aria-label=\"Breadcrumb\" data-no-translation=\"\" data-trp-gettext=\"\">Start<\/nav>\t\t\t\t<\/div>\n\t\t\t\t<\/div>\n\t\t\t\t\t<\/div>\n\t\t<\/div>\n\t\t\t\t\t<\/div>\n\t\t<\/section>\n\t\t<div class=\"elementor-element elementor-element-c8235fe e-flex e-con-boxed e-con e-parent\" data-id=\"c8235fe\" data-element_type=\"container\" data-e-type=\"container\">\n\t\t\t\t\t<div class=\"e-con-inner\">\n\t\t\t\t<div class=\"elementor-element elementor-element-324c387 elementor-widget elementor-widget-heading\" data-id=\"324c387\" data-element_type=\"widget\" data-e-type=\"widget\" data-widget_type=\"heading.default\">\n\t\t\t\t<div class=\"elementor-widget-container\">\n\t\t\t\t\t<h1 class=\"elementor-heading-title elementor-size-default\">Schlie\u00dfen Sie sich uns an<\/h1>\t\t\t\t<\/div>\n\t\t\t\t<\/div>\n\t\t\t\t<div class=\"elementor-element elementor-element-eb41c83 elementor-widget elementor-widget-heading\" data-id=\"eb41c83\" data-element_type=\"widget\" data-e-type=\"widget\" data-widget_type=\"heading.default\">\n\t\t\t\t<div class=\"elementor-widget-container\">\n\t\t\t\t\t<h2 class=\"elementor-heading-title elementor-size-default\">Wir sind ein gleichberechtigter Arbeitgeber und begr\u00fc\u00dfen Bewerbungen aller qualifizierten Kandidaten.<\/h2>\t\t\t\t<\/div>\n\t\t\t\t<\/div>\n\t\t\t\t\t<\/div>\n\t\t\t\t<\/div>\n\t\t<div class=\"elementor-element elementor-element-8eb0c17 e-flex e-con-boxed e-con e-parent\" data-id=\"8eb0c17\" data-element_type=\"container\" data-e-type=\"container\">\n\t\t\t\t\t<div class=\"e-con-inner\">\n\t\t<div class=\"elementor-element elementor-element-5d0d90c e-con-full e-flex e-con e-child\" data-id=\"5d0d90c\" data-element_type=\"container\" data-e-type=\"container\">\n\t\t\t\t<div class=\"elementor-element elementor-element-85167f9 elementor-position-top elementor-widget elementor-widget-image-box\" data-id=\"85167f9\" data-element_type=\"widget\" data-e-type=\"widget\" data-widget_type=\"image-box.default\">\n\t\t\t\t<div class=\"elementor-widget-container\">\n\t\t\t\t\t<div class=\"elementor-image-box-wrapper\"><figure class=\"elementor-image-box-img\"><a href=\"\/de\/career\/asia-region-sales-engineer\/\" tabindex=\"-1\"><img decoding=\"async\" width=\"1253\" height=\"835\" src=\"https:\/\/www.worldia-tools.com\/wp-content\/uploads\/2025\/11\/Career-3_500604810_banner_company-culture-3.jpg\" class=\"attachment-full size-full wp-image-18327\" alt=\"Region Asien \u200b\" srcset=\"https:\/\/www.worldia-tools.com\/wp-content\/uploads\/2025\/11\/Career-3_500604810_banner_company-culture-3.jpg 1253w, https:\/\/www.worldia-tools.com\/wp-content\/uploads\/2025\/11\/Career-3_500604810_banner_company-culture-3-300x200.jpg 300w, https:\/\/www.worldia-tools.com\/wp-content\/uploads\/2025\/11\/Career-3_500604810_banner_company-culture-3-1024x682.jpg 1024w, https:\/\/www.worldia-tools.com\/wp-content\/uploads\/2025\/11\/Career-3_500604810_banner_company-culture-3-768x512.jpg 768w, https:\/\/www.worldia-tools.com\/wp-content\/uploads\/2025\/11\/Career-3_500604810_banner_company-culture-3-600x400.jpg 600w\" sizes=\"(max-width: 1253px) 100vw, 1253px\" \/><\/a><\/figure><div class=\"elementor-image-box-content\"><p class=\"elementor-image-box-description\">Region Asien \u200b<\/p><\/div><\/div>\t\t\t\t<\/div>\n\t\t\t\t<\/div>\n\t\t\t\t<\/div>\n\t\t<div class=\"elementor-element elementor-element-ca1e140 e-con-full e-flex e-con e-child\" data-id=\"ca1e140\" data-element_type=\"container\" data-e-type=\"container\">\n\t\t\t\t<div class=\"elementor-element elementor-element-0c8b2c9 elementor-position-top elementor-widget elementor-widget-image-box\" data-id=\"0c8b2c9\" data-element_type=\"widget\" data-e-type=\"widget\" data-widget_type=\"image-box.default\">\n\t\t\t\t<div class=\"elementor-widget-container\">\n\t\t\t\t\t<div class=\"elementor-image-box-wrapper\"><figure class=\"elementor-image-box-img\"><a href=\"\/de\/career\/north-america-latin-america-region\/\" tabindex=\"-1\"><img decoding=\"async\" width=\"1920\" height=\"1280\" src=\"https:\/\/www.worldia-tools.com\/wp-content\/uploads\/2025\/11\/Career-1-Shetu_500295648_Company-Culture-1-1.jpg\" class=\"attachment-full size-full wp-image-18322\" alt=\"Region Nordamerika und Lateinamerika\" srcset=\"https:\/\/www.worldia-tools.com\/wp-content\/uploads\/2025\/11\/Career-1-Shetu_500295648_Company-Culture-1-1.jpg 1920w, https:\/\/www.worldia-tools.com\/wp-content\/uploads\/2025\/11\/Career-1-Shetu_500295648_Company-Culture-1-1-300x200.jpg 300w, https:\/\/www.worldia-tools.com\/wp-content\/uploads\/2025\/11\/Career-1-Shetu_500295648_Company-Culture-1-1-1024x683.jpg 1024w, https:\/\/www.worldia-tools.com\/wp-content\/uploads\/2025\/11\/Career-1-Shetu_500295648_Company-Culture-1-1-768x512.jpg 768w, https:\/\/www.worldia-tools.com\/wp-content\/uploads\/2025\/11\/Career-1-Shetu_500295648_Company-Culture-1-1-1536x1024.jpg 1536w, https:\/\/www.worldia-tools.com\/wp-content\/uploads\/2025\/11\/Career-1-Shetu_500295648_Company-Culture-1-1-600x400.jpg 600w\" sizes=\"(max-width: 1920px) 100vw, 1920px\" \/><\/a><\/figure><div class=\"elementor-image-box-content\"><p class=\"elementor-image-box-description\">Nordamerika &amp; Region Lateinamerika<\/p><\/div><\/div>\t\t\t\t<\/div>\n\t\t\t\t<\/div>\n\t\t\t\t<\/div>\n\t\t<div class=\"elementor-element elementor-element-6fb700c e-con-full e-flex e-con e-child\" data-id=\"6fb700c\" data-element_type=\"container\" data-e-type=\"container\">\n\t\t\t\t<div class=\"elementor-element elementor-element-f1e165e elementor-position-top elementor-widget elementor-widget-image-box\" data-id=\"f1e165e\" data-element_type=\"widget\" data-e-type=\"widget\" data-widget_type=\"image-box.default\">\n\t\t\t\t<div class=\"elementor-widget-container\">\n\t\t\t\t\t<div class=\"elementor-image-box-wrapper\"><figure class=\"elementor-image-box-img\"><a href=\"\/de\/career\/european-region\/\" tabindex=\"-1\"><img loading=\"lazy\" decoding=\"async\" width=\"1920\" height=\"1280\" src=\"https:\/\/www.worldia-tools.com\/wp-content\/uploads\/2025\/11\/Career-2-Shetu-501273976-company-culture.jpg\" class=\"attachment-2048x2048 size-2048x2048 wp-image-18323\" alt=\"Europ\u00e4ische Region \u200b\" srcset=\"https:\/\/www.worldia-tools.com\/wp-content\/uploads\/2025\/11\/Career-2-Shetu-501273976-company-culture.jpg 1920w, https:\/\/www.worldia-tools.com\/wp-content\/uploads\/2025\/11\/Career-2-Shetu-501273976-company-culture-300x200.jpg 300w, https:\/\/www.worldia-tools.com\/wp-content\/uploads\/2025\/11\/Career-2-Shetu-501273976-company-culture-1024x683.jpg 1024w, https:\/\/www.worldia-tools.com\/wp-content\/uploads\/2025\/11\/Career-2-Shetu-501273976-company-culture-768x512.jpg 768w, https:\/\/www.worldia-tools.com\/wp-content\/uploads\/2025\/11\/Career-2-Shetu-501273976-company-culture-1536x1024.jpg 1536w, https:\/\/www.worldia-tools.com\/wp-content\/uploads\/2025\/11\/Career-2-Shetu-501273976-company-culture-600x400.jpg 600w\" sizes=\"(max-width: 1920px) 100vw, 1920px\" \/><\/a><\/figure><div class=\"elementor-image-box-content\"><p class=\"elementor-image-box-description\">Europ\u00e4ische Region \u200b<\/p><\/div><\/div>\t\t\t\t<\/div>\n\t\t\t\t<\/div>\n\t\t\t\t<\/div>\n\t\t\t\t\t<\/div>\n\t\t\t\t<\/div>\n\t\t<div class=\"elementor-element elementor-element-66ffe61 e-con-full e-flex e-con e-parent\" data-id=\"66ffe61\" data-element_type=\"container\" data-e-type=\"container\" data-settings=\"{&quot;background_background&quot;:&quot;classic&quot;}\">\n\t\t<div class=\"elementor-element elementor-element-a75a858 e-flex e-con-boxed e-con e-child\" data-id=\"a75a858\" data-element_type=\"container\" data-e-type=\"container\">\n\t\t\t\t\t<div class=\"e-con-inner\">\n\t\t\t\t<div class=\"elementor-element elementor-element-bff8365 elementor-widget elementor-widget-text-editor\" data-id=\"bff8365\" data-element_type=\"widget\" data-e-type=\"widget\" data-widget_type=\"text-editor.default\">\n\t\t\t\t<div class=\"elementor-widget-container\">\n\t\t\t\t\t\t\t\t\t<p>Wir suchen talentierte und leidenschaftliche Personen aus aller Welt, um unserem dynamischen Team beizutreten, wenn Sie einen starken technischen Hintergrund haben,<br \/>au\u00dfergew\u00f6hnliche F\u00e4higkeiten und ein Erfolg in der Schneidwerkzeugindustrie, wollen wir von Ihnen h\u00f6ren.\u00a0<br \/><strong>Bewerben Sie sich jetzt und steigern Sie Ihre Karriere mit uns!<\/strong><\/p>\t\t\t\t\t\t\t\t<\/div>\n\t\t\t\t<\/div>\n\t\t\t\t<div class=\"elementor-element elementor-element-a554aca elementor-widget elementor-widget-text-editor\" data-id=\"a554aca\" data-element_type=\"widget\" data-e-type=\"widget\" data-widget_type=\"text-editor.default\">\n\t\t\t\t<div class=\"elementor-widget-container\">\n\t\t\t\t\t\t\t\t\t<p>F\u00fcr die Regionen Asien und Amerika, wenn Sie an unserem Unternehmen interessiert sind, senden Sie bitte Ihre Bewerbung an <a href=\"mailto:jxhr@worldiatools.com.\" rel=\"nofollow\"><span style=\"color: #0861fc;\"><strong>jxhr@worldiatools.com.<br \/><\/strong><\/span><\/a><\/p><p>F\u00fcr die Region Europa, wenn Sie sich f\u00fcr den Beitritt interessieren, k\u00f6nnen Sie Ihre Bewerbung an\u00a0 <a href=\"mailto:info@worldia-tools.eu.\" rel=\"nofollow\"><span style=\"color: #0861fc;\"><strong>info@worldia-tools.eu.<\/strong><\/span><\/a><\/p>\t\t\t\t\t\t\t\t<\/div>\n\t\t\t\t<\/div>\n\t\t\t\t\t<\/div>\n\t\t\t\t<\/div>\n\t\t\t\t<\/div>\n\t\t\t\t<\/div>","protected":false},"excerpt":{"rendered":"<p>JOin us We are an equal opportunity employer and welcome applications from all qualified candidates. Asia Region\u200b North America &amp; Latin America Region European Region\u200b We are looking for talented and passionate individuals from around the world to join our dynamic team, if you have a strong technical background,exceptional skills, and a drive to succeed [&hellip;]<\/p>\n","protected":false},"author":1,"featured_media":0,"parent":0,"menu_order":0,"comment_status":"closed","ping_status":"closed","template":"elementor_header_footer","meta":{"footnotes":""},"class_list":["post-779","page","type-page","status-publish","hentry"],"_links":{"self":[{"href":"https:\/\/www.worldia-tools.com\/de\/wp-json\/wp\/v2\/pages\/779","targetHints":{"allow":["GET"]}}],"collection":[{"href":"https:\/\/www.worldia-tools.com\/de\/wp-json\/wp\/v2\/pages"}],"about":[{"href":"https:\/\/www.worldia-tools.com\/de\/wp-json\/wp\/v2\/types\/page"}],"author":[{"embeddable":true,"href":"https:\/\/www.worldia-tools.com\/de\/wp-json\/wp\/v2\/users\/1"}],"replies":[{"embeddable":true,"href":"https:\/\/www.worldia-tools.com\/de\/wp-json\/wp\/v2\/comments?post=779"}],"version-history":[{"count":200,"href":"https:\/\/www.worldia-tools.com\/de\/wp-json\/wp\/v2\/pages\/779\/revisions"}],"predecessor-version":[{"id":19593,"href":"https:\/\/www.worldia-tools.com\/de\/wp-json\/wp\/v2\/pages\/779\/revisions\/19593"}],"wp:attachment":[{"href":"https:\/\/www.worldia-tools.com\/de\/wp-json\/wp\/v2\/media?parent=779"}],"curies":[{"name":"WP","href":"https:\/\/api.w.org\/{rel}","templated":true}]}}