{"id":7802,"date":"2024-08-30T10:12:50","date_gmt":"2024-08-30T02:12:50","guid":{"rendered":"https:\/\/www.worldia-tools.com\/?page_id=7802"},"modified":"2025-11-13T11:04:59","modified_gmt":"2025-11-13T03:04:59","slug":"asia-region-sales-engineer","status":"publish","type":"page","link":"https:\/\/www.worldia-tools.com\/de\/career\/asia-region-sales-engineer\/","title":{"rendered":"Vertriebsingenieur"},"content":{"rendered":"<div data-elementor-type=\"wp-page\" data-elementor-id=\"7802\" class=\"elementor elementor-7802\" data-elementor-post-type=\"page\">\n\t\t\t\t<div class=\"elementor-element elementor-element-62021db e-con-full e-flex e-con e-parent\" data-id=\"62021db\" data-element_type=\"container\" data-e-type=\"container\">\n\t\t\t\t<div class=\"elementor-element elementor-element-aa30b1c elementor-widget elementor-widget-image\" data-id=\"aa30b1c\" data-element_type=\"widget\" data-e-type=\"widget\" data-widget_type=\"image.default\">\n\t\t\t\t<div class=\"elementor-widget-container\">\n\t\t\t\t\t\t\t\t\t\t\t\t\t\t\t<img fetchpriority=\"high\" decoding=\"async\" width=\"1920\" height=\"300\" src=\"https:\/\/www.worldia-tools.com\/wp-content\/uploads\/2024\/08\/zhaopin-banner.jpg\" class=\"attachment-full size-full wp-image-7768\" alt=\"Schlie\u00dfen Sie sich uns an Banner\" srcset=\"https:\/\/www.worldia-tools.com\/wp-content\/uploads\/2024\/08\/zhaopin-banner.jpg 1920w, https:\/\/www.worldia-tools.com\/wp-content\/uploads\/2024\/08\/zhaopin-banner-300x47.jpg 300w, https:\/\/www.worldia-tools.com\/wp-content\/uploads\/2024\/08\/zhaopin-banner-1024x160.jpg 1024w, https:\/\/www.worldia-tools.com\/wp-content\/uploads\/2024\/08\/zhaopin-banner-768x120.jpg 768w, https:\/\/www.worldia-tools.com\/wp-content\/uploads\/2024\/08\/zhaopin-banner-1536x240.jpg 1536w, https:\/\/www.worldia-tools.com\/wp-content\/uploads\/2024\/08\/zhaopin-banner-600x94.jpg 600w\" sizes=\"(max-width: 1920px) 100vw, 1920px\" \/>\t\t\t\t\t\t\t\t\t\t\t\t\t\t\t<\/div>\n\t\t\t\t<\/div>\n\t\t\t\t<\/div>\n\t\t\t\t<section class=\"elementor-section elementor-top-section elementor-element elementor-element-8e1f1e2 elementor-section-boxed elementor-section-height-default elementor-section-height-default\" data-id=\"8e1f1e2\" data-element_type=\"section\" data-e-type=\"section\">\n\t\t\t\t\t\t<div class=\"elementor-container elementor-column-gap-default\">\n\t\t\t\t\t<div class=\"elementor-column elementor-col-100 elementor-top-column elementor-element elementor-element-75cfd5e\" data-id=\"75cfd5e\" data-element_type=\"column\" data-e-type=\"column\">\n\t\t\t<div class=\"elementor-widget-wrap elementor-element-populated\">\n\t\t\t\t\t\t<div class=\"elementor-element elementor-element-c0ecec7 elementor-widget elementor-widget-woocommerce-breadcrumb\" data-id=\"c0ecec7\" data-element_type=\"widget\" data-e-type=\"widget\" data-widget_type=\"woocommerce-breadcrumb.default\">\n\t\t\t\t<div class=\"elementor-widget-container\">\n\t\t\t\t\t<nav class=\"woocommerce-breadcrumb\" aria-label=\"Breadcrumb\" data-no-translation=\"\" data-trp-gettext=\"\">Start<\/nav>\t\t\t\t<\/div>\n\t\t\t\t<\/div>\n\t\t\t\t\t<\/div>\n\t\t<\/div>\n\t\t\t\t\t<\/div>\n\t\t<\/section>\n\t\t<div class=\"elementor-element elementor-element-731df06 e-flex e-con-boxed e-con e-parent\" data-id=\"731df06\" data-element_type=\"container\" data-e-type=\"container\">\n\t\t\t\t\t<div class=\"e-con-inner\">\n\t\t\t\t<div class=\"elementor-element elementor-element-219dc8b elementor-widget elementor-widget-heading\" data-id=\"219dc8b\" data-element_type=\"widget\" data-e-type=\"widget\" data-widget_type=\"heading.default\">\n\t\t\t\t<div class=\"elementor-widget-container\">\n\t\t\t\t\t<h1 class=\"elementor-heading-title elementor-size-default\"> Jobtitel: Werkzeugverkaufsingenieur (Spanisch, Deutsch, Japanisch)\n<\/h1>\t\t\t\t<\/div>\n\t\t\t\t<\/div>\n\t\t<div class=\"elementor-element elementor-element-43ab33b e-con-full e-flex e-con e-child\" data-id=\"43ab33b\" data-element_type=\"container\" data-e-type=\"container\">\n\t\t\t\t<div class=\"elementor-element elementor-element-d21adf3 elementor-widget elementor-widget-text-editor\" data-id=\"d21adf3\" data-element_type=\"widget\" data-e-type=\"widget\" data-widget_type=\"text-editor.default\">\n\t\t\t\t<div class=\"elementor-widget-container\">\n\t\t\t\t\t\t\t\t\t<p style=\"text-align: left;\">Beijing Worldia Diamond Tools Co., Ltd ist ein f\u00fchrender Anbieter von hochwertigen Schneidwerkzeugen und -l\u00f6sungen f\u00fcr verschiedene Branchen. Wir suchen derzeit einen motivierten und erfahrenen Werkzeugvertriebsingenieur, der unserem wachsenden Team in Indien beitritt. Der ideale Kandidat sollte \u00fcber ausgezeichnete technische Kenntnisse, starke Verkaufsf\u00e4higkeiten und die F\u00e4higkeit verf\u00fcgen, langfristige Beziehungen zu Kunden aufzubauen.<\/p><p>Wenn Sie nach Arbeitsm\u00f6glichkeiten suchen, kommen Sie zu uns!<strong><b> \u00a0<\/b><\/strong><\/p><p><strong><b>Stellenbezeichnung: <\/b><\/strong><strong><b>Werkzeugvertriebsingenieur (Spanisch, Deutsch, Japanisch)<\/b><\/strong><\/p><p><strong><b>Standort:<\/b><\/strong><strong><b>\u00a0Langfang, China<\/b><\/strong><\/p><p><strong><b>Hauptverantwortungen:<\/b><\/strong><\/p><ol><li>Verantwortlich f\u00fcr den ausl\u00e4ndischen Verkauf von PCD \/ PCBN Werkzeugprodukten;<\/li><li>Entwickeln Sie Kunden unabh\u00e4ngig \u00fcber Kan\u00e4le wie Alibaba, B2B und Google und bearbeiten und beantworten Sie Kundenanfragen umgehend;<\/li><li>Nutzen Sie Ihre eigenen Kommunikationsf\u00e4higkeiten, um mit Kunden per E-Mail oder Telefon zu kommunizieren, um Transaktionen zu erleichtern;<\/li><li>Verfolgen Sie die Produktnutzung und pflegen Sie gute Kundenbeziehungen;<\/li><li>Sammeln und organisieren branchenbezogene Informationen zur F\u00f6rderung und F\u00f6rderung des Unternehmens&#8217; S Produkte.<\/li><\/ol><p><strong><b>Anforderungen:<\/b><\/strong><\/p><ol><li>Bachelor-Abschluss oder h\u00f6her, Schwerpunkt internationaler Handel und Maschinen ist bevorzugt; Kenntnisse \u00fcber mechanische Werkzeuge, wie Werkzeugtypen, Materialien, Leistung, Anwendungsszenarien usw.;<\/li><li>Haben Sie ausgezeichnete englische H\u00f6r-, Sprech-, Lese- und Schreibf\u00e4higkeiten, flie\u00dfend mit ausl\u00e4ndischen Kunden kommunizieren k\u00f6nnen, englische Gesch\u00e4fts-E-Mails usw. verarbeiten k\u00f6nnen, eine zweite Fremdsprache beherrschen, wie Spanisch, Deutsch, Japanisch usw. und haben bestimmte Kommunikationsf\u00e4higkeiten;<\/li><li>Kompetent in B\u00fcrosoftware wie Word, Excel, PowerPoint usw. und in der Lage, professionelle Gesch\u00e4ftsdokumente und Verkaufsberichte zu erstellen. Gleichzeitig beherrschen Sie den Betrieb von Software und Plattformen im internationalen Handel, wie Alibaba International Station, Zollanmeldungssystem usw.;<\/li><li>Bevorzugt sind diejenigen mit mehr als 1 Jahr Vertriebserfahrung in der Werkzeugmaschinenindustrie oder internationaler Gesch\u00e4ftsentwicklungserfahrung, und diejenigen mit bestimmten Kundenressourcen und Vertriebskan\u00e4len sind noch besser.<\/li><li>Haben Sie starke Marktentwicklungs- und Kundenentwicklungsf\u00e4higkeiten, k\u00f6nnen potenzielle Kunden aktiv finden, gute Kundenbeziehungen aufbauen und aufrechterhalten.<\/li><li>Haben Sie gute Kommunikations- und Koordinationsf\u00e4higkeiten und Teamgeist und k\u00f6nnen eng mit dem Unternehmen zusammenarbeiten &#8217; s interne Produktion, Technologie, Logistik und andere Abteilungen, um die reibungslose Ausf\u00fchrung von Auftr\u00e4gen zu gew\u00e4hrleisten.<\/li><li>Internationales Gesch\u00e4ft umfasst verschiedene Kulturen und Zeitzonen, die Praktiker erfordern, eine gute Anpassungsf\u00e4higkeit und Stressbest\u00e4ndigkeit zu haben und einen guten Arbeitszustand unter einem intensiven Arbeitsrhythmus aufrechtzuerhalten.<\/li><\/ol><p><strong><b>Was wir anbieten<\/b><\/strong>:<\/p><ol><li>Wettbewerbsf\u00e4higes Gehaltspaket basierend auf Erfahrung und Leistung.<\/li><li>M\u00f6glichkeiten f\u00fcr berufliches Wachstum und Karrieref\u00f6rderung innerhalb der Organisation.<\/li><li>Ein unterst\u00fctzendes und dynamisches Arbeitsumfeld mit Fokus auf Mitarbeiterzufriedenheit und Work-Life-Balance.<\/li><\/ol><p><strong><b>Zu bewerben<\/b><\/strong>:<\/p><p>\u00a0 \u00a0 \u00a0 \u00a0Wenn Sie glauben, dass Sie die notwendigen F\u00e4higkeiten und Erfahrungen haben, um sich in dieser Rolle auszeichnen, senden Sie bitte Ihren Lebenslauf zusammen mit einem Bewerbungsschreiben, in dem Sie Ihre relevanten Erfahrungen und Qualifikationen ausf\u00fchrlich beschreiben. Sie k\u00f6nnen sich direkt \u00fcber unsere Website bewerben oder Ihre Bewerbung an<u>\u00a0<\/u><strong><b>jxhr@worldiatools.com.<\/b><\/strong><\/p><p>\u00a0 \u00a0 \u00a0 \u00a0Wir sind ein gleichberechtigter Arbeitgeber und begr\u00fc\u00dfen Bewerbungen aller qualifizierten Kandidaten.<\/p>\t\t\t\t\t\t\t\t<\/div>\n\t\t\t\t<\/div>\n\t\t\t\t<\/div>\n\t\t\t\t\t<\/div>\n\t\t\t\t<\/div>\n\t\t<div class=\"elementor-element elementor-element-6d1d1b3 e-con-full e-flex e-con e-parent\" data-id=\"6d1d1b3\" data-element_type=\"container\" data-e-type=\"container\" data-settings=\"{&quot;background_background&quot;:&quot;classic&quot;}\">\n\t\t\t\t<\/div>\n\t\t\t\t<\/div>","protected":false},"excerpt":{"rendered":"<p>Job Title: Tool Sales Engineer (Spanish, German, Japanese) Beijing Worldia Diamond Tools Co., Ltd is a leading provider of high-quality cutting tools and solutions for various industries. We are currently seeking a motivated and experienced tool sales engineer to join our growing team in India. The ideal candidate should possess excellent technical knowledge, strong sales [&hellip;]<\/p>\n","protected":false},"author":1,"featured_media":0,"parent":779,"menu_order":0,"comment_status":"closed","ping_status":"closed","template":"elementor_header_footer","meta":{"footnotes":""},"class_list":["post-7802","page","type-page","status-publish","hentry"],"_links":{"self":[{"href":"https:\/\/www.worldia-tools.com\/de\/wp-json\/wp\/v2\/pages\/7802","targetHints":{"allow":["GET"]}}],"collection":[{"href":"https:\/\/www.worldia-tools.com\/de\/wp-json\/wp\/v2\/pages"}],"about":[{"href":"https:\/\/www.worldia-tools.com\/de\/wp-json\/wp\/v2\/types\/page"}],"author":[{"embeddable":true,"href":"https:\/\/www.worldia-tools.com\/de\/wp-json\/wp\/v2\/users\/1"}],"replies":[{"embeddable":true,"href":"https:\/\/www.worldia-tools.com\/de\/wp-json\/wp\/v2\/comments?post=7802"}],"version-history":[{"count":87,"href":"https:\/\/www.worldia-tools.com\/de\/wp-json\/wp\/v2\/pages\/7802\/revisions"}],"predecessor-version":[{"id":18664,"href":"https:\/\/www.worldia-tools.com\/de\/wp-json\/wp\/v2\/pages\/7802\/revisions\/18664"}],"up":[{"embeddable":true,"href":"https:\/\/www.worldia-tools.com\/de\/wp-json\/wp\/v2\/pages\/779"}],"wp:attachment":[{"href":"https:\/\/www.worldia-tools.com\/de\/wp-json\/wp\/v2\/media?parent=7802"}],"curies":[{"name":"WP","href":"https:\/\/api.w.org\/{rel}","templated":true}]}}