{"id":18136,"date":"2025-09-25T10:08:57","date_gmt":"2025-09-25T02:08:57","guid":{"rendered":"https:\/\/www.worldia-tools.com\/?page_id=18136"},"modified":"2025-11-13T10:51:16","modified_gmt":"2025-11-13T02:51:16","slug":"european-region","status":"publish","type":"page","link":"https:\/\/www.worldia-tools.com\/es\/career\/european-region\/","title":{"rendered":"Regi\u00f3n Europea"},"content":{"rendered":"<div data-elementor-type=\"wp-page\" data-elementor-id=\"18136\" class=\"elementor elementor-18136\" data-elementor-post-type=\"page\">\n\t\t\t\t<div class=\"elementor-element elementor-element-62021db e-con-full e-flex e-con e-parent\" data-id=\"62021db\" data-element_type=\"container\" data-e-type=\"container\">\n\t\t\t\t<div class=\"elementor-element elementor-element-aa30b1c elementor-widget elementor-widget-image\" data-id=\"aa30b1c\" data-element_type=\"widget\" data-e-type=\"widget\" data-widget_type=\"image.default\">\n\t\t\t\t<div class=\"elementor-widget-container\">\n\t\t\t\t\t\t\t\t\t\t\t\t\t\t\t<img fetchpriority=\"high\" decoding=\"async\" width=\"1920\" height=\"300\" src=\"https:\/\/www.worldia-tools.com\/wp-content\/uploads\/2024\/08\/zhaopin-banner.jpg\" class=\"attachment-full size-full wp-image-7768\" alt=\"\u00danete a nosotros banner\" srcset=\"https:\/\/www.worldia-tools.com\/wp-content\/uploads\/2024\/08\/zhaopin-banner.jpg 1920w, https:\/\/www.worldia-tools.com\/wp-content\/uploads\/2024\/08\/zhaopin-banner-300x47.jpg 300w, https:\/\/www.worldia-tools.com\/wp-content\/uploads\/2024\/08\/zhaopin-banner-1024x160.jpg 1024w, https:\/\/www.worldia-tools.com\/wp-content\/uploads\/2024\/08\/zhaopin-banner-768x120.jpg 768w, https:\/\/www.worldia-tools.com\/wp-content\/uploads\/2024\/08\/zhaopin-banner-1536x240.jpg 1536w, https:\/\/www.worldia-tools.com\/wp-content\/uploads\/2024\/08\/zhaopin-banner-600x94.jpg 600w\" sizes=\"(max-width: 1920px) 100vw, 1920px\" \/>\t\t\t\t\t\t\t\t\t\t\t\t\t\t\t<\/div>\n\t\t\t\t<\/div>\n\t\t\t\t<\/div>\n\t\t\t\t<section class=\"elementor-section elementor-top-section elementor-element elementor-element-5af6215 elementor-section-boxed elementor-section-height-default elementor-section-height-default\" data-id=\"5af6215\" data-element_type=\"section\" data-e-type=\"section\">\n\t\t\t\t\t\t<div class=\"elementor-container elementor-column-gap-default\">\n\t\t\t\t\t<div class=\"elementor-column elementor-col-100 elementor-top-column elementor-element elementor-element-e8fd1a3\" data-id=\"e8fd1a3\" data-element_type=\"column\" data-e-type=\"column\">\n\t\t\t<div class=\"elementor-widget-wrap elementor-element-populated\">\n\t\t\t\t\t\t<div class=\"elementor-element elementor-element-84b6726 elementor-widget elementor-widget-woocommerce-breadcrumb\" data-id=\"84b6726\" data-element_type=\"widget\" data-e-type=\"widget\" data-widget_type=\"woocommerce-breadcrumb.default\">\n\t\t\t\t<div class=\"elementor-widget-container\">\n\t\t\t\t\t<nav class=\"woocommerce-breadcrumb\" aria-label=\"Breadcrumb\" data-no-translation=\"\" data-trp-gettext=\"\">Inicio<\/nav>\t\t\t\t<\/div>\n\t\t\t\t<\/div>\n\t\t\t\t\t<\/div>\n\t\t<\/div>\n\t\t\t\t\t<\/div>\n\t\t<\/section>\n\t\t<div class=\"elementor-element elementor-element-731df06 e-flex e-con-boxed e-con e-parent\" data-id=\"731df06\" data-element_type=\"container\" data-e-type=\"container\">\n\t\t\t\t\t<div class=\"e-con-inner\">\n\t\t\t\t<div class=\"elementor-element elementor-element-219dc8b elementor-widget elementor-widget-heading\" data-id=\"219dc8b\" data-element_type=\"widget\" data-e-type=\"widget\" data-widget_type=\"heading.default\">\n\t\t\t\t<div class=\"elementor-widget-container\">\n\t\t\t\t\t<h1 class=\"elementor-heading-title elementor-size-default\">T\u00edtulo de trabajo: <span style=\"color: inherit;font-family: var(--font-heading-family);font-size: calc(var(--font-heading-scale) * 4rem);font-weight: var(--font-heading-weight);letter-spacing: calc(var(--font-heading-scale) * .06rem);text-align: start;text-transform: none\">Gerente de ventas de \u00e1rea Italia<\/span><br><\/h1>\t\t\t\t<\/div>\n\t\t\t\t<\/div>\n\t\t<div class=\"elementor-element elementor-element-43ab33b e-con-full e-flex e-con e-child\" data-id=\"43ab33b\" data-element_type=\"container\" data-e-type=\"container\">\n\t\t\t\t<div class=\"elementor-element elementor-element-d21adf3 elementor-widget elementor-widget-text-editor\" data-id=\"d21adf3\" data-element_type=\"widget\" data-e-type=\"widget\" data-widget_type=\"text-editor.default\">\n\t\t\t\t<div class=\"elementor-widget-container\">\n\t\t\t\t\t\t\t\t\t<p>Beijing Worldia Diamond Tools Co., Ltd es un proveedor l\u00edder de herramientas de corte de alta calidad y soluciones para varias industrias. Actualmente estamos buscando un gerente de ventas de \u00e1rea motivado y experimentado para unirse a nuestro creciente equipo en Italia.\u00a0<\/p><p>Si est\u00e1s buscando oportunidades de trabajo, \u00a1ven y \u00fanete a nosotros!<\/p><p><strong><b>T\u00edtulo del puesto: Gerente de ventas de \u00e1rea Italia (m\/f\/d)<\/b><\/strong><\/p><p><strong><b>Ubicaci\u00f3n: Flexible (Remoto)<\/b><\/strong><\/p><p><strong><b>Descripci\u00f3n del trabajo<\/b><\/strong>Estamos buscando entusiastas gerentes de ventas de \u00e1rea en Italia para unirse a nuestro equipo. Como gerente de ventas de \u00e1rea, desempe\u00f1ar\u00e1 un papel clave en el desarrollo de ventas y rentabilidad dentro de Italia a trav\u00e9s de m\u00faltiples canales de ventas.<\/p><p><strong><b>Responsabilidades clave<\/b><\/strong>:<\/p><ul><li><strong>An\u00e1lisis de mercado:<\/strong>\u00a0Planificar estrat\u00e9gicamente las actividades de ventas a trav\u00e9s del an\u00e1lisis de mercado para identificar clientes potenciales y socios de canal alineados con nuestra empresa; objetivos estrat\u00e9gicos y objetivos anuales.<\/li><li><strong>Compromiso con el cliente:<\/strong>\u00a0Programar visitas productivas al cliente, fomentando relaciones fuertes que beneficien tanto al cliente como a nuestra empresa.<\/li><li><strong>Comunicaci\u00f3n con las partes interesadas:<\/strong>\u00a0Participar eficazmente con las partes interesadas internas y externas para construir una red robusta y responder r\u00e1pidamente a las necesidades de los clientes.<\/li><li><strong>Negociaciones:<\/strong>\u00a0Colaborar con clientes y socios de canal para negociar acuerdos que produzcan soluciones mutuamente beneficiosas.<\/li><li><strong>Operaciones de ventas:<\/strong>\u00a0Asegurar la alineaci\u00f3n sin problemas y el cumplimiento con los procesos, sistemas y directrices est\u00e1ndar de nuestra empresa, lo que resulta en flujos de trabajo y datos eficientes, \u00e1giles y correctos.<\/li><li><strong>Promoci\u00f3n del producto:<\/strong>\u00a0Promover nuestra gama completa de productos y servicios para satisfacer las necesidades de los clientes tanto para los requisitos de producto como para las aplicaciones.<\/li><li><strong>Venta de valor agregado:<\/strong>\u00a0Vender activamente nuestros productos y servicios proporcionando soluciones de valor a\u00f1adido que satisfagan a nuestros clientes&#8217; necesidades \u00fanicas.<\/li><li><strong>Cierre de ventas:<\/strong>\u00a0Asegurar las \u00f3rdenes de venta de los clientes tras su acuerdo con las soluciones de valor a\u00f1adido propuestas.<\/li><li><strong>Informes:<\/strong>\u00a0Documentar e informar sobre las actividades de ventas, incluyendo informes de pruebas, ahorros de costos y previsiones comerciales, a trav\u00e9s del monitoreo continuo de clientes y competidores.<br \/><br \/><\/li><\/ul><p><strong><b>Cualificaciones:<\/b><\/strong><\/p><ul><li><strong>Expertiza en corte de metales:<\/strong>\u00a0Forte conocimiento y experiencia pr\u00e1ctica en procesos de corte de metales, incluyendo torneado, fresado y fabricaci\u00f3n de orificios, idealmente en herramientas de corte s\u00faper duras.<br \/>T\u00e9cnico o grado de ingenier\u00eda preferido.<\/li><li><strong>Experiencia en ventas:<\/strong>\u00a05 a\u00f1os de experiencia demostrada en ventas de campo en herramientas de corte de metal con relaciones existentes con los clientes. Enfoque anal\u00edtico y sistem\u00e1tico, perspicacia empresarial.<\/li><li><strong>Tecnol\u00f3gico:<\/strong>\u00a0Conocimiento de MS Office para fines de ventas e informes.<br \/>Juicio pr\u00e1ctico y capacidad t\u00e1ctica de resoluci\u00f3n de problemas.<\/li><li><strong>Perfil de Hunter:<\/strong>\u00a0Enfoque proactivo tanto para desarrollar relaciones con clientes existentes como para adquirir nuevas.<\/li><li><strong>Interacci\u00f3n entre las partes interesadas:<\/strong>\u00a0Capaz de interactuar eficazmente con cuentas clave, socios de canal y empresas m\u00e1s peque\u00f1as.<br \/>Familiar con el medio ambiente en una empresa multinacional.<\/li><li><strong>Habilidades de comunicaci\u00f3n:<\/strong>\u00a0Excelentes habilidades de comunicaci\u00f3n, tanto dentro de Worldia como con los clientes. Fluencia en el idioma ingl\u00e9s (escrito y oral) de la regi\u00f3n de ventas respectiva.<\/li><li><strong>Jugador de equipo:<\/strong>\u00a0Compartir informaci\u00f3n de manera efectiva e involucrar a los miembros del equipo. Entender que el \u00e9xito es un resultado del equipo.<\/li><li><strong>Integridad:<\/strong>\u00a0Comprometidos con la \u00e9tica empresarial y el cumplimiento.<\/li><li><strong>Adaptabilidad:<\/strong>\u00a0Flexibilidad y adaptabilidad para navegar en un mercado y empresa cambiantes.<\/li><li><strong>Disponibilidad para viajar:<\/strong> 70%, licencia de conducir requerida.<\/li><\/ul><p>Esperamos dar la bienvenida a personas din\u00e1micas que est\u00e1n comprometidas a contribuir a Worldia&#8217; El \u00e9xito continuo.<\/p><p><strong><b>Para aplicar<\/b><\/strong>:<\/p><p>\u00a0 \u00a0 \u00a0 Si cree que tiene las habilidades y experiencia necesarias para sobresalir en este papel, por favor env\u00ede su curr\u00edculum junto con una carta de presentaci\u00f3n que detalle su experiencia y cualificaciones relevantes. Puede solicitar directamente a trav\u00e9s de nuestro sitio web o enviar su solicitud a <strong>info@worldia-tools.eu<\/strong><\/p><p>\u00a0 \u00a0 \u00a0 Somos un empleador de igualdad de oportunidades y damos la bienvenida a las solicitudes de todos los candidatos cualificados.<\/p>\t\t\t\t\t\t\t\t<\/div>\n\t\t\t\t<\/div>\n\t\t\t\t<\/div>\n\t\t\t\t\t<\/div>\n\t\t\t\t<\/div>\n\t\t<div class=\"elementor-element elementor-element-6d1d1b3 e-con-full e-flex e-con e-parent\" data-id=\"6d1d1b3\" data-element_type=\"container\" data-e-type=\"container\" data-settings=\"{&quot;background_background&quot;:&quot;classic&quot;}\">\n\t\t\t\t<\/div>\n\t\t\t\t<\/div>","protected":false},"excerpt":{"rendered":"<p>Job Title: Area Sales Manager Italy Beijing Worldia Diamond Tools Co., Ltd is a leading provider of high-quality cutting tools and solutions for various industries. We are currently seeking a motivated and experienced area sales manager to join our growing team in Italy.\u00a0 If you are looking for job opportunities, come and join us! Job [&hellip;]<\/p>\n","protected":false},"author":1,"featured_media":0,"parent":779,"menu_order":0,"comment_status":"closed","ping_status":"closed","template":"elementor_header_footer","meta":{"footnotes":""},"class_list":["post-18136","page","type-page","status-publish","hentry"],"_links":{"self":[{"href":"https:\/\/www.worldia-tools.com\/es\/wp-json\/wp\/v2\/pages\/18136","targetHints":{"allow":["GET"]}}],"collection":[{"href":"https:\/\/www.worldia-tools.com\/es\/wp-json\/wp\/v2\/pages"}],"about":[{"href":"https:\/\/www.worldia-tools.com\/es\/wp-json\/wp\/v2\/types\/page"}],"author":[{"embeddable":true,"href":"https:\/\/www.worldia-tools.com\/es\/wp-json\/wp\/v2\/users\/1"}],"replies":[{"embeddable":true,"href":"https:\/\/www.worldia-tools.com\/es\/wp-json\/wp\/v2\/comments?post=18136"}],"version-history":[{"count":19,"href":"https:\/\/www.worldia-tools.com\/es\/wp-json\/wp\/v2\/pages\/18136\/revisions"}],"predecessor-version":[{"id":18653,"href":"https:\/\/www.worldia-tools.com\/es\/wp-json\/wp\/v2\/pages\/18136\/revisions\/18653"}],"up":[{"embeddable":true,"href":"https:\/\/www.worldia-tools.com\/es\/wp-json\/wp\/v2\/pages\/779"}],"wp:attachment":[{"href":"https:\/\/www.worldia-tools.com\/es\/wp-json\/wp\/v2\/media?parent=18136"}],"curies":[{"name":"WP","href":"https:\/\/api.w.org\/{rel}","templated":true}]}}