{"id":22,"date":"2024-01-16T10:47:31","date_gmt":"2024-01-16T02:47:31","guid":{"rendered":"https:\/\/www.worldia-tools.com\/?page_id=22"},"modified":"2025-12-29T11:49:12","modified_gmt":"2025-12-29T03:49:12","slug":"products-and-services","status":"publish","type":"page","link":"https:\/\/www.worldia-tools.com\/es\/products-and-services\/","title":{"rendered":"Productos y servicios"},"content":{"rendered":"<div data-elementor-type=\"wp-page\" data-elementor-id=\"22\" class=\"elementor elementor-22\" data-elementor-post-type=\"page\">\n\t\t\t\t\t\t<section class=\"elementor-section elementor-top-section elementor-element elementor-element-e379aa1 elementor-section-boxed elementor-section-height-default elementor-section-height-default\" data-id=\"e379aa1\" data-element_type=\"section\" data-e-type=\"section\">\n\t\t\t\t\t\t<div class=\"elementor-container elementor-column-gap-default\">\n\t\t\t\t\t<div class=\"elementor-column elementor-col-100 elementor-top-column elementor-element elementor-element-bdfa6b1\" data-id=\"bdfa6b1\" data-element_type=\"column\" data-e-type=\"column\">\n\t\t\t<div class=\"elementor-widget-wrap elementor-element-populated\">\n\t\t\t\t\t\t<div class=\"elementor-element elementor-element-19130e8 elementor-widget elementor-widget-woocommerce-breadcrumb\" data-id=\"19130e8\" data-element_type=\"widget\" data-e-type=\"widget\" data-widget_type=\"woocommerce-breadcrumb.default\">\n\t\t\t\t<div class=\"elementor-widget-container\">\n\t\t\t\t\t<nav class=\"woocommerce-breadcrumb\" aria-label=\"Breadcrumb\" data-no-translation=\"\" data-trp-gettext=\"\">Inicio<\/nav>\t\t\t\t<\/div>\n\t\t\t\t<\/div>\n\t\t\t\t\t<\/div>\n\t\t<\/div>\n\t\t\t\t\t<\/div>\n\t\t<\/section>\n\t\t<div class=\"elementor-element elementor-element-9908f42 e-flex e-con-boxed e-con e-parent\" data-id=\"9908f42\" data-element_type=\"container\" data-e-type=\"container\" data-settings=\"{&quot;background_background&quot;:&quot;classic&quot;}\">\n\t\t\t\t\t<div class=\"e-con-inner\">\n\t\t\t\t<div class=\"elementor-element elementor-element-e1e2913 elementor-widget elementor-widget-heading\" data-id=\"e1e2913\" data-element_type=\"widget\" data-e-type=\"widget\" data-widget_type=\"heading.default\">\n\t\t\t\t<div class=\"elementor-widget-container\">\n\t\t\t\t\t<h2 class=\"elementor-heading-title elementor-size-default\">Productos &amp; Servicios<\/h2>\t\t\t\t<\/div>\n\t\t\t\t<\/div>\n\t\t\t\t<div class=\"elementor-element elementor-element-929d709 elementor-widget elementor-widget-text-editor\" data-id=\"929d709\" data-element_type=\"widget\" data-e-type=\"widget\" data-widget_type=\"text-editor.default\">\n\t\t\t\t<div class=\"elementor-widget-container\">\n\t\t\t\t\t\t\t\t\t<p>En la industria manufacturera en constante evoluci\u00f3n, estamos comprometidos a avanzar en nuestros productos y servicios para satisfacer sus necesidades. Estamos dedicados a proporcionar herramientas de corte y soluciones que se alineen con las ambiciones de su empresa, creciendo y evolucionando junto a usted. Con un fuerte enfoque en la precisi\u00f3n y la innovaci\u00f3n, nos especializamos en el desarrollo de herramientas de corte y materiales funcionales de diamantes. A trav\u00e9s de los continuos avances t\u00e9cnicos, hemos hecho innovaciones significativas en el dise\u00f1o y fabricaci\u00f3n de insertos PCBN, PCD y CVD, junto con productos relacionados.<\/p>\t\t\t\t\t\t\t\t<\/div>\n\t\t\t\t<\/div>\n\t\t\t\t<div class=\"elementor-element elementor-element-c1c3602 elementor-widget elementor-widget-template\" data-id=\"c1c3602\" data-element_type=\"widget\" data-e-type=\"widget\" data-widget_type=\"template.default\">\n\t\t\t\t<div class=\"elementor-widget-container\">\n\t\t\t\t\t\t\t<div class=\"elementor-template\">\n\t\t\t\t\t<div data-elementor-type=\"section\" data-elementor-id=\"19654\" class=\"elementor elementor-19654\" data-elementor-post-type=\"elementor_library\">\n\t\t\t<div class=\"elementor-element elementor-element-13527c2 e-flex e-con-boxed e-con e-parent\" data-id=\"13527c2\" data-element_type=\"container\" data-e-type=\"container\" data-settings=\"{&quot;background_background&quot;:&quot;classic&quot;}\">\n\t\t\t\t\t<div class=\"e-con-inner\">\n\t\t<div class=\"elementor-element elementor-element-2a4e8b6 e-flex e-con-boxed e-con e-child\" data-id=\"2a4e8b6\" data-element_type=\"container\" data-e-type=\"container\">\n\t\t\t\t\t<div class=\"e-con-inner\">\n\t\t<div class=\"elementor-element elementor-element-aeecc9c e-flex e-con-boxed e-con e-child\" data-id=\"aeecc9c\" data-element_type=\"container\" data-e-type=\"container\">\n\t\t\t\t\t<div class=\"e-con-inner\">\n\t\t\t\t<div class=\"elementor-element elementor-element-a129904 elementor-position-top elementor-widget elementor-widget-image-box\" data-id=\"a129904\" data-element_type=\"widget\" data-e-type=\"widget\" data-widget_type=\"image-box.default\">\n\t\t\t\t<div class=\"elementor-widget-container\">\n\t\t\t\t\t<div class=\"elementor-image-box-wrapper\"><figure class=\"elementor-image-box-img\"><a href=\"\/es\/products-and-services\/superhard-cutting-tools\/\" tabindex=\"-1\"><img fetchpriority=\"high\" decoding=\"async\" width=\"1700\" height=\"781\" src=\"https:\/\/www.worldia-tools.com\/wp-content\/uploads\/2025\/11\/Super-Hard-Cutting-Tools.webp\" class=\"attachment-full size-full wp-image-19636\" alt=\"Herramientas de corte s\u00faper duras\" srcset=\"https:\/\/www.worldia-tools.com\/wp-content\/uploads\/2025\/11\/Super-Hard-Cutting-Tools.webp 1700w, https:\/\/www.worldia-tools.com\/wp-content\/uploads\/2025\/11\/Super-Hard-Cutting-Tools-300x138.webp 300w, https:\/\/www.worldia-tools.com\/wp-content\/uploads\/2025\/11\/Super-Hard-Cutting-Tools-1024x470.webp 1024w, https:\/\/www.worldia-tools.com\/wp-content\/uploads\/2025\/11\/Super-Hard-Cutting-Tools-768x353.webp 768w, https:\/\/www.worldia-tools.com\/wp-content\/uploads\/2025\/11\/Super-Hard-Cutting-Tools-1536x706.webp 1536w, https:\/\/www.worldia-tools.com\/wp-content\/uploads\/2025\/11\/Super-Hard-Cutting-Tools-600x276.webp 600w\" sizes=\"(max-width: 1700px) 100vw, 1700px\" \/><\/a><\/figure><div class=\"elementor-image-box-content\"><h3 class=\"elementor-image-box-title\"><a href=\"\/es\/products-and-services\/superhard-cutting-tools\/\">Herramientas de corte s\u00faper duras<\/a><\/h3><p class=\"elementor-image-box-description\">Herramientas con PCD, CVDD, PCBN y MCD<br> bordes de corte\n<\/p><\/div><\/div>\t\t\t\t<\/div>\n\t\t\t\t<\/div>\n\t\t\t\t\t<\/div>\n\t\t\t\t<\/div>\n\t\t<div class=\"elementor-element elementor-element-3dd75e6 e-flex e-con-boxed e-con e-child\" data-id=\"3dd75e6\" data-element_type=\"container\" data-e-type=\"container\">\n\t\t\t\t\t<div class=\"e-con-inner\">\n\t\t\t\t<div class=\"elementor-element elementor-element-ed1aace elementor-position-top elementor-widget elementor-widget-image-box\" data-id=\"ed1aace\" data-element_type=\"widget\" data-e-type=\"widget\" data-widget_type=\"image-box.default\">\n\t\t\t\t<div class=\"elementor-widget-container\">\n\t\t\t\t\t<div class=\"elementor-image-box-wrapper\"><figure class=\"elementor-image-box-img\"><a href=\"\/es\/products-and-services\/carbide-tools\/\" tabindex=\"-1\"><img decoding=\"async\" width=\"1700\" height=\"781\" src=\"https:\/\/www.worldia-tools.com\/wp-content\/uploads\/2025\/11\/Carbide-Tools.webp\" class=\"attachment-full size-full wp-image-19637\" alt=\"Herramientas de carburo\" srcset=\"https:\/\/www.worldia-tools.com\/wp-content\/uploads\/2025\/11\/Carbide-Tools.webp 1700w, https:\/\/www.worldia-tools.com\/wp-content\/uploads\/2025\/11\/Carbide-Tools-300x138.webp 300w, https:\/\/www.worldia-tools.com\/wp-content\/uploads\/2025\/11\/Carbide-Tools-1024x470.webp 1024w, https:\/\/www.worldia-tools.com\/wp-content\/uploads\/2025\/11\/Carbide-Tools-768x353.webp 768w, https:\/\/www.worldia-tools.com\/wp-content\/uploads\/2025\/11\/Carbide-Tools-1536x706.webp 1536w, https:\/\/www.worldia-tools.com\/wp-content\/uploads\/2025\/11\/Carbide-Tools-600x276.webp 600w\" sizes=\"(max-width: 1700px) 100vw, 1700px\" \/><\/a><\/figure><div class=\"elementor-image-box-content\"><h3 class=\"elementor-image-box-title\"><a href=\"\/es\/products-and-services\/carbide-tools\/\">Herramientas de carburo<\/a><\/h3><p class=\"elementor-image-box-description\">Carburo s\u00f3lido e indexable <br> herramientas\n\n<\/p><\/div><\/div>\t\t\t\t<\/div>\n\t\t\t\t<\/div>\n\t\t\t\t\t<\/div>\n\t\t\t\t<\/div>\n\t\t<div class=\"elementor-element elementor-element-76d9554 e-con-full e-flex e-con e-child\" data-id=\"76d9554\" data-element_type=\"container\" data-e-type=\"container\">\n\t\t\t\t<div class=\"elementor-element elementor-element-0230e93 elementor-position-top elementor-widget elementor-widget-image-box\" data-id=\"0230e93\" data-element_type=\"widget\" data-e-type=\"widget\" data-widget_type=\"image-box.default\">\n\t\t\t\t<div class=\"elementor-widget-container\">\n\t\t\t\t\t<div class=\"elementor-image-box-wrapper\"><figure class=\"elementor-image-box-img\"><a href=\"\/es\/products-and-services\/precison-micro-tools\/\" tabindex=\"-1\"><img decoding=\"async\" width=\"1700\" height=\"781\" src=\"https:\/\/www.worldia-tools.com\/wp-content\/uploads\/2025\/11\/Precision-Micro-Tools.webp\" class=\"attachment-full size-full wp-image-19638\" alt=\"Microherramientas de precisi\u00f3n\" srcset=\"https:\/\/www.worldia-tools.com\/wp-content\/uploads\/2025\/11\/Precision-Micro-Tools.webp 1700w, https:\/\/www.worldia-tools.com\/wp-content\/uploads\/2025\/11\/Precision-Micro-Tools-300x138.webp 300w, https:\/\/www.worldia-tools.com\/wp-content\/uploads\/2025\/11\/Precision-Micro-Tools-1024x470.webp 1024w, https:\/\/www.worldia-tools.com\/wp-content\/uploads\/2025\/11\/Precision-Micro-Tools-768x353.webp 768w, https:\/\/www.worldia-tools.com\/wp-content\/uploads\/2025\/11\/Precision-Micro-Tools-1536x706.webp 1536w, https:\/\/www.worldia-tools.com\/wp-content\/uploads\/2025\/11\/Precision-Micro-Tools-600x276.webp 600w\" sizes=\"(max-width: 1700px) 100vw, 1700px\" \/><\/a><\/figure><div class=\"elementor-image-box-content\"><h3 class=\"elementor-image-box-title\"><a href=\"\/es\/products-and-services\/precison-micro-tools\/\">Microherramientas de precisi\u00f3n<\/a><\/h3><p class=\"elementor-image-box-description\">Herramientas de alta precisi\u00f3n para <br>Micromecanizado <\/p><\/div><\/div>\t\t\t\t<\/div>\n\t\t\t\t<\/div>\n\t\t\t\t<\/div>\n\t\t\t\t\t<\/div>\n\t\t\t\t<\/div>\n\t\t<div class=\"elementor-element elementor-element-e9060b3 e-con-full e-flex e-con e-child\" data-id=\"e9060b3\" data-element_type=\"container\" data-e-type=\"container\">\n\t\t<div class=\"elementor-element elementor-element-82766cd e-con-full e-flex e-con e-child\" data-id=\"82766cd\" data-element_type=\"container\" data-e-type=\"container\">\n\t\t\t\t<div class=\"elementor-element elementor-element-861235d elementor-position-top elementor-widget elementor-widget-image-box\" data-id=\"861235d\" data-element_type=\"widget\" data-e-type=\"widget\" data-widget_type=\"image-box.default\">\n\t\t\t\t<div class=\"elementor-widget-container\">\n\t\t\t\t\t<div class=\"elementor-image-box-wrapper\"><figure class=\"elementor-image-box-img\"><a href=\"\/es\/products-and-services\/toolholders-and-adaptors\/\" tabindex=\"-1\"><img loading=\"lazy\" decoding=\"async\" width=\"1800\" height=\"827\" src=\"https:\/\/www.worldia-tools.com\/wp-content\/uploads\/2025\/11\/Toolholders-and-Adaptors.webp\" class=\"attachment-full size-full wp-image-19639\" alt=\"Portaherramientas y adaptadores\" srcset=\"https:\/\/www.worldia-tools.com\/wp-content\/uploads\/2025\/11\/Toolholders-and-Adaptors.webp 1800w, https:\/\/www.worldia-tools.com\/wp-content\/uploads\/2025\/11\/Toolholders-and-Adaptors-300x138.webp 300w, https:\/\/www.worldia-tools.com\/wp-content\/uploads\/2025\/11\/Toolholders-and-Adaptors-1024x470.webp 1024w, https:\/\/www.worldia-tools.com\/wp-content\/uploads\/2025\/11\/Toolholders-and-Adaptors-768x353.webp 768w, https:\/\/www.worldia-tools.com\/wp-content\/uploads\/2025\/11\/Toolholders-and-Adaptors-1536x706.webp 1536w, https:\/\/www.worldia-tools.com\/wp-content\/uploads\/2025\/11\/Toolholders-and-Adaptors-600x276.webp 600w\" sizes=\"(max-width: 1800px) 100vw, 1800px\" \/><\/a><\/figure><div class=\"elementor-image-box-content\"><h3 class=\"elementor-image-box-title\"><a href=\"\/es\/products-and-services\/toolholders-and-adaptors\/\">Portaherramientas y adaptadores<\/a><\/h3><p class=\"elementor-image-box-description\">Accesorios para conectar nuestras herramientas a su <br>m\u00e1quina<\/p><\/div><\/div>\t\t\t\t<\/div>\n\t\t\t\t<\/div>\n\t\t\t\t<\/div>\n\t\t<div class=\"elementor-element elementor-element-c1f7478 e-flex e-con-boxed e-con e-child\" data-id=\"c1f7478\" data-element_type=\"container\" data-e-type=\"container\">\n\t\t\t\t\t<div class=\"e-con-inner\">\n\t\t\t\t<div class=\"elementor-element elementor-element-0dc3669 elementor-position-top elementor-widget elementor-widget-image-box\" data-id=\"0dc3669\" data-element_type=\"widget\" data-e-type=\"widget\" data-widget_type=\"image-box.default\">\n\t\t\t\t<div class=\"elementor-widget-container\">\n\t\t\t\t\t<div class=\"elementor-image-box-wrapper\"><figure class=\"elementor-image-box-img\"><a href=\"\/es\/products-and-services\/cutting-tool-reconditioning\/\" tabindex=\"-1\"><img loading=\"lazy\" decoding=\"async\" width=\"1700\" height=\"781\" src=\"https:\/\/www.worldia-tools.com\/wp-content\/uploads\/2025\/11\/Cutting-Tool-Reconditioning.webp\" class=\"attachment-full size-full wp-image-19640\" alt=\"Recondicionamiento de herramientas de corte\" srcset=\"https:\/\/www.worldia-tools.com\/wp-content\/uploads\/2025\/11\/Cutting-Tool-Reconditioning.webp 1700w, https:\/\/www.worldia-tools.com\/wp-content\/uploads\/2025\/11\/Cutting-Tool-Reconditioning-300x138.webp 300w, https:\/\/www.worldia-tools.com\/wp-content\/uploads\/2025\/11\/Cutting-Tool-Reconditioning-1024x470.webp 1024w, https:\/\/www.worldia-tools.com\/wp-content\/uploads\/2025\/11\/Cutting-Tool-Reconditioning-768x353.webp 768w, https:\/\/www.worldia-tools.com\/wp-content\/uploads\/2025\/11\/Cutting-Tool-Reconditioning-1536x706.webp 1536w, https:\/\/www.worldia-tools.com\/wp-content\/uploads\/2025\/11\/Cutting-Tool-Reconditioning-600x276.webp 600w\" sizes=\"(max-width: 1700px) 100vw, 1700px\" \/><\/a><\/figure><div class=\"elementor-image-box-content\"><h3 class=\"elementor-image-box-title\"><a href=\"\/es\/products-and-services\/cutting-tool-reconditioning\/\">Recondicionamiento de herramientas de corte<\/a><\/h3><p class=\"elementor-image-box-description\">Regrinding y retipping  <br> servicios<\/p><\/div><\/div>\t\t\t\t<\/div>\n\t\t\t\t<\/div>\n\t\t\t\t\t<\/div>\n\t\t\t\t<\/div>\n\t\t<div class=\"elementor-element elementor-element-2a9541c e-con-full e-flex e-con e-child\" data-id=\"2a9541c\" data-element_type=\"container\" data-e-type=\"container\">\n\t\t\t\t<div class=\"elementor-element elementor-element-b7f3132 elementor-position-top elementor-widget elementor-widget-image-box\" data-id=\"b7f3132\" data-element_type=\"widget\" data-e-type=\"widget\" data-widget_type=\"image-box.default\">\n\t\t\t\t<div class=\"elementor-widget-container\">\n\t\t\t\t\t<div class=\"elementor-image-box-wrapper\"><figure class=\"elementor-image-box-img\"><a href=\"\/es\/products-and-services\/lab-diamond-functional-materials\/\" tabindex=\"-1\"><img loading=\"lazy\" decoding=\"async\" width=\"2000\" height=\"919\" src=\"https:\/\/www.worldia-tools.com\/wp-content\/uploads\/2025\/11\/Lab-Diamond-Functional-Materials.webp\" class=\"attachment-full size-full wp-image-19641\" alt=\"Materiales funcionales de diamante de laboratorio\" srcset=\"https:\/\/www.worldia-tools.com\/wp-content\/uploads\/2025\/11\/Lab-Diamond-Functional-Materials.webp 2000w, https:\/\/www.worldia-tools.com\/wp-content\/uploads\/2025\/11\/Lab-Diamond-Functional-Materials-300x138.webp 300w, https:\/\/www.worldia-tools.com\/wp-content\/uploads\/2025\/11\/Lab-Diamond-Functional-Materials-1024x471.webp 1024w, https:\/\/www.worldia-tools.com\/wp-content\/uploads\/2025\/11\/Lab-Diamond-Functional-Materials-768x353.webp 768w, https:\/\/www.worldia-tools.com\/wp-content\/uploads\/2025\/11\/Lab-Diamond-Functional-Materials-1536x706.webp 1536w, https:\/\/www.worldia-tools.com\/wp-content\/uploads\/2025\/11\/Lab-Diamond-Functional-Materials-600x276.webp 600w\" sizes=\"(max-width: 2000px) 100vw, 2000px\" \/><\/a><\/figure><div class=\"elementor-image-box-content\"><h3 class=\"elementor-image-box-title\"><a href=\"\/es\/products-and-services\/lab-diamond-functional-materials\/\">Materiales funcionales de diamante de laboratorio<\/a><\/h3><p class=\"elementor-image-box-description\">En blanco de diamantes sint\u00e9ticos; disipadores de calor diamante,   <br> c\u00fapulas tweeter y matrices en blanco<\/p><\/div><\/div>\t\t\t\t<\/div>\n\t\t\t\t<\/div>\n\t\t\t\t<\/div>\n\t\t\t\t<\/div>\n\t\t\t\t\t<\/div>\n\t\t\t\t<\/div>\n\t\t\t\t<\/div>\n\t\t\t\t<\/div>\n\t\t\t\t\t\t<\/div>\n\t\t\t\t<\/div>\n\t\t\t\t\t<\/div>\n\t\t\t\t<\/div>\n\t\t<div class=\"elementor-element elementor-element-afde3d8 e-con-full e-flex e-con e-parent\" data-id=\"afde3d8\" data-element_type=\"container\" data-e-type=\"container\" data-settings=\"{&quot;background_background&quot;:&quot;classic&quot;}\">\n\t\t\t\t<\/div>\n\t\t\t\t<\/div>","protected":false},"excerpt":{"rendered":"<p>Products &amp; Services In the ever-evolving manufacturing industry, we are committed to advancing our products and services to meet your needs. We are dedicated to providing cutting tools and solutions that align with your company\u2019s ambitions, growing and evolving alongside you. With a strong focus on precision and innovation, we specialize in the development of [&hellip;]<\/p>\n","protected":false},"author":1,"featured_media":0,"parent":0,"menu_order":0,"comment_status":"closed","ping_status":"closed","template":"elementor_header_footer","meta":{"footnotes":""},"class_list":["post-22","page","type-page","status-publish","hentry"],"_links":{"self":[{"href":"https:\/\/www.worldia-tools.com\/es\/wp-json\/wp\/v2\/pages\/22","targetHints":{"allow":["GET"]}}],"collection":[{"href":"https:\/\/www.worldia-tools.com\/es\/wp-json\/wp\/v2\/pages"}],"about":[{"href":"https:\/\/www.worldia-tools.com\/es\/wp-json\/wp\/v2\/types\/page"}],"author":[{"embeddable":true,"href":"https:\/\/www.worldia-tools.com\/es\/wp-json\/wp\/v2\/users\/1"}],"replies":[{"embeddable":true,"href":"https:\/\/www.worldia-tools.com\/es\/wp-json\/wp\/v2\/comments?post=22"}],"version-history":[{"count":89,"href":"https:\/\/www.worldia-tools.com\/es\/wp-json\/wp\/v2\/pages\/22\/revisions"}],"predecessor-version":[{"id":20092,"href":"https:\/\/www.worldia-tools.com\/es\/wp-json\/wp\/v2\/pages\/22\/revisions\/20092"}],"wp:attachment":[{"href":"https:\/\/www.worldia-tools.com\/es\/wp-json\/wp\/v2\/media?parent=22"}],"curies":[{"name":"WP","href":"https:\/\/api.w.org\/{rel}","templated":true}]}}