{"id":7802,"date":"2024-08-30T10:12:50","date_gmt":"2024-08-30T02:12:50","guid":{"rendered":"https:\/\/www.worldia-tools.com\/?page_id=7802"},"modified":"2025-11-13T11:04:59","modified_gmt":"2025-11-13T03:04:59","slug":"asia-region-sales-engineer","status":"publish","type":"page","link":"https:\/\/www.worldia-tools.com\/es\/career\/asia-region-sales-engineer\/","title":{"rendered":"Ingeniero de ventas"},"content":{"rendered":"<div data-elementor-type=\"wp-page\" data-elementor-id=\"7802\" class=\"elementor elementor-7802\" data-elementor-post-type=\"page\">\n\t\t\t\t<div class=\"elementor-element elementor-element-62021db e-con-full e-flex e-con e-parent\" data-id=\"62021db\" data-element_type=\"container\" data-e-type=\"container\">\n\t\t\t\t<div class=\"elementor-element elementor-element-aa30b1c elementor-widget elementor-widget-image\" data-id=\"aa30b1c\" data-element_type=\"widget\" data-e-type=\"widget\" data-widget_type=\"image.default\">\n\t\t\t\t<div class=\"elementor-widget-container\">\n\t\t\t\t\t\t\t\t\t\t\t\t\t\t\t<img fetchpriority=\"high\" decoding=\"async\" width=\"1920\" height=\"300\" src=\"https:\/\/www.worldia-tools.com\/wp-content\/uploads\/2024\/08\/zhaopin-banner.jpg\" class=\"attachment-full size-full wp-image-7768\" alt=\"\u00danete a nosotros banner\" srcset=\"https:\/\/www.worldia-tools.com\/wp-content\/uploads\/2024\/08\/zhaopin-banner.jpg 1920w, https:\/\/www.worldia-tools.com\/wp-content\/uploads\/2024\/08\/zhaopin-banner-300x47.jpg 300w, https:\/\/www.worldia-tools.com\/wp-content\/uploads\/2024\/08\/zhaopin-banner-1024x160.jpg 1024w, https:\/\/www.worldia-tools.com\/wp-content\/uploads\/2024\/08\/zhaopin-banner-768x120.jpg 768w, https:\/\/www.worldia-tools.com\/wp-content\/uploads\/2024\/08\/zhaopin-banner-1536x240.jpg 1536w, https:\/\/www.worldia-tools.com\/wp-content\/uploads\/2024\/08\/zhaopin-banner-600x94.jpg 600w\" sizes=\"(max-width: 1920px) 100vw, 1920px\" \/>\t\t\t\t\t\t\t\t\t\t\t\t\t\t\t<\/div>\n\t\t\t\t<\/div>\n\t\t\t\t<\/div>\n\t\t\t\t<section class=\"elementor-section elementor-top-section elementor-element elementor-element-8e1f1e2 elementor-section-boxed elementor-section-height-default elementor-section-height-default\" data-id=\"8e1f1e2\" data-element_type=\"section\" data-e-type=\"section\">\n\t\t\t\t\t\t<div class=\"elementor-container elementor-column-gap-default\">\n\t\t\t\t\t<div class=\"elementor-column elementor-col-100 elementor-top-column elementor-element elementor-element-75cfd5e\" data-id=\"75cfd5e\" data-element_type=\"column\" data-e-type=\"column\">\n\t\t\t<div class=\"elementor-widget-wrap elementor-element-populated\">\n\t\t\t\t\t\t<div class=\"elementor-element elementor-element-c0ecec7 elementor-widget elementor-widget-woocommerce-breadcrumb\" data-id=\"c0ecec7\" data-element_type=\"widget\" data-e-type=\"widget\" data-widget_type=\"woocommerce-breadcrumb.default\">\n\t\t\t\t<div class=\"elementor-widget-container\">\n\t\t\t\t\t<nav class=\"woocommerce-breadcrumb\" aria-label=\"Breadcrumb\" data-no-translation=\"\" data-trp-gettext=\"\">Inicio<\/nav>\t\t\t\t<\/div>\n\t\t\t\t<\/div>\n\t\t\t\t\t<\/div>\n\t\t<\/div>\n\t\t\t\t\t<\/div>\n\t\t<\/section>\n\t\t<div class=\"elementor-element elementor-element-731df06 e-flex e-con-boxed e-con e-parent\" data-id=\"731df06\" data-element_type=\"container\" data-e-type=\"container\">\n\t\t\t\t\t<div class=\"e-con-inner\">\n\t\t\t\t<div class=\"elementor-element elementor-element-219dc8b elementor-widget elementor-widget-heading\" data-id=\"219dc8b\" data-element_type=\"widget\" data-e-type=\"widget\" data-widget_type=\"heading.default\">\n\t\t\t\t<div class=\"elementor-widget-container\">\n\t\t\t\t\t<h1 class=\"elementor-heading-title elementor-size-default\"> T\u00edtulo de trabajo: Ingeniero de ventas de herramientas (espa\u00f1ol, alem\u00e1n, japon\u00e9s)\n<\/h1>\t\t\t\t<\/div>\n\t\t\t\t<\/div>\n\t\t<div class=\"elementor-element elementor-element-43ab33b e-con-full e-flex e-con e-child\" data-id=\"43ab33b\" data-element_type=\"container\" data-e-type=\"container\">\n\t\t\t\t<div class=\"elementor-element elementor-element-d21adf3 elementor-widget elementor-widget-text-editor\" data-id=\"d21adf3\" data-element_type=\"widget\" data-e-type=\"widget\" data-widget_type=\"text-editor.default\">\n\t\t\t\t<div class=\"elementor-widget-container\">\n\t\t\t\t\t\t\t\t\t<p style=\"text-align: left;\">Beijing Worldia Diamond Tools Co., Ltd es un proveedor l\u00edder de herramientas de corte de alta calidad y soluciones para varias industrias. Actualmente estamos buscando un ingeniero de ventas de herramientas motivado y experimentado para unirse a nuestro creciente equipo en India. El candidato ideal debe poseer excelentes conocimientos t\u00e9cnicos, fuertes habilidades de ventas y la capacidad de construir relaciones duraderas con los clientes.<\/p><p>Si est\u00e1s buscando oportunidades de trabajo, \u00a1ven y \u00fanete a nosotros!<strong><b> \u00a0<\/b><\/strong><\/p><p><strong><b>T\u00edtulo de trabajo: <\/b><\/strong><strong><b>Ingeniero de ventas de herramientas (espa\u00f1ol, alem\u00e1n, japon\u00e9s)<\/b><\/strong><\/p><p><strong><b>Ubicaci\u00f3n:<\/b><\/strong><strong><b>\u00a0Langfang, China<\/b><\/strong><\/p><p><strong><b>Principales responsabilidades:<\/b><\/strong><\/p><ol><li>Responsable de las ventas en el extranjero de productos de herramientas PCD \/ PCBN;<\/li><li>Desarrollar clientes de forma independiente a trav\u00e9s de canales como Alibaba, B2B y Google, y manejar y responder r\u00e1pidamente a las consultas de los clientes;<\/li><li>Utilizar sus propias habilidades de comunicaci\u00f3n para comunicarse con los clientes por correo electr\u00f3nico o tel\u00e9fono para facilitar las transacciones;<\/li><li>Seguir el uso del producto y mantener buenas relaciones con los clientes;<\/li><li>Recopilar y organizar informaci\u00f3n relacionada con la industria para promover y promover la empresa&#8217; productos S.<\/li><\/ol><p><strong><b>Requisitos:<\/b><\/strong><\/p><ol><li>Licenciatura o superior, especializaci\u00f3n en comercio internacional y maquinaria es preferible; Familiar con el conocimiento del producto de herramientas mec\u00e1nicas, tales como tipos de herramientas, materiales, rendimiento, escenarios de aplicaci\u00f3n, etc.;<\/li><li>Tener excelentes habilidades de escucha, habla, lectura y escritura en ingl\u00e9s, ser capaz de comunicarse con fluidez con clientes extranjeros, manejar correos electr\u00f3nicos de negocios en ingl\u00e9s, etc., dominar una segunda lengua extranjera, como espa\u00f1ol, alem\u00e1n, japon\u00e9s, etc., y tener ciertas habilidades de comunicaci\u00f3n;<\/li><li>Proficiente en software de oficina como Word, Excel, PowerPoint, etc., y ser capaz de producir documentos comerciales profesionales e informes de ventas. Al mismo tiempo, dominar la operaci\u00f3n de software y plataformas relacionadas con el comercio internacional, como la estaci\u00f3n internacional de Alibaba, el sistema de declaraci\u00f3n aduanera, etc.;<\/li><li>Se prefieren aquellos con m\u00e1s de 1 a\u00f1o de experiencia en ventas en la industria de herramientas mec\u00e1nicas o experiencia en el desarrollo de negocios internacionales, y aquellos con ciertos recursos de clientes y canales de ventas son a\u00fan mejores.<\/li><li>Tener fuertes capacidades de desarrollo de mercado y desarrollo de clientes, ser capaz de encontrar activamente clientes potenciales, establecer y mantener buenas relaciones con los clientes.<\/li><li>Tener buenas habilidades de comunicaci\u00f3n y coordinaci\u00f3n y esp\u00edritu de trabajo en equipo, y ser capaz de trabajar estrechamente con la empresa&#8217; de producci\u00f3n interna, tecnolog\u00eda, log\u00edstica y otros departamentos para garantizar la ejecuci\u00f3n sin problemas de los pedidos.<\/li><li>Los negocios internacionales involucran diferentes culturas y fusos horarios, lo que requiere que los profesionales tengan una buena adaptabilidad y resistencia al estr\u00e9s, y sean capaces de mantener un buen estado de trabajo bajo un ritmo de trabajo de alta intensidad.<\/li><\/ol><p><strong><b>Lo que ofrecemos<\/b><\/strong>:<\/p><ol><li>Paquete salarial competitivo basado en experiencia y rendimiento.<\/li><li>Oportunidades de crecimiento profesional y avance profesional dentro de la organizaci\u00f3n.<\/li><li>Un entorno de trabajo din\u00e1mico y de apoyo con un enfoque en la satisfacci\u00f3n de los empleados y el equilibrio entre vida laboral y personal.<\/li><\/ol><p><strong><b>Para aplicar<\/b><\/strong>:<\/p><p>\u00a0 \u00a0 \u00a0 \u00a0Si cree que tiene las habilidades y experiencia necesarias para sobresalir en este papel, por favor env\u00ede su curr\u00edculum junto con una carta de presentaci\u00f3n que detalle su experiencia y cualificaciones relevantes. Puede solicitar directamente a trav\u00e9s de nuestro sitio web o enviar su solicitud a<u>\u00a0<\/u><strong><b>jxhr@worldiatools.com.<\/b><\/strong><\/p><p>\u00a0 \u00a0 \u00a0 \u00a0Somos un empleador de igualdad de oportunidades y damos la bienvenida a las solicitudes de todos los candidatos cualificados.<\/p>\t\t\t\t\t\t\t\t<\/div>\n\t\t\t\t<\/div>\n\t\t\t\t<\/div>\n\t\t\t\t\t<\/div>\n\t\t\t\t<\/div>\n\t\t<div class=\"elementor-element elementor-element-6d1d1b3 e-con-full e-flex e-con e-parent\" data-id=\"6d1d1b3\" data-element_type=\"container\" data-e-type=\"container\" data-settings=\"{&quot;background_background&quot;:&quot;classic&quot;}\">\n\t\t\t\t<\/div>\n\t\t\t\t<\/div>","protected":false},"excerpt":{"rendered":"<p>Job Title: Tool Sales Engineer (Spanish, German, Japanese) Beijing Worldia Diamond Tools Co., Ltd is a leading provider of high-quality cutting tools and solutions for various industries. We are currently seeking a motivated and experienced tool sales engineer to join our growing team in India. The ideal candidate should possess excellent technical knowledge, strong sales [&hellip;]<\/p>\n","protected":false},"author":1,"featured_media":0,"parent":779,"menu_order":0,"comment_status":"closed","ping_status":"closed","template":"elementor_header_footer","meta":{"footnotes":""},"class_list":["post-7802","page","type-page","status-publish","hentry"],"_links":{"self":[{"href":"https:\/\/www.worldia-tools.com\/es\/wp-json\/wp\/v2\/pages\/7802","targetHints":{"allow":["GET"]}}],"collection":[{"href":"https:\/\/www.worldia-tools.com\/es\/wp-json\/wp\/v2\/pages"}],"about":[{"href":"https:\/\/www.worldia-tools.com\/es\/wp-json\/wp\/v2\/types\/page"}],"author":[{"embeddable":true,"href":"https:\/\/www.worldia-tools.com\/es\/wp-json\/wp\/v2\/users\/1"}],"replies":[{"embeddable":true,"href":"https:\/\/www.worldia-tools.com\/es\/wp-json\/wp\/v2\/comments?post=7802"}],"version-history":[{"count":87,"href":"https:\/\/www.worldia-tools.com\/es\/wp-json\/wp\/v2\/pages\/7802\/revisions"}],"predecessor-version":[{"id":18664,"href":"https:\/\/www.worldia-tools.com\/es\/wp-json\/wp\/v2\/pages\/7802\/revisions\/18664"}],"up":[{"embeddable":true,"href":"https:\/\/www.worldia-tools.com\/es\/wp-json\/wp\/v2\/pages\/779"}],"wp:attachment":[{"href":"https:\/\/www.worldia-tools.com\/es\/wp-json\/wp\/v2\/media?parent=7802"}],"curies":[{"name":"WP","href":"https:\/\/api.w.org\/{rel}","templated":true}]}}