{"id":15104,"date":"2025-05-12T13:25:23","date_gmt":"2025-05-12T05:25:23","guid":{"rendered":"https:\/\/www.worldia-tools.com\/?page_id=15104"},"modified":"2025-11-13T11:04:51","modified_gmt":"2025-11-13T03:04:51","slug":"north-america-latin-america-region","status":"publish","type":"page","link":"https:\/\/www.worldia-tools.com\/fr\/career\/north-america-latin-america-region\/","title":{"rendered":"Am\u00e9rique du Nord &#038; R\u00e9gion Am\u00e9rique latine"},"content":{"rendered":"<div data-elementor-type=\"wp-page\" data-elementor-id=\"15104\" class=\"elementor elementor-15104\" data-elementor-post-type=\"page\">\n\t\t\t\t<div class=\"elementor-element elementor-element-62021db e-con-full e-flex e-con e-parent\" data-id=\"62021db\" data-element_type=\"container\" data-e-type=\"container\">\n\t\t\t\t<div class=\"elementor-element elementor-element-aa30b1c elementor-widget elementor-widget-image\" data-id=\"aa30b1c\" data-element_type=\"widget\" data-e-type=\"widget\" data-widget_type=\"image.default\">\n\t\t\t\t<div class=\"elementor-widget-container\">\n\t\t\t\t\t\t\t\t\t\t\t\t\t\t\t<img fetchpriority=\"high\" decoding=\"async\" width=\"1920\" height=\"300\" src=\"https:\/\/www.worldia-tools.com\/wp-content\/uploads\/2024\/08\/zhaopin-banner.jpg\" class=\"attachment-full size-full wp-image-7768\" alt=\"Rejoignez-nous banni\u00e8re\" srcset=\"https:\/\/www.worldia-tools.com\/wp-content\/uploads\/2024\/08\/zhaopin-banner.jpg 1920w, https:\/\/www.worldia-tools.com\/wp-content\/uploads\/2024\/08\/zhaopin-banner-300x47.jpg 300w, https:\/\/www.worldia-tools.com\/wp-content\/uploads\/2024\/08\/zhaopin-banner-1024x160.jpg 1024w, https:\/\/www.worldia-tools.com\/wp-content\/uploads\/2024\/08\/zhaopin-banner-768x120.jpg 768w, https:\/\/www.worldia-tools.com\/wp-content\/uploads\/2024\/08\/zhaopin-banner-1536x240.jpg 1536w, https:\/\/www.worldia-tools.com\/wp-content\/uploads\/2024\/08\/zhaopin-banner-600x94.jpg 600w\" sizes=\"(max-width: 1920px) 100vw, 1920px\" \/>\t\t\t\t\t\t\t\t\t\t\t\t\t\t\t<\/div>\n\t\t\t\t<\/div>\n\t\t\t\t<\/div>\n\t\t\t\t<section class=\"elementor-section elementor-top-section elementor-element elementor-element-a2d0a87 elementor-section-boxed elementor-section-height-default elementor-section-height-default\" data-id=\"a2d0a87\" data-element_type=\"section\" data-e-type=\"section\">\n\t\t\t\t\t\t<div class=\"elementor-container elementor-column-gap-default\">\n\t\t\t\t\t<div class=\"elementor-column elementor-col-100 elementor-top-column elementor-element elementor-element-5252cbd\" data-id=\"5252cbd\" data-element_type=\"column\" data-e-type=\"column\">\n\t\t\t<div class=\"elementor-widget-wrap elementor-element-populated\">\n\t\t\t\t\t\t<div class=\"elementor-element elementor-element-4af22b7 elementor-widget elementor-widget-woocommerce-breadcrumb\" data-id=\"4af22b7\" data-element_type=\"widget\" data-e-type=\"widget\" data-widget_type=\"woocommerce-breadcrumb.default\">\n\t\t\t\t<div class=\"elementor-widget-container\">\n\t\t\t\t\t<nav class=\"woocommerce-breadcrumb\" aria-label=\"Breadcrumb\" data-no-translation=\"\" data-trp-gettext=\"\">\u9996\u9875<\/nav>\t\t\t\t<\/div>\n\t\t\t\t<\/div>\n\t\t\t\t\t<\/div>\n\t\t<\/div>\n\t\t\t\t\t<\/div>\n\t\t<\/section>\n\t\t<div class=\"elementor-element elementor-element-731df06 e-flex e-con-boxed e-con e-parent\" data-id=\"731df06\" data-element_type=\"container\" data-e-type=\"container\">\n\t\t\t\t\t<div class=\"e-con-inner\">\n\t\t\t\t<div class=\"elementor-element elementor-element-219dc8b elementor-widget elementor-widget-heading\" data-id=\"219dc8b\" data-element_type=\"widget\" data-e-type=\"widget\" data-widget_type=\"heading.default\">\n\t\t\t\t<div class=\"elementor-widget-container\">\n\t\t\t\t\t<h1 class=\"elementor-heading-title elementor-size-default\">\nTitre du poste: Ing\u00e9nieur de vente d'outils<\/h1>\t\t\t\t<\/div>\n\t\t\t\t<\/div>\n\t\t<div class=\"elementor-element elementor-element-43ab33b e-con-full e-flex e-con e-child\" data-id=\"43ab33b\" data-element_type=\"container\" data-e-type=\"container\">\n\t\t\t\t<div class=\"elementor-element elementor-element-d21adf3 elementor-widget elementor-widget-text-editor\" data-id=\"d21adf3\" data-element_type=\"widget\" data-e-type=\"widget\" data-widget_type=\"text-editor.default\">\n\t\t\t\t<div class=\"elementor-widget-container\">\n\t\t\t\t\t\t\t\t\t<p>Beijing Worldia Diamond Tools Co., Ltd est un fournisseur leader d'outils de coupe de haute qualit\u00e9 et de solutions pour diverses industries. Nous recherchons actuellement un ing\u00e9nieur de vente d'outils motiv\u00e9 et exp\u00e9riment\u00e9 pour rejoindre notre \u00e9quipe en croissance en Inde. Le candidat id\u00e9al devrait poss\u00e9der d\u2019excellentes connaissances techniques, de solides comp\u00e9tences en vente et la capacit\u00e9 d\u2019\u00e9tablir des relations durables avec les clients.<\/p>\n<p>Si vous \u00eates \u00e0 la recherche d'opportunit\u00e9s d'emploi, venez nous rejoindre!<\/p>\n<p><strong><b>Titre du poste: Ing\u00e9nieur de vente d'outils<\/b><\/strong><\/p>\n<p><strong><b>Emplacement : Mexique<\/b><\/strong><\/p>\n<p><strong><b>Principales responsabilit\u00e9s<\/b><\/strong>:<\/p>\n<ol>\n<li>D\u00e9velopper et mettre en \u0153uvre des strat\u00e9gies de vente pour atteindre et d\u00e9passer les objectifs de vente pour les outils de coupe dans les territoires assign\u00e9s.<\/li>\n<li>Conduire des \u00e9tudes de march\u00e9 et analyser les besoins des clients pour identifier les opportunit\u00e9s commerciales potentielles.<\/li>\n<li>Construire et maintenir des relations solides avec les clients existants, tout en recherchant activement de nouveaux prospects commerciaux.<\/li>\n<li>Fournir une formation sur les produits et un soutien aux clients, en s'assurant qu'ils comprennent les caract\u00e9ristiques et les avantages de nos outils de coupe.<\/li>\n<li>Collaborer avec des \u00e9quipes internes, telles que le d\u00e9veloppement de produits et le marketing, pour am\u00e9liorer les offres de produits et d\u00e9velopper des mat\u00e9riaux de vente efficaces.<\/li>\n<li>Assistez \u00e0 des \u00e9v\u00e9nements industriels et \u00e0 des salons pour repr\u00e9senter l'entreprise, pr\u00e9senter nos produits et \u00e9tablir des r\u00e9seaux avec des clients potentiels.<\/li>\n<li>Pr\u00e9parer des rapports de vente et fournir des mises \u00e0 jour r\u00e9guli\u00e8res sur les progr\u00e8s accomplis dans la r\u00e9alisation des objectifs de vente.<\/li>\n<\/ol>\n<p><strong><b>Exigences<\/b><\/strong>:<\/p>\n<ol>\n<li>Licence&#8217; dipl\u00f4me en g\u00e9nie m\u00e9canique, en g\u00e9nie industriel ou dans un domaine connexe.<\/li>\n<li>Un minimum de 3 ans d'exp\u00e9rience dans la vente d'outils, de pr\u00e9f\u00e9rence dans l'industrie des outils de coupe.<\/li>\n<li>Avoir une exp\u00e9rience prouv\u00e9e d'atteindre et de d\u00e9passer les objectifs de vente.<\/li>\n<li>Excellente communication, n\u00e9gociation et comp\u00e9tences interpersonnelles.<\/li>\n<li>Ableto travaille de mani\u00e8re ind\u00e9pendante et en \u00e9quipe.<\/li>\n<li>Conna\u00eetre le logiciel CAO et les sp\u00e9cifications des outils de coupe est un plus.<\/li>\n<li>Accepter totravel au Mexique&nbsp; et \u00e0 l'\u00e9tranger pour les visites de clients et les \u00e9v\u00e9nements de l'industrie.<\/li>\n<\/ol>\n<p><strong><b>Ce que nous offrons<\/b><\/strong>:<\/p>\n<ol>\n<li>Paquet de salaire comp\u00e9titif bas\u00e9 sur l'exp\u00e9rience et la performance.<\/li>\n<li>Opportunit\u00e9s de croissance professionnelle et d'avancement de carri\u00e8re au sein de l'organisation.<\/li>\n<li>Un environnement de travail favorable et dynamique mettant l\u2019accent sur la satisfaction des employ\u00e9s et l\u2019\u00e9quilibre vie professionnelle et vie priv\u00e9e.<\/li>\n<\/ol>\n<p><strong><b>Pour appliquer<\/b><\/strong>:<\/p>\n<p>&nbsp; &nbsp; &nbsp; Si vous pensez avoir les comp\u00e9tences et l'exp\u00e9rience n\u00e9cessaires pour exceller dans ce r\u00f4le, veuillez soumettre votre CV avec une lettre de motivation d\u00e9taillant votre exp\u00e9rience pertinente et  &nbsp;  &nbsp;  &nbsp;  &nbsp;  &nbsp;  &nbsp;  &nbsp;  &nbsp;  &nbsp; qualifications. Vous pouvez postuler directement via notre site Web ou envoyer votre demande \u00e0<u>&nbsp;<\/u><strong><b>jxhr@worldiatools.com.<\/b><\/strong><\/p>\n<p>&nbsp; &nbsp; &nbsp; Nous sommes un employeur d'\u00e9galit\u00e9 des chances et accueillons les candidatures de tous les candidats qualifi\u00e9s.<\/p>\t\t\t\t\t\t\t\t<\/div>\n\t\t\t\t<\/div>\n\t\t\t\t<\/div>\n\t\t\t\t\t<\/div>\n\t\t\t\t<\/div>\n\t\t<div class=\"elementor-element elementor-element-6d1d1b3 e-con-full e-flex e-con e-parent\" data-id=\"6d1d1b3\" data-element_type=\"container\" data-e-type=\"container\" data-settings=\"{&quot;background_background&quot;:&quot;classic&quot;}\">\n\t\t\t\t<\/div>\n\t\t\t\t<\/div>","protected":false},"excerpt":{"rendered":"<p>Job Title: Tool Sales Engineer Beijing Worldia Diamond Tools Co., Ltd is a leading provider of high-quality cutting tools and solutions for various industries. We are currently seeking a motivated and experienced tool sales engineer to join our growing team in India. The ideal candidate should possess excellent technical knowledge, strong sales skills, and the [&hellip;]<\/p>\n","protected":false},"author":1,"featured_media":0,"parent":779,"menu_order":0,"comment_status":"closed","ping_status":"closed","template":"elementor_header_footer","meta":{"footnotes":""},"class_list":["post-15104","page","type-page","status-publish","hentry"],"_links":{"self":[{"href":"https:\/\/www.worldia-tools.com\/fr\/wp-json\/wp\/v2\/pages\/15104","targetHints":{"allow":["GET"]}}],"collection":[{"href":"https:\/\/www.worldia-tools.com\/fr\/wp-json\/wp\/v2\/pages"}],"about":[{"href":"https:\/\/www.worldia-tools.com\/fr\/wp-json\/wp\/v2\/types\/page"}],"author":[{"embeddable":true,"href":"https:\/\/www.worldia-tools.com\/fr\/wp-json\/wp\/v2\/users\/1"}],"replies":[{"embeddable":true,"href":"https:\/\/www.worldia-tools.com\/fr\/wp-json\/wp\/v2\/comments?post=15104"}],"version-history":[{"count":10,"href":"https:\/\/www.worldia-tools.com\/fr\/wp-json\/wp\/v2\/pages\/15104\/revisions"}],"predecessor-version":[{"id":18661,"href":"https:\/\/www.worldia-tools.com\/fr\/wp-json\/wp\/v2\/pages\/15104\/revisions\/18661"}],"up":[{"embeddable":true,"href":"https:\/\/www.worldia-tools.com\/fr\/wp-json\/wp\/v2\/pages\/779"}],"wp:attachment":[{"href":"https:\/\/www.worldia-tools.com\/fr\/wp-json\/wp\/v2\/media?parent=15104"}],"curies":[{"name":"WP","href":"https:\/\/api.w.org\/{rel}","templated":true}]}}