{"id":18136,"date":"2025-09-25T10:08:57","date_gmt":"2025-09-25T02:08:57","guid":{"rendered":"https:\/\/www.worldia-tools.com\/?page_id=18136"},"modified":"2025-11-13T10:51:16","modified_gmt":"2025-11-13T02:51:16","slug":"european-region","status":"publish","type":"page","link":"https:\/\/www.worldia-tools.com\/fr\/career\/european-region\/","title":{"rendered":"R\u00e9gion europ\u00e9enne"},"content":{"rendered":"<div data-elementor-type=\"wp-page\" data-elementor-id=\"18136\" class=\"elementor elementor-18136\" data-elementor-post-type=\"page\">\n\t\t\t\t<div class=\"elementor-element elementor-element-62021db e-con-full e-flex e-con e-parent\" data-id=\"62021db\" data-element_type=\"container\" data-e-type=\"container\">\n\t\t\t\t<div class=\"elementor-element elementor-element-aa30b1c elementor-widget elementor-widget-image\" data-id=\"aa30b1c\" data-element_type=\"widget\" data-e-type=\"widget\" data-widget_type=\"image.default\">\n\t\t\t\t<div class=\"elementor-widget-container\">\n\t\t\t\t\t\t\t\t\t\t\t\t\t\t\t<img fetchpriority=\"high\" decoding=\"async\" width=\"1920\" height=\"300\" src=\"https:\/\/www.worldia-tools.com\/wp-content\/uploads\/2024\/08\/zhaopin-banner.jpg\" class=\"attachment-full size-full wp-image-7768\" alt=\"Rejoignez-nous banni\u00e8re\" srcset=\"https:\/\/www.worldia-tools.com\/wp-content\/uploads\/2024\/08\/zhaopin-banner.jpg 1920w, https:\/\/www.worldia-tools.com\/wp-content\/uploads\/2024\/08\/zhaopin-banner-300x47.jpg 300w, https:\/\/www.worldia-tools.com\/wp-content\/uploads\/2024\/08\/zhaopin-banner-1024x160.jpg 1024w, https:\/\/www.worldia-tools.com\/wp-content\/uploads\/2024\/08\/zhaopin-banner-768x120.jpg 768w, https:\/\/www.worldia-tools.com\/wp-content\/uploads\/2024\/08\/zhaopin-banner-1536x240.jpg 1536w, https:\/\/www.worldia-tools.com\/wp-content\/uploads\/2024\/08\/zhaopin-banner-600x94.jpg 600w\" sizes=\"(max-width: 1920px) 100vw, 1920px\" \/>\t\t\t\t\t\t\t\t\t\t\t\t\t\t\t<\/div>\n\t\t\t\t<\/div>\n\t\t\t\t<\/div>\n\t\t\t\t<section class=\"elementor-section elementor-top-section elementor-element elementor-element-5af6215 elementor-section-boxed elementor-section-height-default elementor-section-height-default\" data-id=\"5af6215\" data-element_type=\"section\" data-e-type=\"section\">\n\t\t\t\t\t\t<div class=\"elementor-container elementor-column-gap-default\">\n\t\t\t\t\t<div class=\"elementor-column elementor-col-100 elementor-top-column elementor-element elementor-element-e8fd1a3\" data-id=\"e8fd1a3\" data-element_type=\"column\" data-e-type=\"column\">\n\t\t\t<div class=\"elementor-widget-wrap elementor-element-populated\">\n\t\t\t\t\t\t<div class=\"elementor-element elementor-element-84b6726 elementor-widget elementor-widget-woocommerce-breadcrumb\" data-id=\"84b6726\" data-element_type=\"widget\" data-e-type=\"widget\" data-widget_type=\"woocommerce-breadcrumb.default\">\n\t\t\t\t<div class=\"elementor-widget-container\">\n\t\t\t\t\t<nav class=\"woocommerce-breadcrumb\" aria-label=\"Breadcrumb\" data-no-translation=\"\" data-trp-gettext=\"\">\u9996\u9875<\/nav>\t\t\t\t<\/div>\n\t\t\t\t<\/div>\n\t\t\t\t\t<\/div>\n\t\t<\/div>\n\t\t\t\t\t<\/div>\n\t\t<\/section>\n\t\t<div class=\"elementor-element elementor-element-731df06 e-flex e-con-boxed e-con e-parent\" data-id=\"731df06\" data-element_type=\"container\" data-e-type=\"container\">\n\t\t\t\t\t<div class=\"e-con-inner\">\n\t\t\t\t<div class=\"elementor-element elementor-element-219dc8b elementor-widget elementor-widget-heading\" data-id=\"219dc8b\" data-element_type=\"widget\" data-e-type=\"widget\" data-widget_type=\"heading.default\">\n\t\t\t\t<div class=\"elementor-widget-container\">\n\t\t\t\t\t<h1 class=\"elementor-heading-title elementor-size-default\">Titre du poste : <span style=\"color: inherit;font-family: var(--font-heading-family);font-size: calc(var(--font-heading-scale) * 4rem);font-weight: var(--font-heading-weight);letter-spacing: calc(var(--font-heading-scale) * .06rem);text-align: start;text-transform: none\">Directeur des ventes Italie<\/span><br><\/h1>\t\t\t\t<\/div>\n\t\t\t\t<\/div>\n\t\t<div class=\"elementor-element elementor-element-43ab33b e-con-full e-flex e-con e-child\" data-id=\"43ab33b\" data-element_type=\"container\" data-e-type=\"container\">\n\t\t\t\t<div class=\"elementor-element elementor-element-d21adf3 elementor-widget elementor-widget-text-editor\" data-id=\"d21adf3\" data-element_type=\"widget\" data-e-type=\"widget\" data-widget_type=\"text-editor.default\">\n\t\t\t\t<div class=\"elementor-widget-container\">\n\t\t\t\t\t\t\t\t\t<p>Beijing Worldia Diamond Tools Co., Ltd est un fournisseur leader d'outils de coupe de haute qualit\u00e9 et de solutions pour diverses industries. Nous recherchons actuellement un responsable des ventes r\u00e9gionales motiv\u00e9 et exp\u00e9riment\u00e9 pour rejoindre notre \u00e9quipe en croissance en Italie.\u00a0<\/p><p>Si vous \u00eates \u00e0 la recherche d'opportunit\u00e9s d'emploi, venez nous rejoindre!<\/p><p><strong><b>Titre du poste: Directeur des ventes Italie (m\/f\/j)<\/b><\/strong><\/p><p><strong><b>Emplacement: Flexible (\u00e0 distance)<\/b><\/strong><\/p><p><strong><b>Description du poste<\/b><\/strong>: Nous recherchons des gestionnaires de vente de zone enthousiastes en Italie pour rejoindre notre \u00e9quipe. En tant que responsable des ventes r\u00e9gionales, vous jouerez un r\u00f4le cl\u00e9 dans le d\u00e9veloppement des ventes et de la rentabilit\u00e9 en Italie \u00e0 travers plusieurs canaux de vente.<\/p><p><strong><b>Principales responsabilit\u00e9s<\/b><\/strong>:<\/p><ul><li><strong>Analyse du march\u00e9 :<\/strong>\u00a0Planifiez strat\u00e9giquement les activit\u00e9s de vente \u00e0 travers une analyse de march\u00e9 pour identifier les clients potentiels et les partenaires de canal align\u00e9s sur notre entreprise &#8217; objectifs strat\u00e9giques et objectifs annuels.<\/li><li><strong>Engagement client :<\/strong>\u00a0Planifiez des visites de clients productives, favorisant des relations solides qui profitent \u00e0 la fois au client et \u00e0 notre entreprise.<\/li><li><strong>Communication avec les parties prenantes :<\/strong>\u00a0Engager efficacement les parties prenantes internes et externes pour cr\u00e9er un r\u00e9seau robuste et r\u00e9pondre rapidement aux besoins des clients.<\/li><li><strong>N\u00e9gociations :<\/strong>\u00a0Collaborer avec les clients et les partenaires de canal pour n\u00e9gocier des accords qui aboutissent \u00e0 des solutions mutuellement b\u00e9n\u00e9fiques.<\/li><li><strong>Op\u00e9rations de vente :<\/strong>\u00a0Assurer un alignement sans faille et la conformit\u00e9 avec les processus, syst\u00e8mes et lignes directrices standard de notre entreprise, ce qui aboutit \u00e0 des flux de travail et des donn\u00e9es efficaces, rationnels et corrects.<\/li><li><strong>Promotion du produit :<\/strong>\u00a0Promouvoir notre gamme compl\u00e8te de produits et de services pour r\u00e9pondre aux besoins des clients pour les exigences de produit et d'application.<\/li><li><strong>Vente \u00e0 valeur ajout\u00e9e :<\/strong>\u00a0Vendre activement nos produits et services en fournissant des solutions \u00e0 valeur ajout\u00e9e qui r\u00e9pondent \u00e0 nos clients&#8217; besoins uniques.<\/li><li><strong>Fermeture des ventes:<\/strong>\u00a0S\u00e9curiser les commandes de vente des clients apr\u00e8s leur accord avec les solutions \u00e0 valeur ajout\u00e9e propos\u00e9es.<\/li><li><strong>Rapports :<\/strong>\u00a0Documentez et rapportez les activit\u00e9s de vente, y compris les rapports de test, les \u00e9conomies de co\u00fbts et les pr\u00e9visions commerciales, gr\u00e2ce \u00e0 un suivi continu des clients et des concurrents.<br \/><br \/><\/li><\/ul><p><strong><b>Qualifications :<\/b><\/strong><\/p><ul><li><strong>Expertise en coupe de m\u00e9taux:<\/strong>\u00a0Forte compr\u00e9hension et exp\u00e9rience pratique dans les processus de coupe de m\u00e9taux, y compris le tournage, la fraisage et la fabrication de trous, id\u00e9alement dans les outils de coupe superdurs.<br \/>Dipl\u00f4me d'ing\u00e9nieur ou de technicien pr\u00e9f\u00e9r\u00e9.<\/li><li><strong>Exp\u00e9rience de vente:<\/strong>\u00a05 ans d'exp\u00e9rience d\u00e9montr\u00e9e des ventes sur le terrain dans les outils de coupe de m\u00e9taux avec des relations clients existantes. Approche analytique et syst\u00e9matique, perspicacit\u00e9 commerciale.<\/li><li><strong>Savoir la technologie :<\/strong>\u00a0Connaissance de MS Office \u00e0 des fins de vente et de reporting.<br \/>Jugement pratique et capacit\u00e9 tactique de r\u00e9solution de probl\u00e8mes.<\/li><li><strong>Profil de Hunter :<\/strong>\u00a0Approche proactive \u00e0 la fois pour d\u00e9velopper des relations client existantes et en acqu\u00e9rir de nouvelles.<\/li><li><strong>Interaction avec les parties prenantes :<\/strong>\u00a0Capable d\u2019interagir efficacement avec les comptes cl\u00e9s, les partenaires de canal et les petites entreprises.<br \/>Connaissance de l\u2019environnement dans une entreprise multinationale.<\/li><li><strong>Comp\u00e9tences de communication :<\/strong>\u00a0Excellentes comp\u00e9tences de communication, \u00e0 la fois au sein de Worldia et avec les clients. Connaissance courante de la langue anglaise (\u00e9crite et orale) de la r\u00e9gion de vente respective.<\/li><li><strong>Joueur d'\u00e9quipe :<\/strong>\u00a0Partager efficacement l\u2019information et impliquer les membres de l\u2019\u00e9quipe. Comprendre que le succ\u00e8s est un r\u00e9sultat d\u2019\u00e9quipe.<\/li><li><strong>Int\u00e9grit\u00e9 :<\/strong>\u00a0Engag\u00e9 dans l'\u00e9thique commerciale et la conformit\u00e9.<\/li><li><strong>Adaptabilit\u00e9 :<\/strong>\u00a0Flexibilit\u00e9 et adaptabilit\u00e9 pour naviguer dans un march\u00e9 et une entreprise en \u00e9volution.<\/li><li><strong>Volont\u00e9 \u00e0 voyager :<\/strong> 70%, permis de conduire n\u00e9cessaire.<\/li><\/ul><p>Nous sommes impatients d'accueillir des personnes dynamiques qui se sont engag\u00e9es \u00e0 contribuer \u00e0 Worldia&#8217; S succ\u00e8s continu.<\/p><p><strong><b>Pour appliquer<\/b><\/strong>:<\/p><p>\u00a0 \u00a0 \u00a0 Si vous pensez avoir les comp\u00e9tences et l'exp\u00e9rience n\u00e9cessaires pour exceller dans ce r\u00f4le, veuillez soumettre votre CV avec une lettre de motivation d\u00e9taillant votre exp\u00e9rience et vos qualifications pertinentes. Vous pouvez postuler directement via notre site Web ou envoyer votre demande \u00e0 <strong>info@worldia-tools.eu<\/strong><\/p><p>\u00a0 \u00a0 \u00a0 Nous sommes un employeur d'\u00e9galit\u00e9 des chances et accueillons les candidatures de tous les candidats qualifi\u00e9s.<\/p>\t\t\t\t\t\t\t\t<\/div>\n\t\t\t\t<\/div>\n\t\t\t\t<\/div>\n\t\t\t\t\t<\/div>\n\t\t\t\t<\/div>\n\t\t<div class=\"elementor-element elementor-element-6d1d1b3 e-con-full e-flex e-con e-parent\" data-id=\"6d1d1b3\" data-element_type=\"container\" data-e-type=\"container\" data-settings=\"{&quot;background_background&quot;:&quot;classic&quot;}\">\n\t\t\t\t<\/div>\n\t\t\t\t<\/div>","protected":false},"excerpt":{"rendered":"<p>Job Title: Area Sales Manager Italy Beijing Worldia Diamond Tools Co., Ltd is a leading provider of high-quality cutting tools and solutions for various industries. We are currently seeking a motivated and experienced area sales manager to join our growing team in Italy.\u00a0 If you are looking for job opportunities, come and join us! Job [&hellip;]<\/p>\n","protected":false},"author":1,"featured_media":0,"parent":779,"menu_order":0,"comment_status":"closed","ping_status":"closed","template":"elementor_header_footer","meta":{"footnotes":""},"class_list":["post-18136","page","type-page","status-publish","hentry"],"_links":{"self":[{"href":"https:\/\/www.worldia-tools.com\/fr\/wp-json\/wp\/v2\/pages\/18136","targetHints":{"allow":["GET"]}}],"collection":[{"href":"https:\/\/www.worldia-tools.com\/fr\/wp-json\/wp\/v2\/pages"}],"about":[{"href":"https:\/\/www.worldia-tools.com\/fr\/wp-json\/wp\/v2\/types\/page"}],"author":[{"embeddable":true,"href":"https:\/\/www.worldia-tools.com\/fr\/wp-json\/wp\/v2\/users\/1"}],"replies":[{"embeddable":true,"href":"https:\/\/www.worldia-tools.com\/fr\/wp-json\/wp\/v2\/comments?post=18136"}],"version-history":[{"count":19,"href":"https:\/\/www.worldia-tools.com\/fr\/wp-json\/wp\/v2\/pages\/18136\/revisions"}],"predecessor-version":[{"id":18653,"href":"https:\/\/www.worldia-tools.com\/fr\/wp-json\/wp\/v2\/pages\/18136\/revisions\/18653"}],"up":[{"embeddable":true,"href":"https:\/\/www.worldia-tools.com\/fr\/wp-json\/wp\/v2\/pages\/779"}],"wp:attachment":[{"href":"https:\/\/www.worldia-tools.com\/fr\/wp-json\/wp\/v2\/media?parent=18136"}],"curies":[{"name":"WP","href":"https:\/\/api.w.org\/{rel}","templated":true}]}}