{"id":7802,"date":"2024-08-30T10:12:50","date_gmt":"2024-08-30T02:12:50","guid":{"rendered":"https:\/\/www.worldia-tools.com\/?page_id=7802"},"modified":"2025-11-13T11:04:59","modified_gmt":"2025-11-13T03:04:59","slug":"asia-region-sales-engineer","status":"publish","type":"page","link":"https:\/\/www.worldia-tools.com\/fr\/career\/asia-region-sales-engineer\/","title":{"rendered":"Ing\u00e9nieur ventes"},"content":{"rendered":"<div data-elementor-type=\"wp-page\" data-elementor-id=\"7802\" class=\"elementor elementor-7802\" data-elementor-post-type=\"page\">\n\t\t\t\t<div class=\"elementor-element elementor-element-62021db e-con-full e-flex e-con e-parent\" data-id=\"62021db\" data-element_type=\"container\" data-e-type=\"container\">\n\t\t\t\t<div class=\"elementor-element elementor-element-aa30b1c elementor-widget elementor-widget-image\" data-id=\"aa30b1c\" data-element_type=\"widget\" data-e-type=\"widget\" data-widget_type=\"image.default\">\n\t\t\t\t<div class=\"elementor-widget-container\">\n\t\t\t\t\t\t\t\t\t\t\t\t\t\t\t<img fetchpriority=\"high\" decoding=\"async\" width=\"1920\" height=\"300\" src=\"https:\/\/www.worldia-tools.com\/wp-content\/uploads\/2024\/08\/zhaopin-banner.jpg\" class=\"attachment-full size-full wp-image-7768\" alt=\"Rejoignez-nous banni\u00e8re\" srcset=\"https:\/\/www.worldia-tools.com\/wp-content\/uploads\/2024\/08\/zhaopin-banner.jpg 1920w, https:\/\/www.worldia-tools.com\/wp-content\/uploads\/2024\/08\/zhaopin-banner-300x47.jpg 300w, https:\/\/www.worldia-tools.com\/wp-content\/uploads\/2024\/08\/zhaopin-banner-1024x160.jpg 1024w, https:\/\/www.worldia-tools.com\/wp-content\/uploads\/2024\/08\/zhaopin-banner-768x120.jpg 768w, https:\/\/www.worldia-tools.com\/wp-content\/uploads\/2024\/08\/zhaopin-banner-1536x240.jpg 1536w, https:\/\/www.worldia-tools.com\/wp-content\/uploads\/2024\/08\/zhaopin-banner-600x94.jpg 600w\" sizes=\"(max-width: 1920px) 100vw, 1920px\" \/>\t\t\t\t\t\t\t\t\t\t\t\t\t\t\t<\/div>\n\t\t\t\t<\/div>\n\t\t\t\t<\/div>\n\t\t\t\t<section class=\"elementor-section elementor-top-section elementor-element elementor-element-8e1f1e2 elementor-section-boxed elementor-section-height-default elementor-section-height-default\" data-id=\"8e1f1e2\" data-element_type=\"section\" data-e-type=\"section\">\n\t\t\t\t\t\t<div class=\"elementor-container elementor-column-gap-default\">\n\t\t\t\t\t<div class=\"elementor-column elementor-col-100 elementor-top-column elementor-element elementor-element-75cfd5e\" data-id=\"75cfd5e\" data-element_type=\"column\" data-e-type=\"column\">\n\t\t\t<div class=\"elementor-widget-wrap elementor-element-populated\">\n\t\t\t\t\t\t<div class=\"elementor-element elementor-element-c0ecec7 elementor-widget elementor-widget-woocommerce-breadcrumb\" data-id=\"c0ecec7\" data-element_type=\"widget\" data-e-type=\"widget\" data-widget_type=\"woocommerce-breadcrumb.default\">\n\t\t\t\t<div class=\"elementor-widget-container\">\n\t\t\t\t\t<nav class=\"woocommerce-breadcrumb\" aria-label=\"Breadcrumb\" data-no-translation=\"\" data-trp-gettext=\"\">\u9996\u9875<\/nav>\t\t\t\t<\/div>\n\t\t\t\t<\/div>\n\t\t\t\t\t<\/div>\n\t\t<\/div>\n\t\t\t\t\t<\/div>\n\t\t<\/section>\n\t\t<div class=\"elementor-element elementor-element-731df06 e-flex e-con-boxed e-con e-parent\" data-id=\"731df06\" data-element_type=\"container\" data-e-type=\"container\">\n\t\t\t\t\t<div class=\"e-con-inner\">\n\t\t\t\t<div class=\"elementor-element elementor-element-219dc8b elementor-widget elementor-widget-heading\" data-id=\"219dc8b\" data-element_type=\"widget\" data-e-type=\"widget\" data-widget_type=\"heading.default\">\n\t\t\t\t<div class=\"elementor-widget-container\">\n\t\t\t\t\t<h1 class=\"elementor-heading-title elementor-size-default\"> Titre du poste: Ing\u00e9nieur de vente d'outils (espagnol, allemand, japonais)\n<\/h1>\t\t\t\t<\/div>\n\t\t\t\t<\/div>\n\t\t<div class=\"elementor-element elementor-element-43ab33b e-con-full e-flex e-con e-child\" data-id=\"43ab33b\" data-element_type=\"container\" data-e-type=\"container\">\n\t\t\t\t<div class=\"elementor-element elementor-element-d21adf3 elementor-widget elementor-widget-text-editor\" data-id=\"d21adf3\" data-element_type=\"widget\" data-e-type=\"widget\" data-widget_type=\"text-editor.default\">\n\t\t\t\t<div class=\"elementor-widget-container\">\n\t\t\t\t\t\t\t\t\t<p style=\"text-align: left;\">Beijing Worldia Diamond Tools Co., Ltd est un fournisseur leader d'outils de coupe de haute qualit\u00e9 et de solutions pour diverses industries. Nous recherchons actuellement un ing\u00e9nieur de vente d'outils motiv\u00e9 et exp\u00e9riment\u00e9 pour rejoindre notre \u00e9quipe en croissance en Inde. Le candidat id\u00e9al devrait poss\u00e9der d\u2019excellentes connaissances techniques, de solides comp\u00e9tences commerciales et la capacit\u00e9 d\u2019\u00e9tablir des relations durables avec les clients.<\/p><p>Si vous \u00eates \u00e0 la recherche d'opportunit\u00e9s d'emploi, venez nous rejoindre!<strong><b> \u00a0<\/b><\/strong><\/p><p><strong><b>Titre du poste : <\/b><\/strong><strong><b>Ing\u00e9nieur de vente d'outils (espagnol, allemand, japonais)<\/b><\/strong><\/p><p><strong><b>Emplacement :<\/b><\/strong><strong><b>\u00a0Langfang, Chine<\/b><\/strong><\/p><p><strong><b>Principales responsabilit\u00e9s :<\/b><\/strong><\/p><ol><li>Responsable des ventes \u00e0 l'\u00e9tranger de produits d'outils PCD\/PCBN;<\/li><li>D\u00e9velopper ind\u00e9pendamment des clients via des canaux tels que Alibaba, B2B et Google, et traiter rapidement et r\u00e9pondre aux demandes des clients;<\/li><li>Utilisez vos propres comp\u00e9tences de communication pour communiquer avec les clients par courriel ou t\u00e9l\u00e9phone pour faciliter les transactions;<\/li><li>Suivre l'utilisation du produit et maintenir de bonnes relations avec les clients;<\/li><li>Collecter et organiser des informations li\u00e9es \u00e0 l'industrie pour promouvoir et promouvoir la soci\u00e9t\u00e9&#8217; S produits.<\/li><\/ol><p><strong><b>Exigences :<\/b><\/strong><\/p><ol><li>Dipl\u00f4me de baccalaur\u00e9at ou sup\u00e9rieur, sp\u00e9cialis\u00e9 dans le commerce international et les machines est pr\u00e9f\u00e9r\u00e9; Connaissance du produit des outils m\u00e9caniques, tels que les types d'outils, les mat\u00e9riaux, les performances, les sc\u00e9narios d'application, etc.;<\/li><li>Avoir d'excellentes comp\u00e9tences en anglais d'\u00e9coute, de parole, de lecture et d'\u00e9criture, pouvoir communiquer couramment avec des clients \u00e9trangers, g\u00e9rer des courriels d'affaires en anglais, etc., ma\u00eetriser une seconde langue \u00e9trang\u00e8re, telle que l'espagnol, l'allemand, le japonais, etc., et avoir certaines comp\u00e9tences de communication;<\/li><li>Ma\u00eetrise des logiciels de bureau tels que Word, Excel, PowerPoint, etc., et \u00eatre en mesure de produire des documents commerciaux professionnels et des rapports de vente. En m\u00eame temps, ma\u00eetriser le fonctionnement de logiciels et de plateformes li\u00e9s au commerce international, tels que la station internationale Alibaba, le syst\u00e8me de d\u00e9claration douani\u00e8re, etc.;<\/li><li>Ceux qui ont plus d'un an d'exp\u00e9rience commerciale dans l'industrie des outils m\u00e9caniques ou de l'exp\u00e9rience du d\u00e9veloppement d'affaires internationales sont pr\u00e9f\u00e9r\u00e9s, et ceux qui ont certaines ressources client et canaux de vente sont encore meilleurs.<\/li><li>Avoir des capacit\u00e9s fortes de d\u00e9veloppement du march\u00e9 et de d\u00e9veloppement des clients, \u00eatre en mesure de trouver activement des clients potentiels, \u00e9tablir et maintenir de bonnes relations avec les clients.<\/li><li>Avoir de bonnes comp\u00e9tences de communication et de coordination et un esprit de travail d'\u00e9quipe, et \u00eatre en mesure de travailler en \u00e9troite collaboration avec l'entreprise&#8217; production interne, technologie, logistique et autres d\u00e9partements pour assurer l'ex\u00e9cution sans heurt des commandes.<\/li><li>Les affaires internationales impliquent diff\u00e9rentes cultures et fuseaux horaires, exigeant que les praticiens aient une bonne adaptabilit\u00e9 et une bonne r\u00e9sistance au stress, et soient en mesure de maintenir un bon \u00e9tat de travail sous un rythme de travail \u00e0 haute intensit\u00e9.<\/li><\/ol><p><strong><b>Ce que nous offrons<\/b><\/strong>:<\/p><ol><li>Paquet de salaire comp\u00e9titif bas\u00e9 sur l'exp\u00e9rience et la performance.<\/li><li>Opportunit\u00e9s de croissance professionnelle et d'avancement de carri\u00e8re au sein de l'organisation.<\/li><li>Un environnement de travail favorable et dynamique mettant l\u2019accent sur la satisfaction des employ\u00e9s et l\u2019\u00e9quilibre vie professionnelle et vie priv\u00e9e.<\/li><\/ol><p><strong><b>Pour appliquer<\/b><\/strong>:<\/p><p>\u00a0 \u00a0 \u00a0 \u00a0Si vous pensez avoir les comp\u00e9tences et l'exp\u00e9rience n\u00e9cessaires pour exceller dans ce r\u00f4le, veuillez soumettre votre CV avec une lettre de motivation d\u00e9taillant votre exp\u00e9rience et vos qualifications pertinentes. Vous pouvez postuler directement via notre site Web ou envoyer votre demande \u00e0<u>\u00a0<\/u><strong><b>jxhr@worldiatools.com.<\/b><\/strong><\/p><p>\u00a0 \u00a0 \u00a0 \u00a0Nous sommes un employeur d'\u00e9galit\u00e9 des chances et accueillons les candidatures de tous les candidats qualifi\u00e9s.<\/p>\t\t\t\t\t\t\t\t<\/div>\n\t\t\t\t<\/div>\n\t\t\t\t<\/div>\n\t\t\t\t\t<\/div>\n\t\t\t\t<\/div>\n\t\t<div class=\"elementor-element elementor-element-6d1d1b3 e-con-full e-flex e-con e-parent\" data-id=\"6d1d1b3\" data-element_type=\"container\" data-e-type=\"container\" data-settings=\"{&quot;background_background&quot;:&quot;classic&quot;}\">\n\t\t\t\t<\/div>\n\t\t\t\t<\/div>","protected":false},"excerpt":{"rendered":"<p>Job Title: Tool Sales Engineer (Spanish, German, Japanese) Beijing Worldia Diamond Tools Co., Ltd is a leading provider of high-quality cutting tools and solutions for various industries. We are currently seeking a motivated and experienced tool sales engineer to join our growing team in India. The ideal candidate should possess excellent technical knowledge, strong sales [&hellip;]<\/p>\n","protected":false},"author":1,"featured_media":0,"parent":779,"menu_order":0,"comment_status":"closed","ping_status":"closed","template":"elementor_header_footer","meta":{"footnotes":""},"class_list":["post-7802","page","type-page","status-publish","hentry"],"_links":{"self":[{"href":"https:\/\/www.worldia-tools.com\/fr\/wp-json\/wp\/v2\/pages\/7802","targetHints":{"allow":["GET"]}}],"collection":[{"href":"https:\/\/www.worldia-tools.com\/fr\/wp-json\/wp\/v2\/pages"}],"about":[{"href":"https:\/\/www.worldia-tools.com\/fr\/wp-json\/wp\/v2\/types\/page"}],"author":[{"embeddable":true,"href":"https:\/\/www.worldia-tools.com\/fr\/wp-json\/wp\/v2\/users\/1"}],"replies":[{"embeddable":true,"href":"https:\/\/www.worldia-tools.com\/fr\/wp-json\/wp\/v2\/comments?post=7802"}],"version-history":[{"count":87,"href":"https:\/\/www.worldia-tools.com\/fr\/wp-json\/wp\/v2\/pages\/7802\/revisions"}],"predecessor-version":[{"id":18664,"href":"https:\/\/www.worldia-tools.com\/fr\/wp-json\/wp\/v2\/pages\/7802\/revisions\/18664"}],"up":[{"embeddable":true,"href":"https:\/\/www.worldia-tools.com\/fr\/wp-json\/wp\/v2\/pages\/779"}],"wp:attachment":[{"href":"https:\/\/www.worldia-tools.com\/fr\/wp-json\/wp\/v2\/media?parent=7802"}],"curies":[{"name":"WP","href":"https:\/\/api.w.org\/{rel}","templated":true}]}}