{"id":18136,"date":"2025-09-25T10:08:57","date_gmt":"2025-09-25T02:08:57","guid":{"rendered":"https:\/\/www.worldia-tools.com\/?page_id=18136"},"modified":"2025-11-13T10:51:16","modified_gmt":"2025-11-13T02:51:16","slug":"european-region","status":"publish","type":"page","link":"https:\/\/www.worldia-tools.com\/it\/career\/european-region\/","title":{"rendered":"Regione europea"},"content":{"rendered":"<div data-elementor-type=\"wp-page\" data-elementor-id=\"18136\" class=\"elementor elementor-18136\" data-elementor-post-type=\"page\">\n\t\t\t\t<div class=\"elementor-element elementor-element-62021db e-con-full e-flex e-con e-parent\" data-id=\"62021db\" data-element_type=\"container\" data-e-type=\"container\">\n\t\t\t\t<div class=\"elementor-element elementor-element-aa30b1c elementor-widget elementor-widget-image\" data-id=\"aa30b1c\" data-element_type=\"widget\" data-e-type=\"widget\" data-widget_type=\"image.default\">\n\t\t\t\t<div class=\"elementor-widget-container\">\n\t\t\t\t\t\t\t\t\t\t\t\t\t\t\t<img fetchpriority=\"high\" decoding=\"async\" width=\"1920\" height=\"300\" src=\"https:\/\/www.worldia-tools.com\/wp-content\/uploads\/2024\/08\/zhaopin-banner.jpg\" class=\"attachment-full size-full wp-image-7768\" alt=\"Unisciti a noi banner\" srcset=\"https:\/\/www.worldia-tools.com\/wp-content\/uploads\/2024\/08\/zhaopin-banner.jpg 1920w, https:\/\/www.worldia-tools.com\/wp-content\/uploads\/2024\/08\/zhaopin-banner-300x47.jpg 300w, https:\/\/www.worldia-tools.com\/wp-content\/uploads\/2024\/08\/zhaopin-banner-1024x160.jpg 1024w, https:\/\/www.worldia-tools.com\/wp-content\/uploads\/2024\/08\/zhaopin-banner-768x120.jpg 768w, https:\/\/www.worldia-tools.com\/wp-content\/uploads\/2024\/08\/zhaopin-banner-1536x240.jpg 1536w, https:\/\/www.worldia-tools.com\/wp-content\/uploads\/2024\/08\/zhaopin-banner-600x94.jpg 600w\" sizes=\"(max-width: 1920px) 100vw, 1920px\" \/>\t\t\t\t\t\t\t\t\t\t\t\t\t\t\t<\/div>\n\t\t\t\t<\/div>\n\t\t\t\t<\/div>\n\t\t\t\t<section class=\"elementor-section elementor-top-section elementor-element elementor-element-5af6215 elementor-section-boxed elementor-section-height-default elementor-section-height-default\" data-id=\"5af6215\" data-element_type=\"section\" data-e-type=\"section\">\n\t\t\t\t\t\t<div class=\"elementor-container elementor-column-gap-default\">\n\t\t\t\t\t<div class=\"elementor-column elementor-col-100 elementor-top-column elementor-element elementor-element-e8fd1a3\" data-id=\"e8fd1a3\" data-element_type=\"column\" data-e-type=\"column\">\n\t\t\t<div class=\"elementor-widget-wrap elementor-element-populated\">\n\t\t\t\t\t\t<div class=\"elementor-element elementor-element-84b6726 elementor-widget elementor-widget-woocommerce-breadcrumb\" data-id=\"84b6726\" data-element_type=\"widget\" data-e-type=\"widget\" data-widget_type=\"woocommerce-breadcrumb.default\">\n\t\t\t\t<div class=\"elementor-widget-container\">\n\t\t\t\t\t<nav class=\"woocommerce-breadcrumb\" aria-label=\"Breadcrumb\" data-no-translation=\"\" data-trp-gettext=\"\">Home<\/nav>\t\t\t\t<\/div>\n\t\t\t\t<\/div>\n\t\t\t\t\t<\/div>\n\t\t<\/div>\n\t\t\t\t\t<\/div>\n\t\t<\/section>\n\t\t<div class=\"elementor-element elementor-element-731df06 e-flex e-con-boxed e-con e-parent\" data-id=\"731df06\" data-element_type=\"container\" data-e-type=\"container\">\n\t\t\t\t\t<div class=\"e-con-inner\">\n\t\t\t\t<div class=\"elementor-element elementor-element-219dc8b elementor-widget elementor-widget-heading\" data-id=\"219dc8b\" data-element_type=\"widget\" data-e-type=\"widget\" data-widget_type=\"heading.default\">\n\t\t\t\t<div class=\"elementor-widget-container\">\n\t\t\t\t\t<h1 class=\"elementor-heading-title elementor-size-default\">Titolo del lavoro: <span style=\"color: inherit;font-family: var(--font-heading-family);font-size: calc(var(--font-heading-scale) * 4rem);font-weight: var(--font-heading-weight);letter-spacing: calc(var(--font-heading-scale) * .06rem);text-align: start;text-transform: none\">Area Sales Manager Italia<\/span><br><\/h1>\t\t\t\t<\/div>\n\t\t\t\t<\/div>\n\t\t<div class=\"elementor-element elementor-element-43ab33b e-con-full e-flex e-con e-child\" data-id=\"43ab33b\" data-element_type=\"container\" data-e-type=\"container\">\n\t\t\t\t<div class=\"elementor-element elementor-element-d21adf3 elementor-widget elementor-widget-text-editor\" data-id=\"d21adf3\" data-element_type=\"widget\" data-e-type=\"widget\" data-widget_type=\"text-editor.default\">\n\t\t\t\t<div class=\"elementor-widget-container\">\n\t\t\t\t\t\t\t\t\t<p>Beijing Worldia Diamond Tools Co., Ltd \u00e8 un fornitore leader di strumenti e soluzioni di taglio di alta qualit\u00e0 per vari settori industriali. Attualmente stiamo cercando un area sales manager motivato ed esperto per unirci al nostro team in crescita in Italia.\u00a0<\/p><p>Se stai cercando opportunit\u00e0 di lavoro, vieni a unirti a noi!<\/p><p><strong><b>Titolo del lavoro: Area Sales Manager Italia (m\/f\/d)<\/b><\/strong><\/p><p><strong><b>Posizione: flessibile (remoto)<\/b><\/strong><\/p><p><strong><b>Descrizione del lavoro<\/b><\/strong>Stiamo cercando entusiasti Area Sales Manager in Italia per unirsi al nostro team. In qualit\u00e0 di Area Sales Manager, svolgerete un ruolo chiave nello sviluppo delle vendite e della redditivit\u00e0 in Italia attraverso pi\u00f9 canali di vendita.<\/p><p><strong><b>Responsabilit\u00e0 chiave<\/b><\/strong>:<\/p><ul><li><strong>Analisi del mercato:<\/strong>\u00a0Pianificare strategicamente le attivit\u00e0 di vendita attraverso analisi di mercato per identificare potenziali clienti e channel partner allineati con la nostra azienda; Obiettivi strategici e obiettivi annuali.<\/li><li><strong>coinvolgimento del cliente:<\/strong>\u00a0Pianificare visite produttive ai clienti, promuovendo forti relazioni a beneficio sia del cliente che della nostra azienda.<\/li><li><strong>Comunicazione con le parti interessate:<\/strong>\u00a0Impegnarsi efficacemente con stakeholder interni ed esterni per costruire una rete robusta e rispondere tempestivamente alle esigenze dei clienti.<\/li><li><strong>Negoziazioni:<\/strong>\u00a0Collaborare con i clienti e i partner di canale per negoziare accordi che consentano soluzioni reciprocamente vantaggiose.<\/li><li><strong>Operazioni di vendita:<\/strong>\u00a0Garantire un allineamento senza problemi e la conformit\u00e0 con i processi, i sistemi e le linee guida standard della nostra azienda, con conseguenti flussi di lavoro e dati efficienti, snelli e corretti.<\/li><li><strong>Promozione del prodotto:<\/strong>\u00a0Promuovere la nostra gamma completa di prodotti e servizi per soddisfare le esigenze dei clienti sia per i requisiti di prodotto che per le applicazioni.<\/li><li><strong>Vendita a valore aggiunto:<\/strong>\u00a0Vendere attivamente i nostri prodotti e servizi fornendo soluzioni a valore aggiunto che soddisfano i nostri clienti&#8217; esigenze uniche.<\/li><li><strong>Chiusura vendite:<\/strong>\u00a0Assicurare gli ordini di vendita dei clienti previo accordo con le soluzioni a valore aggiunto proposte.<\/li><li><strong>Segnalazione:<\/strong>\u00a0Documentare e reportare le attivit\u00e0 di vendita, inclusi report di test, risparmio sui costi e previsioni aziendali, attraverso il monitoraggio continuo dei clienti e dei concorrenti.<br \/><br \/><\/li><\/ul><p><strong><b>Qualificazioni:<\/b><\/strong><\/p><ul><li><strong>Esperienza di taglio del metallo:<\/strong>\u00a0Forte comprensione e esperienza pratica nei processi di taglio dei metalli, tra cui la tornitura, la fresatura e la realizzazione di fori, idealmente in utensili di taglio superduri.<br \/>Diploma di ingegneria o tecnico preferito.<\/li><li><strong>Esperienza di vendita:<\/strong>\u00a05 anni dimostrato esperienza di vendita sul campo in strumenti di taglio metallico con relazioni con i clienti esistenti. Approccio analitico e sistematico, business acumen.<\/li><li><strong>Tecnologicamente savvy:<\/strong>\u00a0Conoscenza di MS Office per scopi di vendita e reporting.<br \/>Capacit\u00e0 di giudizio pratico e risoluzione tattica dei problemi.<\/li><li><strong>Profilo Hunter:<\/strong>\u00a0Un approccio proattivo allo sviluppo di relazioni con i clienti esistenti e all\u2019acquisizione di nuove.<\/li><li><strong>Interazione tra le parti interessate:<\/strong>\u00a0In grado di interagire efficacemente con account chiave, channel partner e aziende pi\u00f9 piccole.<br \/>Familiarit\u00e0 con l'ambiente in un'azienda multinazionale.<\/li><li><strong>Competenze di comunicazione:<\/strong>\u00a0Eccellenti capacit\u00e0 di comunicazione, sia all\u2019interno di Worldia che con i clienti. Fluente lingua inglese (scritta e orale) della rispettiva regione di vendita.<\/li><li><strong>Giocatore di squadra:<\/strong>\u00a0Condividere in modo efficace le informazioni e coinvolgere i membri del team. Comprendere che il successo \u00e8 un risultato di squadra.<\/li><li><strong>Integrit\u00e0:<\/strong>\u00a0Impegnato all'etica aziendale e alla conformit\u00e0.<\/li><li><strong>Adattabilit\u00e0:<\/strong>\u00a0Flessibilit\u00e0 e adattabilit\u00e0 per navigare in un mercato e in un'azienda in mutazione.<\/li><li><strong>Disponibilit\u00e0 di viaggiare:<\/strong> 70%, patente di guida richiesta.<\/li><\/ul><p>Non vediamo l'ora di accogliere individui dinamici che si impegnano a contribuire a Worldia&#8217; Continuo successo.<\/p><p><strong><b>Per Applicare<\/b><\/strong>:<\/p><p>\u00a0 \u00a0 \u00a0 Se ritieni di avere le competenze e l'esperienza necessarie per eccellere in questo ruolo, invia il tuo curriculum vitae insieme a una lettera di presentazione che dettaglia la tua esperienza e le tue qualifiche pertinenti. Puoi richiedere direttamente tramite il nostro sito web o inviare la tua candidatura a <strong>info@worldia-tools.eu<\/strong><\/p><p>\u00a0 \u00a0 \u00a0 Siamo un datore di lavoro paritario e accogliamo le candidature di tutti i candidati qualificati.<\/p>\t\t\t\t\t\t\t\t<\/div>\n\t\t\t\t<\/div>\n\t\t\t\t<\/div>\n\t\t\t\t\t<\/div>\n\t\t\t\t<\/div>\n\t\t<div class=\"elementor-element elementor-element-6d1d1b3 e-con-full e-flex e-con e-parent\" data-id=\"6d1d1b3\" data-element_type=\"container\" data-e-type=\"container\" data-settings=\"{&quot;background_background&quot;:&quot;classic&quot;}\">\n\t\t\t\t<\/div>\n\t\t\t\t<\/div>","protected":false},"excerpt":{"rendered":"<p>Job Title: Area Sales Manager Italy Beijing Worldia Diamond Tools Co., Ltd is a leading provider of high-quality cutting tools and solutions for various industries. We are currently seeking a motivated and experienced area sales manager to join our growing team in Italy.\u00a0 If you are looking for job opportunities, come and join us! Job [&hellip;]<\/p>\n","protected":false},"author":1,"featured_media":0,"parent":779,"menu_order":0,"comment_status":"closed","ping_status":"closed","template":"elementor_header_footer","meta":{"footnotes":""},"class_list":["post-18136","page","type-page","status-publish","hentry"],"_links":{"self":[{"href":"https:\/\/www.worldia-tools.com\/it\/wp-json\/wp\/v2\/pages\/18136","targetHints":{"allow":["GET"]}}],"collection":[{"href":"https:\/\/www.worldia-tools.com\/it\/wp-json\/wp\/v2\/pages"}],"about":[{"href":"https:\/\/www.worldia-tools.com\/it\/wp-json\/wp\/v2\/types\/page"}],"author":[{"embeddable":true,"href":"https:\/\/www.worldia-tools.com\/it\/wp-json\/wp\/v2\/users\/1"}],"replies":[{"embeddable":true,"href":"https:\/\/www.worldia-tools.com\/it\/wp-json\/wp\/v2\/comments?post=18136"}],"version-history":[{"count":19,"href":"https:\/\/www.worldia-tools.com\/it\/wp-json\/wp\/v2\/pages\/18136\/revisions"}],"predecessor-version":[{"id":18653,"href":"https:\/\/www.worldia-tools.com\/it\/wp-json\/wp\/v2\/pages\/18136\/revisions\/18653"}],"up":[{"embeddable":true,"href":"https:\/\/www.worldia-tools.com\/it\/wp-json\/wp\/v2\/pages\/779"}],"wp:attachment":[{"href":"https:\/\/www.worldia-tools.com\/it\/wp-json\/wp\/v2\/media?parent=18136"}],"curies":[{"name":"WP","href":"https:\/\/api.w.org\/{rel}","templated":true}]}}