{"id":15104,"date":"2025-05-12T13:25:23","date_gmt":"2025-05-12T05:25:23","guid":{"rendered":"https:\/\/www.worldia-tools.com\/?page_id=15104"},"modified":"2025-11-13T11:04:51","modified_gmt":"2025-11-13T03:04:51","slug":"north-america-latin-america-region","status":"publish","type":"page","link":"https:\/\/www.worldia-tools.com\/pl\/career\/north-america-latin-america-region\/","title":{"rendered":"Ameryka P\u00f3\u0142nocna &#038; Region Ameryki \u0141aci\u0144skiej"},"content":{"rendered":"<div data-elementor-type=\"wp-page\" data-elementor-id=\"15104\" class=\"elementor elementor-15104\" data-elementor-post-type=\"page\">\n\t\t\t\t<div class=\"elementor-element elementor-element-62021db e-con-full e-flex e-con e-parent\" data-id=\"62021db\" data-element_type=\"container\" data-e-type=\"container\">\n\t\t\t\t<div class=\"elementor-element elementor-element-aa30b1c elementor-widget elementor-widget-image\" data-id=\"aa30b1c\" data-element_type=\"widget\" data-e-type=\"widget\" data-widget_type=\"image.default\">\n\t\t\t\t<div class=\"elementor-widget-container\">\n\t\t\t\t\t\t\t\t\t\t\t\t\t\t\t<img fetchpriority=\"high\" decoding=\"async\" width=\"1920\" height=\"300\" src=\"https:\/\/www.worldia-tools.com\/wp-content\/uploads\/2024\/08\/zhaopin-banner.jpg\" class=\"attachment-full size-full wp-image-7768\" alt=\"Do\u0142\u0105cz do nas banner\" srcset=\"https:\/\/www.worldia-tools.com\/wp-content\/uploads\/2024\/08\/zhaopin-banner.jpg 1920w, https:\/\/www.worldia-tools.com\/wp-content\/uploads\/2024\/08\/zhaopin-banner-300x47.jpg 300w, https:\/\/www.worldia-tools.com\/wp-content\/uploads\/2024\/08\/zhaopin-banner-1024x160.jpg 1024w, https:\/\/www.worldia-tools.com\/wp-content\/uploads\/2024\/08\/zhaopin-banner-768x120.jpg 768w, https:\/\/www.worldia-tools.com\/wp-content\/uploads\/2024\/08\/zhaopin-banner-1536x240.jpg 1536w, https:\/\/www.worldia-tools.com\/wp-content\/uploads\/2024\/08\/zhaopin-banner-600x94.jpg 600w\" sizes=\"(max-width: 1920px) 100vw, 1920px\" \/>\t\t\t\t\t\t\t\t\t\t\t\t\t\t\t<\/div>\n\t\t\t\t<\/div>\n\t\t\t\t<\/div>\n\t\t\t\t<section class=\"elementor-section elementor-top-section elementor-element elementor-element-a2d0a87 elementor-section-boxed elementor-section-height-default elementor-section-height-default\" data-id=\"a2d0a87\" data-element_type=\"section\" data-e-type=\"section\">\n\t\t\t\t\t\t<div class=\"elementor-container elementor-column-gap-default\">\n\t\t\t\t\t<div class=\"elementor-column elementor-col-100 elementor-top-column elementor-element elementor-element-5252cbd\" data-id=\"5252cbd\" data-element_type=\"column\" data-e-type=\"column\">\n\t\t\t<div class=\"elementor-widget-wrap elementor-element-populated\">\n\t\t\t\t\t\t<div class=\"elementor-element elementor-element-4af22b7 elementor-widget elementor-widget-woocommerce-breadcrumb\" data-id=\"4af22b7\" data-element_type=\"widget\" data-e-type=\"widget\" data-widget_type=\"woocommerce-breadcrumb.default\">\n\t\t\t\t<div class=\"elementor-widget-container\">\n\t\t\t\t\t<nav class=\"woocommerce-breadcrumb\" aria-label=\"Breadcrumb\" data-no-translation=\"\" data-trp-gettext=\"\">Strona g\u0142\u00f3wna<\/nav>\t\t\t\t<\/div>\n\t\t\t\t<\/div>\n\t\t\t\t\t<\/div>\n\t\t<\/div>\n\t\t\t\t\t<\/div>\n\t\t<\/section>\n\t\t<div class=\"elementor-element elementor-element-731df06 e-flex e-con-boxed e-con e-parent\" data-id=\"731df06\" data-element_type=\"container\" data-e-type=\"container\">\n\t\t\t\t\t<div class=\"e-con-inner\">\n\t\t\t\t<div class=\"elementor-element elementor-element-219dc8b elementor-widget elementor-widget-heading\" data-id=\"219dc8b\" data-element_type=\"widget\" data-e-type=\"widget\" data-widget_type=\"heading.default\">\n\t\t\t\t<div class=\"elementor-widget-container\">\n\t\t\t\t\t<h1 class=\"elementor-heading-title elementor-size-default\">\nTytu\u0142 pracy: In\u017cynier Sprzeda\u017cy Narz\u0119dzi<\/h1>\t\t\t\t<\/div>\n\t\t\t\t<\/div>\n\t\t<div class=\"elementor-element elementor-element-43ab33b e-con-full e-flex e-con e-child\" data-id=\"43ab33b\" data-element_type=\"container\" data-e-type=\"container\">\n\t\t\t\t<div class=\"elementor-element elementor-element-d21adf3 elementor-widget elementor-widget-text-editor\" data-id=\"d21adf3\" data-element_type=\"widget\" data-e-type=\"widget\" data-widget_type=\"text-editor.default\">\n\t\t\t\t<div class=\"elementor-widget-container\">\n\t\t\t\t\t\t\t\t\t<p>Beijing Worldia Diamond Tools Co., Ltd jest wiod\u0105cym dostawc\u0105 wysokiej jako\u015bci narz\u0119dzi i rozwi\u0105za\u0144 do ci\u0119cia dla r\u00f3\u017cnych bran\u017c. Obecnie szukamy zmotywowanego i do\u015bwiadczonego in\u017cyniera sprzeda\u017cy narz\u0119dzi, aby do\u0142\u0105czy\u0107 do naszego rosn\u0105cego zespo\u0142u w Indiach. Idealny kandydat powinien posiada\u0107 doskona\u0142\u0105 wiedz\u0119 techniczn\u0105, silne umiej\u0119tno\u015bci sprzeda\u017cowe oraz zdolno\u015b\u0107 budowania d\u0142ugotrwa\u0142ych relacji z klientami.<\/p>\n<p>Je\u015bli szukasz mo\u017cliwo\u015bci pracy, przyjd\u017a do nas!<\/p>\n<p><strong><b>Tytu\u0142 pracy: In\u017cynier Sprzeda\u017cy Narz\u0119dzi<\/b><\/strong><\/p>\n<p><strong><b>Lokalizacja: Meksyk<\/b><\/strong><\/p>\n<p><strong><b>Kluczowe obowi\u0105zki<\/b><\/strong>:<\/p>\n<ol>\n<li>Opracowanie i wdro\u017cenie strategii sprzeda\u017cy w celu osi\u0105gni\u0119cia i przekroczenia cel\u00f3w sprzeda\u017cy narz\u0119dzi ci\u0119cia na wyznaczonych terytoriach.<\/li>\n<li>Przeprowadzanie bada\u0144 rynkowych i analizowanie potrzeb klient\u00f3w w celu zidentyfikowania potencjalnych mo\u017cliwo\u015bci biznesowych.<\/li>\n<li>Buduj i utrzymuj silne relacje z istniej\u0105cymi klientami, aktywnie poszukuj\u0105c nowych potencjalnych klient\u00f3w.<\/li>\n<li>Zapewnienie szkole\u0144 i wsparcia dla klient\u00f3w, zapewniaj\u0105c im zrozumienie cech i korzy\u015bci naszych narz\u0119dzi ci\u0119cich.<\/li>\n<li>Wsp\u00f3\u0142praca z zespo\u0142ami wewn\u0119trznymi, takimi jak rozw\u00f3j produkt\u00f3w i marketing, w celu poprawy oferty produkt\u00f3w i opracowania skutecznych materia\u0142\u00f3w handlowych.<\/li>\n<li>Uczestniczy\u0107 w wydarzeniach bran\u017cowych i targach, aby reprezentowa\u0107 firm\u0119, zaprezentowa\u0107 nasze produkty i nawi\u0105za\u0107 kontakty z potencjalnymi klientami.<\/li>\n<li>Przygotowywanie raport\u00f3w sprzeda\u017cy i regularne aktualizacje post\u0119p\u00f3w w osi\u0105gni\u0119ciu cel\u00f3w sprzeda\u017cy.<\/li>\n<\/ol>\n<p><strong><b>Wymagania<\/b><\/strong>:<\/p>\n<ol>\n<li>Bachelor&#8217; stopie\u0144 in\u017cynierii mechanicznej, in\u017cynierii przemys\u0142owej lub pokrewnej dziedzinie.<\/li>\n<li>Minimum 3 lata do\u015bwiadczenia w sprzeda\u017cy narz\u0119dzi, najlepiej w bran\u017cy narz\u0119dzi ci\u0119cich.<\/li>\n<li>Posiada\u0107 sprawdzone do\u015bwiadczenie w osi\u0105ganiu i przekraczaniu cel\u00f3w sprzeda\u017cy.<\/li>\n<li>Doskona\u0142e umiej\u0119tno\u015bci komunikacyjne, negocjacyjne i interpersonalne.<\/li>\n<li>Ableto pracuje niezale\u017cnie i jako cz\u0119\u015b\u0107 zespo\u0142u.<\/li>\n<li>Znajomo\u015b\u0107 oprogramowania CAD i specyfikacji narz\u0119dzi ci\u0119cia jest plusem.<\/li>\n<li>Akceptuj podr\u00f3\u017c w Meksyku&nbsp; i za granic\u0105 na wizyty klient\u00f3w i wydarzenia bran\u017cowe.<\/li>\n<\/ol>\n<p><strong><b>Co oferujemy<\/b><\/strong>:<\/p>\n<ol>\n<li>Konkurencyjny pakiet wynagrodze\u0144 oparty na do\u015bwiadczeniu i wydajno\u015bci.<\/li>\n<li>Mo\u017cliwo\u015bci rozwoju zawodowego i rozwoju kariery w organizacji.<\/li>\n<li>Wspieraj\u0105ce i dynamiczne \u015brodowisko pracy z naciskiem na satysfakcj\u0119 pracownik\u00f3w i r\u00f3wnowag\u0119 mi\u0119dzy \u017cyciem zawodowym a prywatnym.<\/li>\n<\/ol>\n<p><strong><b>Do zg\u0142oszenia<\/b><\/strong>:<\/p>\n<p>&nbsp; &nbsp; &nbsp; Je\u015bli uwa\u017casz, \u017ce masz niezb\u0119dne umiej\u0119tno\u015bci i do\u015bwiadczenie, aby doskonali\u0107 si\u0119 w tej roli, prosz\u0119 z\u0142o\u017cy\u0107 swoje CV wraz z listem motywacyjnym, w kt\u00f3rym szczeg\u00f3\u0142owo opisano swoje odpowiednie do\u015bwiadczenie i &nbsp; &nbsp; &nbsp; &nbsp; &nbsp; &nbsp; &nbsp; &nbsp; &nbsp; kwalifikacje. Mo\u017cesz z\u0142o\u017cy\u0107 wniosek bezpo\u015brednio za po\u015brednictwem naszej strony internetowej lub wys\u0142a\u0107 wniosek na adres:<u>&nbsp;<\/u><strong><b>jxhr@worldiatools.com.<\/b><\/strong><\/p>\n<p>&nbsp; &nbsp; &nbsp; Jeste\u015bmy pracodawc\u0105 r\u00f3wnych szans i witamy aplikacje wszystkich wykwalifikowanych kandydat\u00f3w.<\/p>\t\t\t\t\t\t\t\t<\/div>\n\t\t\t\t<\/div>\n\t\t\t\t<\/div>\n\t\t\t\t\t<\/div>\n\t\t\t\t<\/div>\n\t\t<div class=\"elementor-element elementor-element-6d1d1b3 e-con-full e-flex e-con e-parent\" data-id=\"6d1d1b3\" data-element_type=\"container\" data-e-type=\"container\" data-settings=\"{&quot;background_background&quot;:&quot;classic&quot;}\">\n\t\t\t\t<\/div>\n\t\t\t\t<\/div>","protected":false},"excerpt":{"rendered":"<p>Job Title: Tool Sales Engineer Beijing Worldia Diamond Tools Co., Ltd is a leading provider of high-quality cutting tools and solutions for various industries. We are currently seeking a motivated and experienced tool sales engineer to join our growing team in India. The ideal candidate should possess excellent technical knowledge, strong sales skills, and the [&hellip;]<\/p>\n","protected":false},"author":1,"featured_media":0,"parent":779,"menu_order":0,"comment_status":"closed","ping_status":"closed","template":"elementor_header_footer","meta":{"footnotes":""},"class_list":["post-15104","page","type-page","status-publish","hentry"],"_links":{"self":[{"href":"https:\/\/www.worldia-tools.com\/pl\/wp-json\/wp\/v2\/pages\/15104","targetHints":{"allow":["GET"]}}],"collection":[{"href":"https:\/\/www.worldia-tools.com\/pl\/wp-json\/wp\/v2\/pages"}],"about":[{"href":"https:\/\/www.worldia-tools.com\/pl\/wp-json\/wp\/v2\/types\/page"}],"author":[{"embeddable":true,"href":"https:\/\/www.worldia-tools.com\/pl\/wp-json\/wp\/v2\/users\/1"}],"replies":[{"embeddable":true,"href":"https:\/\/www.worldia-tools.com\/pl\/wp-json\/wp\/v2\/comments?post=15104"}],"version-history":[{"count":10,"href":"https:\/\/www.worldia-tools.com\/pl\/wp-json\/wp\/v2\/pages\/15104\/revisions"}],"predecessor-version":[{"id":18661,"href":"https:\/\/www.worldia-tools.com\/pl\/wp-json\/wp\/v2\/pages\/15104\/revisions\/18661"}],"up":[{"embeddable":true,"href":"https:\/\/www.worldia-tools.com\/pl\/wp-json\/wp\/v2\/pages\/779"}],"wp:attachment":[{"href":"https:\/\/www.worldia-tools.com\/pl\/wp-json\/wp\/v2\/media?parent=15104"}],"curies":[{"name":"WP","href":"https:\/\/api.w.org\/{rel}","templated":true}]}}