{"id":18136,"date":"2025-09-25T10:08:57","date_gmt":"2025-09-25T02:08:57","guid":{"rendered":"https:\/\/www.worldia-tools.com\/?page_id=18136"},"modified":"2025-11-13T10:51:16","modified_gmt":"2025-11-13T02:51:16","slug":"european-region","status":"publish","type":"page","link":"https:\/\/www.worldia-tools.com\/pl\/career\/european-region\/","title":{"rendered":"Regionu Europejskiego"},"content":{"rendered":"<div data-elementor-type=\"wp-page\" data-elementor-id=\"18136\" class=\"elementor elementor-18136\" data-elementor-post-type=\"page\">\n\t\t\t\t<div class=\"elementor-element elementor-element-62021db e-con-full e-flex e-con e-parent\" data-id=\"62021db\" data-element_type=\"container\" data-e-type=\"container\">\n\t\t\t\t<div class=\"elementor-element elementor-element-aa30b1c elementor-widget elementor-widget-image\" data-id=\"aa30b1c\" data-element_type=\"widget\" data-e-type=\"widget\" data-widget_type=\"image.default\">\n\t\t\t\t<div class=\"elementor-widget-container\">\n\t\t\t\t\t\t\t\t\t\t\t\t\t\t\t<img fetchpriority=\"high\" decoding=\"async\" width=\"1920\" height=\"300\" src=\"https:\/\/www.worldia-tools.com\/wp-content\/uploads\/2024\/08\/zhaopin-banner.jpg\" class=\"attachment-full size-full wp-image-7768\" alt=\"Do\u0142\u0105cz do nas banner\" srcset=\"https:\/\/www.worldia-tools.com\/wp-content\/uploads\/2024\/08\/zhaopin-banner.jpg 1920w, https:\/\/www.worldia-tools.com\/wp-content\/uploads\/2024\/08\/zhaopin-banner-300x47.jpg 300w, https:\/\/www.worldia-tools.com\/wp-content\/uploads\/2024\/08\/zhaopin-banner-1024x160.jpg 1024w, https:\/\/www.worldia-tools.com\/wp-content\/uploads\/2024\/08\/zhaopin-banner-768x120.jpg 768w, https:\/\/www.worldia-tools.com\/wp-content\/uploads\/2024\/08\/zhaopin-banner-1536x240.jpg 1536w, https:\/\/www.worldia-tools.com\/wp-content\/uploads\/2024\/08\/zhaopin-banner-600x94.jpg 600w\" sizes=\"(max-width: 1920px) 100vw, 1920px\" \/>\t\t\t\t\t\t\t\t\t\t\t\t\t\t\t<\/div>\n\t\t\t\t<\/div>\n\t\t\t\t<\/div>\n\t\t\t\t<section class=\"elementor-section elementor-top-section elementor-element elementor-element-5af6215 elementor-section-boxed elementor-section-height-default elementor-section-height-default\" data-id=\"5af6215\" data-element_type=\"section\" data-e-type=\"section\">\n\t\t\t\t\t\t<div class=\"elementor-container elementor-column-gap-default\">\n\t\t\t\t\t<div class=\"elementor-column elementor-col-100 elementor-top-column elementor-element elementor-element-e8fd1a3\" data-id=\"e8fd1a3\" data-element_type=\"column\" data-e-type=\"column\">\n\t\t\t<div class=\"elementor-widget-wrap elementor-element-populated\">\n\t\t\t\t\t\t<div class=\"elementor-element elementor-element-84b6726 elementor-widget elementor-widget-woocommerce-breadcrumb\" data-id=\"84b6726\" data-element_type=\"widget\" data-e-type=\"widget\" data-widget_type=\"woocommerce-breadcrumb.default\">\n\t\t\t\t<div class=\"elementor-widget-container\">\n\t\t\t\t\t<nav class=\"woocommerce-breadcrumb\" aria-label=\"Breadcrumb\" data-no-translation=\"\" data-trp-gettext=\"\">Strona g\u0142\u00f3wna<\/nav>\t\t\t\t<\/div>\n\t\t\t\t<\/div>\n\t\t\t\t\t<\/div>\n\t\t<\/div>\n\t\t\t\t\t<\/div>\n\t\t<\/section>\n\t\t<div class=\"elementor-element elementor-element-731df06 e-flex e-con-boxed e-con e-parent\" data-id=\"731df06\" data-element_type=\"container\" data-e-type=\"container\">\n\t\t\t\t\t<div class=\"e-con-inner\">\n\t\t\t\t<div class=\"elementor-element elementor-element-219dc8b elementor-widget elementor-widget-heading\" data-id=\"219dc8b\" data-element_type=\"widget\" data-e-type=\"widget\" data-widget_type=\"heading.default\">\n\t\t\t\t<div class=\"elementor-widget-container\">\n\t\t\t\t\t<h1 class=\"elementor-heading-title elementor-size-default\">Tytu\u0142 pracy: <span style=\"color: inherit;font-family: var(--font-heading-family);font-size: calc(var(--font-heading-scale) * 4rem);font-weight: var(--font-heading-weight);letter-spacing: calc(var(--font-heading-scale) * .06rem);text-align: start;text-transform: none\">Dyrektor Sprzeda\u017cy W\u0142ochy<\/span><br><\/h1>\t\t\t\t<\/div>\n\t\t\t\t<\/div>\n\t\t<div class=\"elementor-element elementor-element-43ab33b e-con-full e-flex e-con e-child\" data-id=\"43ab33b\" data-element_type=\"container\" data-e-type=\"container\">\n\t\t\t\t<div class=\"elementor-element elementor-element-d21adf3 elementor-widget elementor-widget-text-editor\" data-id=\"d21adf3\" data-element_type=\"widget\" data-e-type=\"widget\" data-widget_type=\"text-editor.default\">\n\t\t\t\t<div class=\"elementor-widget-container\">\n\t\t\t\t\t\t\t\t\t<p>Beijing Worldia Diamond Tools Co., Ltd jest wiod\u0105cym dostawc\u0105 wysokiej jako\u015bci narz\u0119dzi i rozwi\u0105za\u0144 do ci\u0119cia dla r\u00f3\u017cnych bran\u017c. Obecnie szukamy zmotywowanego i do\u015bwiadczonego mened\u017cera sprzeda\u017cy, aby do\u0142\u0105czy\u0107 do naszego rosn\u0105cego zespo\u0142u we W\u0142oszech.\u00a0<\/p><p>Je\u015bli szukasz mo\u017cliwo\u015bci pracy, przyjd\u017a do nas!<\/p><p><strong><b>Tytu\u0142 pracy: Dyrektor Sprzeda\u017cy Obszaru W\u0142ochy (m\/f\/d)<\/b><\/strong><\/p><p><strong><b>Lokalizacja: Elastyczna (zdalna)<\/b><\/strong><\/p><p><strong><b>Opis pracy<\/b><\/strong>Szukamy entuzjastycznych mened\u017cer\u00f3w sprzeda\u017cy we W\u0142oszech, aby do\u0142\u0105czy\u0107 do naszego zespo\u0142u. Jako mened\u017cer sprzeda\u017cy obszaru odegrasz kluczow\u0105 rol\u0119 w rozwoju sprzeda\u017cy i rentowno\u015bci we W\u0142oszech za po\u015brednictwem wielu kana\u0142\u00f3w sprzeda\u017cy.<\/p><p><strong><b>Kluczowe obowi\u0105zki<\/b><\/strong>:<\/p><ul><li><strong>Analiza rynku:<\/strong>\u00a0Strategicznie zaplanuj dzia\u0142alno\u015b\u0107 handlow\u0105 poprzez analiz\u0119 rynku, aby zidentyfikowa\u0107 potencjalnych klient\u00f3w i partner\u00f3w kana\u0142owych dostosowanych do naszej firmy; Cele strategiczne i roczne.<\/li><li><strong>Zaanga\u017cowanie klienta:<\/strong>\u00a0Zaplanuj produktywne wizyty klienta, wspieraj\u0105c silne relacje, kt\u00f3re przynosz\u0105 korzy\u015bci zar\u00f3wno klientowi, jak i naszej firmie.<\/li><li><strong>Komunikacja z zainteresowanymi stronami:<\/strong>\u00a0Skuteczne anga\u017cowanie si\u0119 z wewn\u0119trznymi i zewn\u0119trznymi zainteresowanymi stronami w celu zbudowania solidnej sieci i szybkiego reagowania na potrzeby klient\u00f3w.<\/li><li><strong>Negocjacje:<\/strong>\u00a0Wsp\u00f3\u0142pracuj z klientami i partnerami kana\u0142owymi w celu negocjowania um\u00f3w, kt\u00f3re przynosz\u0105 wzajemnie korzystne rozwi\u0105zania.<\/li><li><strong>Operacje sprzeda\u017cy:<\/strong>\u00a0Zapewnienie bezproblemowego dostosowania i zgodno\u015bci ze standardowymi procesami, systemami i wytycznymi naszej firmy, co skutkuje wydajnymi, prostymi i prawid\u0142owymi przep\u0142ywami pracy i danymi.<\/li><li><strong>Promocja produktu:<\/strong>\u00a0Promowa\u0107 nasz\u0105 pe\u0142n\u0105 gam\u0119 produkt\u00f3w i us\u0142ug, aby zaspokoi\u0107 potrzeby klient\u00f3w zar\u00f3wno w zakresie produkt\u00f3w, jak i wymaga\u0144 aplikacji.<\/li><li><strong>Sprzeda\u017c warto\u015bci dodanej:<\/strong>\u00a0Aktywnie sprzedawa\u0107 nasze produkty i us\u0142ugi, dostarczaj\u0105c rozwi\u0105zania o warto\u015bci dodanej, kt\u00f3re odpowiadaj\u0105 naszym klientom&#8217; wyj\u0105tkowe potrzeby.<\/li><li><strong>Zamkni\u0119cie sprzeda\u017cy:<\/strong>\u00a0Zabezpieczenie zam\u00f3wie\u0144 sprzeda\u017cy od klient\u00f3w po porozumieniu si\u0119 z proponowanymi rozwi\u0105zaniami o warto\u015bci dodanej.<\/li><li><strong>Raportowanie:<\/strong>\u00a0Dokumentowanie i raportowanie dzia\u0142alno\u015bci handlowej, w tym raport\u00f3w testowych, oszcz\u0119dno\u015bci koszt\u00f3w i prognoz biznesowych, poprzez ci\u0105g\u0142y monitoring klient\u00f3w i konkurent\u00f3w.<br \/><br \/><\/li><\/ul><p><strong><b>Kwalifikacje:<\/b><\/strong><\/p><ul><li><strong>Ekspertyza w ci\u0119ciu metali:<\/strong>\u00a0Mocne zrozumienie i praktyczne do\u015bwiadczenie w procesach ci\u0119cia metali, w tym toczenia, frezowania i tworzenia otwor\u00f3w, idealnie w nadtwardych narz\u0119dziach ci\u0119cia.<br \/>Preferowany stopie\u0144 in\u017cyniera lub technika.<\/li><li><strong>Do\u015bwiadczenie sprzeda\u017cy:<\/strong>\u00a05 lat wykazane do\u015bwiadczenie w sprzeda\u017cy terenowej w narz\u0119dziach do ci\u0119cia metalu z istniej\u0105cymi relacjami z klientami. Analityczne i systematyczne podej\u015bcie, przegl\u0105d biznesowy.<\/li><li><strong>Tech-Savvy:<\/strong>\u00a0Znajomo\u015b\u0107 MS Office do cel\u00f3w sprzeda\u017cy i raportowania.<br \/>Praktyczny os\u0105d i taktyczne umiej\u0119tno\u015bci rozwi\u0105zywania problem\u00f3w.<\/li><li><strong>Profil Huntera:<\/strong>\u00a0Proaktywne podej\u015bcie zar\u00f3wno do rozwoju istniej\u0105cych relacji z klientami, jak i do nabywania nowych.<\/li><li><strong>Interakcja z zainteresowanymi stronami:<\/strong>\u00a0Umiej\u0119tno\u015b\u0107 efektywnej interakcji z kluczowymi kontami, partnerami kana\u0142owymi i mniejszymi firmami.<br \/>Znajomo\u015b\u0107 \u015brodowiska w mi\u0119dzynarodowej firmie.<\/li><li><strong>Umiej\u0119tno\u015bci komunikacyjne:<\/strong>\u00a0Doskona\u0142e umiej\u0119tno\u015bci komunikacyjne zar\u00f3wno w Worldia, jak i z klientami. Fluent w j\u0119zyku angielskim (pisemnym i ustnym) odpowiedniego regionu sprzeda\u017cy.<\/li><li><strong>Gracz zespo\u0142owy:<\/strong>\u00a0Skuteczne dzielenie si\u0119 informacjami i zaanga\u017cowanie cz\u0142onk\u00f3w zespo\u0142u. Rozumienie, \u017ce sukces jest wynikiem zespo\u0142u.<\/li><li><strong>Integralno\u015b\u0107:<\/strong>\u00a0Zobowi\u0105zane do etyki biznesowej i zgodno\u015bci.<\/li><li><strong>Dostosowalno\u015b\u0107:<\/strong>\u00a0Elastyczno\u015b\u0107 i zdolno\u015b\u0107 dostosowywania si\u0119 do zmieniaj\u0105cego si\u0119 rynku i firmy.<\/li><li><strong>Ch\u0119ta do podr\u00f3\u017cy:<\/strong> 70%, wymagane jest prawo jazdy.<\/li><\/ul><p>Czekamy na witanie dynamicznych os\u00f3b, kt\u00f3re s\u0105 zobowi\u0105zane do przyczynienia si\u0119 do Worldia&#8217; Kontynuowany sukces.<\/p><p><strong><b>Do zg\u0142oszenia<\/b><\/strong>:<\/p><p>\u00a0 \u00a0 \u00a0 Je\u015bli uwa\u017casz, \u017ce posiadasz niezb\u0119dne umiej\u0119tno\u015bci i do\u015bwiadczenie, aby doskonali\u0107 si\u0119 w tej roli, prosimy o przes\u0142anie CV wraz z listem motywacyjnym, w kt\u00f3rym szczeg\u00f3\u0142owo opisano Twoje odpowiednie do\u015bwiadczenie i kwalifikacje. Mo\u017cesz z\u0142o\u017cy\u0107 wniosek bezpo\u015brednio za po\u015brednictwem naszej strony internetowej lub wys\u0142a\u0107 wniosek na adres: <strong>info@worldia-tools.eu<\/strong><\/p><p>\u00a0 \u00a0 \u00a0 Jeste\u015bmy pracodawc\u0105 r\u00f3wnych szans i witamy aplikacje wszystkich wykwalifikowanych kandydat\u00f3w.<\/p>\t\t\t\t\t\t\t\t<\/div>\n\t\t\t\t<\/div>\n\t\t\t\t<\/div>\n\t\t\t\t\t<\/div>\n\t\t\t\t<\/div>\n\t\t<div class=\"elementor-element elementor-element-6d1d1b3 e-con-full e-flex e-con e-parent\" data-id=\"6d1d1b3\" data-element_type=\"container\" data-e-type=\"container\" data-settings=\"{&quot;background_background&quot;:&quot;classic&quot;}\">\n\t\t\t\t<\/div>\n\t\t\t\t<\/div>","protected":false},"excerpt":{"rendered":"<p>Job Title: Area Sales Manager Italy Beijing Worldia Diamond Tools Co., Ltd is a leading provider of high-quality cutting tools and solutions for various industries. We are currently seeking a motivated and experienced area sales manager to join our growing team in Italy.\u00a0 If you are looking for job opportunities, come and join us! Job [&hellip;]<\/p>\n","protected":false},"author":1,"featured_media":0,"parent":779,"menu_order":0,"comment_status":"closed","ping_status":"closed","template":"elementor_header_footer","meta":{"footnotes":""},"class_list":["post-18136","page","type-page","status-publish","hentry"],"_links":{"self":[{"href":"https:\/\/www.worldia-tools.com\/pl\/wp-json\/wp\/v2\/pages\/18136","targetHints":{"allow":["GET"]}}],"collection":[{"href":"https:\/\/www.worldia-tools.com\/pl\/wp-json\/wp\/v2\/pages"}],"about":[{"href":"https:\/\/www.worldia-tools.com\/pl\/wp-json\/wp\/v2\/types\/page"}],"author":[{"embeddable":true,"href":"https:\/\/www.worldia-tools.com\/pl\/wp-json\/wp\/v2\/users\/1"}],"replies":[{"embeddable":true,"href":"https:\/\/www.worldia-tools.com\/pl\/wp-json\/wp\/v2\/comments?post=18136"}],"version-history":[{"count":19,"href":"https:\/\/www.worldia-tools.com\/pl\/wp-json\/wp\/v2\/pages\/18136\/revisions"}],"predecessor-version":[{"id":18653,"href":"https:\/\/www.worldia-tools.com\/pl\/wp-json\/wp\/v2\/pages\/18136\/revisions\/18653"}],"up":[{"embeddable":true,"href":"https:\/\/www.worldia-tools.com\/pl\/wp-json\/wp\/v2\/pages\/779"}],"wp:attachment":[{"href":"https:\/\/www.worldia-tools.com\/pl\/wp-json\/wp\/v2\/media?parent=18136"}],"curies":[{"name":"WP","href":"https:\/\/api.w.org\/{rel}","templated":true}]}}