{"id":7802,"date":"2024-08-30T10:12:50","date_gmt":"2024-08-30T02:12:50","guid":{"rendered":"https:\/\/www.worldia-tools.com\/?page_id=7802"},"modified":"2025-11-13T11:04:59","modified_gmt":"2025-11-13T03:04:59","slug":"asia-region-sales-engineer","status":"publish","type":"page","link":"https:\/\/www.worldia-tools.com\/pl\/career\/asia-region-sales-engineer\/","title":{"rendered":"In\u017cynier Sprzeda\u017cy"},"content":{"rendered":"<div data-elementor-type=\"wp-page\" data-elementor-id=\"7802\" class=\"elementor elementor-7802\" data-elementor-post-type=\"page\">\n\t\t\t\t<div class=\"elementor-element elementor-element-62021db e-con-full e-flex e-con e-parent\" data-id=\"62021db\" data-element_type=\"container\" data-e-type=\"container\">\n\t\t\t\t<div class=\"elementor-element elementor-element-aa30b1c elementor-widget elementor-widget-image\" data-id=\"aa30b1c\" data-element_type=\"widget\" data-e-type=\"widget\" data-widget_type=\"image.default\">\n\t\t\t\t<div class=\"elementor-widget-container\">\n\t\t\t\t\t\t\t\t\t\t\t\t\t\t\t<img fetchpriority=\"high\" decoding=\"async\" width=\"1920\" height=\"300\" src=\"https:\/\/www.worldia-tools.com\/wp-content\/uploads\/2024\/08\/zhaopin-banner.jpg\" class=\"attachment-full size-full wp-image-7768\" alt=\"Do\u0142\u0105cz do nas banner\" srcset=\"https:\/\/www.worldia-tools.com\/wp-content\/uploads\/2024\/08\/zhaopin-banner.jpg 1920w, https:\/\/www.worldia-tools.com\/wp-content\/uploads\/2024\/08\/zhaopin-banner-300x47.jpg 300w, https:\/\/www.worldia-tools.com\/wp-content\/uploads\/2024\/08\/zhaopin-banner-1024x160.jpg 1024w, https:\/\/www.worldia-tools.com\/wp-content\/uploads\/2024\/08\/zhaopin-banner-768x120.jpg 768w, https:\/\/www.worldia-tools.com\/wp-content\/uploads\/2024\/08\/zhaopin-banner-1536x240.jpg 1536w, https:\/\/www.worldia-tools.com\/wp-content\/uploads\/2024\/08\/zhaopin-banner-600x94.jpg 600w\" sizes=\"(max-width: 1920px) 100vw, 1920px\" \/>\t\t\t\t\t\t\t\t\t\t\t\t\t\t\t<\/div>\n\t\t\t\t<\/div>\n\t\t\t\t<\/div>\n\t\t\t\t<section class=\"elementor-section elementor-top-section elementor-element elementor-element-8e1f1e2 elementor-section-boxed elementor-section-height-default elementor-section-height-default\" data-id=\"8e1f1e2\" data-element_type=\"section\" data-e-type=\"section\">\n\t\t\t\t\t\t<div class=\"elementor-container elementor-column-gap-default\">\n\t\t\t\t\t<div class=\"elementor-column elementor-col-100 elementor-top-column elementor-element elementor-element-75cfd5e\" data-id=\"75cfd5e\" data-element_type=\"column\" data-e-type=\"column\">\n\t\t\t<div class=\"elementor-widget-wrap elementor-element-populated\">\n\t\t\t\t\t\t<div class=\"elementor-element elementor-element-c0ecec7 elementor-widget elementor-widget-woocommerce-breadcrumb\" data-id=\"c0ecec7\" data-element_type=\"widget\" data-e-type=\"widget\" data-widget_type=\"woocommerce-breadcrumb.default\">\n\t\t\t\t<div class=\"elementor-widget-container\">\n\t\t\t\t\t<nav class=\"woocommerce-breadcrumb\" aria-label=\"Breadcrumb\" data-no-translation=\"\" data-trp-gettext=\"\">Strona g\u0142\u00f3wna<\/nav>\t\t\t\t<\/div>\n\t\t\t\t<\/div>\n\t\t\t\t\t<\/div>\n\t\t<\/div>\n\t\t\t\t\t<\/div>\n\t\t<\/section>\n\t\t<div class=\"elementor-element elementor-element-731df06 e-flex e-con-boxed e-con e-parent\" data-id=\"731df06\" data-element_type=\"container\" data-e-type=\"container\">\n\t\t\t\t\t<div class=\"e-con-inner\">\n\t\t\t\t<div class=\"elementor-element elementor-element-219dc8b elementor-widget elementor-widget-heading\" data-id=\"219dc8b\" data-element_type=\"widget\" data-e-type=\"widget\" data-widget_type=\"heading.default\">\n\t\t\t\t<div class=\"elementor-widget-container\">\n\t\t\t\t\t<h1 class=\"elementor-heading-title elementor-size-default\"> Tytu\u0142 pracy: In\u017cynier Sprzeda\u017cy Narz\u0119dzi (hiszpa\u0144ski, niemiecki, japo\u0144ski)\n<\/h1>\t\t\t\t<\/div>\n\t\t\t\t<\/div>\n\t\t<div class=\"elementor-element elementor-element-43ab33b e-con-full e-flex e-con e-child\" data-id=\"43ab33b\" data-element_type=\"container\" data-e-type=\"container\">\n\t\t\t\t<div class=\"elementor-element elementor-element-d21adf3 elementor-widget elementor-widget-text-editor\" data-id=\"d21adf3\" data-element_type=\"widget\" data-e-type=\"widget\" data-widget_type=\"text-editor.default\">\n\t\t\t\t<div class=\"elementor-widget-container\">\n\t\t\t\t\t\t\t\t\t<p style=\"text-align: left;\">Beijing Worldia Diamond Tools Co., Ltd jest wiod\u0105cym dostawc\u0105 wysokiej jako\u015bci narz\u0119dzi i rozwi\u0105za\u0144 do ci\u0119cia dla r\u00f3\u017cnych bran\u017c. Obecnie szukamy zmotywowanego i do\u015bwiadczonego in\u017cyniera sprzeda\u017cy narz\u0119dzi, aby do\u0142\u0105czy\u0107 do naszego rosn\u0105cego zespo\u0142u w Indiach. Idealny kandydat powinien posiada\u0107 doskona\u0142\u0105 wiedz\u0119 techniczn\u0105, silne umiej\u0119tno\u015bci sprzeda\u017cowe oraz zdolno\u015b\u0107 budowania d\u0142ugotrwa\u0142ych relacji z klientami.<\/p><p>Je\u015bli szukasz mo\u017cliwo\u015bci pracy, przyjd\u017a do nas!<strong><b> \u00a0<\/b><\/strong><\/p><p><strong><b>Tytu\u0142 pracy: <\/b><\/strong><strong><b>In\u017cynier Sprzeda\u017cy Narz\u0119dzi (hiszpa\u0144ski, niemiecki, japo\u0144ski)<\/b><\/strong><\/p><p><strong><b>Lokalizacja:<\/b><\/strong><strong><b>\u00a0Langfang, Chiny<\/b><\/strong><\/p><p><strong><b>G\u0142\u00f3wne obowi\u0105zki:<\/b><\/strong><\/p><ol><li>Odpowiedzialny za zagraniczn\u0105 sprzeda\u017c produkt\u00f3w narz\u0119dziowych PCD \/ PCBN;<\/li><li>Niezale\u017cnie rozwija\u0107 klient\u00f3w za po\u015brednictwem kana\u0142\u00f3w takich jak Alibaba, B2B i Google oraz szybko obs\u0142ugiwa\u0107 i odpowiada\u0107 na zapytania klient\u00f3w;<\/li><li>U\u017cyj w\u0142asnych umiej\u0119tno\u015bci komunikacyjnych do komunikowania si\u0119 z klientami za po\u015brednictwem poczty elektronicznej lub telefonu, aby u\u0142atwi\u0107 transakcje;<\/li><li>\u015bledzenie wykorzystania produktu i utrzymywanie dobrych relacji z klientami;<\/li><li>Zbieranie i organizowanie informacji zwi\u0105zanych z bran\u017c\u0105 w celu promowania i promowania firmy&#8217; produkt\u00f3w S.<\/li><\/ol><p><strong><b>Wymagania:<\/b><\/strong><\/p><ol><li>Stopie\u0144 licencjata lub wy\u017cszy, specjalizacja w handlu mi\u0119dzynarodowym i maszynach jest preferowane; Znajomo\u015b\u0107 produktu narz\u0119dzi mechanicznych, takich jak rodzaje narz\u0119dzi, materia\u0142y, wydajno\u015b\u0107, scenariusze zastosowa\u0144 itp.;<\/li><li>Posiada\u0107 doskona\u0142e umiej\u0119tno\u015bci s\u0142uchania, m\u00f3wienia, czytania i pisania po angielsku, by\u0107 w stanie p\u0142ynnie komunikowa\u0107 si\u0119 z zagranicznymi klientami, obs\u0142ugiwa\u0107 angielskie wiadomo\u015bci e-mail biznesowe itp., opanowa\u0107 drugi j\u0119zyk obcy, taki jak hiszpa\u0144ski, niemiecki, japo\u0144ski itp. i posiada\u0107 pewne umiej\u0119tno\u015bci komunikacyjne;<\/li><li>Znajomo\u015b\u0107 oprogramowania biurowego, takiego jak Word, Excel, PowerPoint itp., i zdolno\u015b\u0107 do tworzenia profesjonalnych dokument\u00f3w biznesowych i raport\u00f3w sprzeda\u017cy. Jednocze\u015bnie opanowa\u0107 funkcjonowanie oprogramowania i platform zwi\u0105zanych z handlem mi\u0119dzynarodowym, takich jak stacja mi\u0119dzynarodowa Alibaba, system deklaracji celnej itp.;<\/li><li>Preferowane s\u0105 osoby z ponad 1 rokiem do\u015bwiadczenia w sprzeda\u017cy w bran\u017cy narz\u0119dzi mechanicznych lub mi\u0119dzynarodowym do\u015bwiadczeniem w rozwoju biznesu, a osoby z pewnymi zasobami klienta i kana\u0142ami sprzeda\u017cy s\u0105 jeszcze lepsze.<\/li><li>Posiada\u0107 silne mo\u017cliwo\u015bci rozwoju rynku i rozwoju klienta, by\u0107 w stanie aktywnie znale\u017a\u0107 potencjalnych klient\u00f3w, nawi\u0105za\u0107 i utrzymywa\u0107 dobre relacje z klientami.<\/li><li>Posiada\u0107 dobre umiej\u0119tno\u015bci komunikacyjne i koordynacyjne oraz ducha pracy zespo\u0142owej oraz by\u0107 w stanie \u015bci\u015ble wsp\u00f3\u0142pracowa\u0107 z firm\u0105; wewn\u0119trzne dzia\u0142y produkcji, technologii, logistyki i innych, aby zapewni\u0107 p\u0142ynne wykonywanie zam\u00f3wie\u0144.<\/li><li>Biznes mi\u0119dzynarodowy obejmuje r\u00f3\u017cne kultury i strefy czasowe, co wymaga od praktyk\u00f3w dobrej adaptacyjno\u015bci i odporno\u015bci na stres oraz zdolno\u015bci do utrzymania dobrego stanu pracy w wysoko intensywnym rytmie pracy.<\/li><\/ol><p><strong><b>Co oferujemy<\/b><\/strong>:<\/p><ol><li>Konkurencyjny pakiet wynagrodze\u0144 oparty na do\u015bwiadczeniu i wydajno\u015bci.<\/li><li>Mo\u017cliwo\u015bci rozwoju zawodowego i rozwoju kariery w organizacji.<\/li><li>Wspieraj\u0105ce i dynamiczne \u015brodowisko pracy z naciskiem na satysfakcj\u0119 pracownik\u00f3w i r\u00f3wnowag\u0119 mi\u0119dzy \u017cyciem zawodowym a prywatnym.<\/li><\/ol><p><strong><b>Do zg\u0142oszenia<\/b><\/strong>:<\/p><p>\u00a0 \u00a0 \u00a0 \u00a0Je\u015bli uwa\u017casz, \u017ce posiadasz niezb\u0119dne umiej\u0119tno\u015bci i do\u015bwiadczenie, aby doskonali\u0107 si\u0119 w tej roli, prosimy o przes\u0142anie CV wraz z listem motywacyjnym, w kt\u00f3rym szczeg\u00f3\u0142owo opisano Twoje odpowiednie do\u015bwiadczenie i kwalifikacje. Mo\u017cesz z\u0142o\u017cy\u0107 wniosek bezpo\u015brednio za po\u015brednictwem naszej strony internetowej lub wys\u0142a\u0107 wniosek na adres:<u>\u00a0<\/u><strong><b>jxhr@worldiatools.com.<\/b><\/strong><\/p><p>\u00a0 \u00a0 \u00a0 \u00a0Jeste\u015bmy pracodawc\u0105 r\u00f3wnych szans i witamy aplikacje wszystkich wykwalifikowanych kandydat\u00f3w.<\/p>\t\t\t\t\t\t\t\t<\/div>\n\t\t\t\t<\/div>\n\t\t\t\t<\/div>\n\t\t\t\t\t<\/div>\n\t\t\t\t<\/div>\n\t\t<div class=\"elementor-element elementor-element-6d1d1b3 e-con-full e-flex e-con e-parent\" data-id=\"6d1d1b3\" data-element_type=\"container\" data-e-type=\"container\" data-settings=\"{&quot;background_background&quot;:&quot;classic&quot;}\">\n\t\t\t\t<\/div>\n\t\t\t\t<\/div>","protected":false},"excerpt":{"rendered":"<p>Job Title: Tool Sales Engineer (Spanish, German, Japanese) Beijing Worldia Diamond Tools Co., Ltd is a leading provider of high-quality cutting tools and solutions for various industries. We are currently seeking a motivated and experienced tool sales engineer to join our growing team in India. The ideal candidate should possess excellent technical knowledge, strong sales [&hellip;]<\/p>\n","protected":false},"author":1,"featured_media":0,"parent":779,"menu_order":0,"comment_status":"closed","ping_status":"closed","template":"elementor_header_footer","meta":{"footnotes":""},"class_list":["post-7802","page","type-page","status-publish","hentry"],"_links":{"self":[{"href":"https:\/\/www.worldia-tools.com\/pl\/wp-json\/wp\/v2\/pages\/7802","targetHints":{"allow":["GET"]}}],"collection":[{"href":"https:\/\/www.worldia-tools.com\/pl\/wp-json\/wp\/v2\/pages"}],"about":[{"href":"https:\/\/www.worldia-tools.com\/pl\/wp-json\/wp\/v2\/types\/page"}],"author":[{"embeddable":true,"href":"https:\/\/www.worldia-tools.com\/pl\/wp-json\/wp\/v2\/users\/1"}],"replies":[{"embeddable":true,"href":"https:\/\/www.worldia-tools.com\/pl\/wp-json\/wp\/v2\/comments?post=7802"}],"version-history":[{"count":87,"href":"https:\/\/www.worldia-tools.com\/pl\/wp-json\/wp\/v2\/pages\/7802\/revisions"}],"predecessor-version":[{"id":18664,"href":"https:\/\/www.worldia-tools.com\/pl\/wp-json\/wp\/v2\/pages\/7802\/revisions\/18664"}],"up":[{"embeddable":true,"href":"https:\/\/www.worldia-tools.com\/pl\/wp-json\/wp\/v2\/pages\/779"}],"wp:attachment":[{"href":"https:\/\/www.worldia-tools.com\/pl\/wp-json\/wp\/v2\/media?parent=7802"}],"curies":[{"name":"WP","href":"https:\/\/api.w.org\/{rel}","templated":true}]}}