{"id":18136,"date":"2025-09-25T10:08:57","date_gmt":"2025-09-25T02:08:57","guid":{"rendered":"https:\/\/www.worldia-tools.com\/?page_id=18136"},"modified":"2025-11-13T10:51:16","modified_gmt":"2025-11-13T02:51:16","slug":"european-region","status":"publish","type":"page","link":"https:\/\/www.worldia-tools.com\/pt\/career\/european-region\/","title":{"rendered":"Regi\u00e3o Europeia"},"content":{"rendered":"<div data-elementor-type=\"wp-page\" data-elementor-id=\"18136\" class=\"elementor elementor-18136\" data-elementor-post-type=\"page\">\n\t\t\t\t<div class=\"elementor-element elementor-element-62021db e-con-full e-flex e-con e-parent\" data-id=\"62021db\" data-element_type=\"container\" data-e-type=\"container\">\n\t\t\t\t<div class=\"elementor-element elementor-element-aa30b1c elementor-widget elementor-widget-image\" data-id=\"aa30b1c\" data-element_type=\"widget\" data-e-type=\"widget\" data-widget_type=\"image.default\">\n\t\t\t\t<div class=\"elementor-widget-container\">\n\t\t\t\t\t\t\t\t\t\t\t\t\t\t\t<img fetchpriority=\"high\" decoding=\"async\" width=\"1920\" height=\"300\" src=\"https:\/\/www.worldia-tools.com\/wp-content\/uploads\/2024\/08\/zhaopin-banner.jpg\" class=\"attachment-full size-full wp-image-7768\" alt=\"Junte-nos a bandeira\" srcset=\"https:\/\/www.worldia-tools.com\/wp-content\/uploads\/2024\/08\/zhaopin-banner.jpg 1920w, https:\/\/www.worldia-tools.com\/wp-content\/uploads\/2024\/08\/zhaopin-banner-300x47.jpg 300w, https:\/\/www.worldia-tools.com\/wp-content\/uploads\/2024\/08\/zhaopin-banner-1024x160.jpg 1024w, https:\/\/www.worldia-tools.com\/wp-content\/uploads\/2024\/08\/zhaopin-banner-768x120.jpg 768w, https:\/\/www.worldia-tools.com\/wp-content\/uploads\/2024\/08\/zhaopin-banner-1536x240.jpg 1536w, https:\/\/www.worldia-tools.com\/wp-content\/uploads\/2024\/08\/zhaopin-banner-600x94.jpg 600w\" sizes=\"(max-width: 1920px) 100vw, 1920px\" \/>\t\t\t\t\t\t\t\t\t\t\t\t\t\t\t<\/div>\n\t\t\t\t<\/div>\n\t\t\t\t<\/div>\n\t\t\t\t<section class=\"elementor-section elementor-top-section elementor-element elementor-element-5af6215 elementor-section-boxed elementor-section-height-default elementor-section-height-default\" data-id=\"5af6215\" data-element_type=\"section\" data-e-type=\"section\">\n\t\t\t\t\t\t<div class=\"elementor-container elementor-column-gap-default\">\n\t\t\t\t\t<div class=\"elementor-column elementor-col-100 elementor-top-column elementor-element elementor-element-e8fd1a3\" data-id=\"e8fd1a3\" data-element_type=\"column\" data-e-type=\"column\">\n\t\t\t<div class=\"elementor-widget-wrap elementor-element-populated\">\n\t\t\t\t\t\t<div class=\"elementor-element elementor-element-84b6726 elementor-widget elementor-widget-woocommerce-breadcrumb\" data-id=\"84b6726\" data-element_type=\"widget\" data-e-type=\"widget\" data-widget_type=\"woocommerce-breadcrumb.default\">\n\t\t\t\t<div class=\"elementor-widget-container\">\n\t\t\t\t\t<nav class=\"woocommerce-breadcrumb\" aria-label=\"Breadcrumb\" data-no-translation=\"\" data-trp-gettext=\"\">In\u00edcio<\/nav>\t\t\t\t<\/div>\n\t\t\t\t<\/div>\n\t\t\t\t\t<\/div>\n\t\t<\/div>\n\t\t\t\t\t<\/div>\n\t\t<\/section>\n\t\t<div class=\"elementor-element elementor-element-731df06 e-flex e-con-boxed e-con e-parent\" data-id=\"731df06\" data-element_type=\"container\" data-e-type=\"container\">\n\t\t\t\t\t<div class=\"e-con-inner\">\n\t\t\t\t<div class=\"elementor-element elementor-element-219dc8b elementor-widget elementor-widget-heading\" data-id=\"219dc8b\" data-element_type=\"widget\" data-e-type=\"widget\" data-widget_type=\"heading.default\">\n\t\t\t\t<div class=\"elementor-widget-container\">\n\t\t\t\t\t<h1 class=\"elementor-heading-title elementor-size-default\">T\u00edtulo do Trabalho: <span style=\"color: inherit;font-family: var(--font-heading-family);font-size: calc(var(--font-heading-scale) * 4rem);font-weight: var(--font-heading-weight);letter-spacing: calc(var(--font-heading-scale) * .06rem);text-align: start;text-transform: none\">Gestor de Vendas da \u00c1rea It\u00e1lia<\/span><br><\/h1>\t\t\t\t<\/div>\n\t\t\t\t<\/div>\n\t\t<div class=\"elementor-element elementor-element-43ab33b e-con-full e-flex e-con e-child\" data-id=\"43ab33b\" data-element_type=\"container\" data-e-type=\"container\">\n\t\t\t\t<div class=\"elementor-element elementor-element-d21adf3 elementor-widget elementor-widget-text-editor\" data-id=\"d21adf3\" data-element_type=\"widget\" data-e-type=\"widget\" data-widget_type=\"text-editor.default\">\n\t\t\t\t<div class=\"elementor-widget-container\">\n\t\t\t\t\t\t\t\t\t<p>Beijing Worldia Diamond Tools Co., Ltd \u00e9 um principal fornecedor de ferramentas e solu\u00e7\u00f5es de corte de alta qualidade para v\u00e1rias ind\u00fastrias. Actualmente estamos buscando um gestor de vendas de \u00e1reas motivado e experiente para se juntar a nossa equipe crescente na It\u00e1lia.\u00a0<\/p><p>Se voc\u00ea est\u00e1 procurando oportunidades de emprego, vem e se junte a n\u00f3s!<\/p><p><strong><b>T\u00edtulo de Trabalho: Gestor de Vendas de Zona[UNK]It\u00e1lia[UNK](m\/f\/d)<\/b><\/strong><\/p><p><strong><b>Localiza\u00e7\u00e3o: Flex\u00edvel (Remote)<\/b><\/strong><\/p><p><strong><b>Descri\u00e7\u00e3o do Trabalho<\/b><\/strong>:Estamos buscando entusiastas gestores de vendas em \u00e1rea na It\u00e1lia para se juntar a nossa equipe. Como gerente de vendas de \u00e1reas, voc\u00ea vai desempenhar um papel fundamental no desenvolvimento de vendas e rendibilidade dentro da It\u00e1lia atrav\u00e9s de m\u00faltiplos canais de vendas.<\/p><p><strong><b>Responsabilidades chave<\/b><\/strong>:<\/p><ul><li><strong>An\u00e1lise do mercado:<\/strong>\u00a0Planificar estrat\u00e9gicamente atividades de vendas atrav\u00e9s da an\u00e1lise de mercado para identificar clientes potenciais e parceiros de canais alinhados com nossa empresa&#8217; com objetivos estrat\u00e9gicos e objetivos anuais.<\/li><li><strong>Engagem do Cliente:<\/strong>\u00a0Planificar visitas produtivas ao cliente, promovendo rela\u00e7\u00f5es fortes que beneficiem tanto o cliente como a nossa empresa.<\/li><li><strong>Comunica\u00e7\u00e3o das partes interessadas:<\/strong>\u00a0Engagem-se eficazmente com os interessados internos e externos para construir uma rede robust a e responder rapidamente \u00e0s necessidades dos clientes.<\/li><li><strong>Negocia\u00e7\u00f5es:<\/strong>\u00a0Colaborar com clientes e canalizar parceiros para negociar acordos que produzam solu\u00e7\u00f5es mutuamente ben\u00e9ficas.<\/li><li><strong>Opera\u00e7\u00f5es de venda:<\/strong>\u00a0Assurecer um alinhamento e cumprimento cont\u00ednuos com os processos, sistemas e diretrizes padr\u00e3o da nossa empresa, resultando em fluxos de trabalho e dados eficientes, magros e corretos.<\/li><li><strong>Promo\u00e7\u00e3o de Produtos:<\/strong>\u00a0Promover nossa gama completa de produtos e servi\u00e7os para satisfazer as necessidades dos clientes tanto para os requisitos de produto como de aplica\u00e7\u00e3o.<\/li><li><strong>Venda com valor acrescentado:<\/strong>\u00a0Vendem ativamente nossos produtos e servi\u00e7os fornecendo solu\u00e7\u00f5es de valor acrescentado que se encontram com nossos clientes - necessidades \u00fanicas.<\/li><li><strong>Closing Sales:<\/strong>\u00a0Ordens de venda seguras de clientes com seu acordo com as solu\u00e7\u00f5es de valor acrescentado propostas.<\/li><li><strong>Relatando:<\/strong>\u00a0Documentar e relatar atividades de vendas, incluindo relat\u00f3rios de testes, poupan\u00e7as de custos e previs\u00f5es de neg\u00f3cios, atrav\u00e9s do monitoramento cont\u00ednuo de clientes e concorrentes.<br \/><br \/><\/li><\/ul><p><strong><b>Qualifica\u00e7\u00f5es:<\/b><\/strong><\/p><ul><li><strong>Expertiza em corte de metais:<\/strong>\u00a0Uma compreens\u00e3o forte e experi\u00eancia pr\u00e1tica em processos de corte de metais, incluindo virar, molhar e fazer buracos, idealmente em ferramentas de corte superduro.<br \/>O diploma t\u00e9cnico ou de engenharia preferiu.<\/li><li><strong>Experi\u00eancia de vendas:<\/strong>\u00a05 anos demonstraram experi\u00eancia de vendas de campo em ferramentas de corte de metal com rela\u00e7\u00f5es de clientes existentes. - abordagem anal\u00edtica e sistem\u00e1tica, acumen de neg\u00f3cios.<\/li><li><strong>Tech-Savvy:<\/strong>\u00a0Profici\u00eancia no escrit\u00f3rio MS para fins de vendas e relat\u00f3rios.<br \/>Ju\u00edzo pr\u00e1tico e capacidades t\u00e1cticas de resolu\u00e7\u00e3o de problemas.<\/li><li><strong>Perfil do Ca\u00e7ador:<\/strong>\u00a0abordagem proativa tanto para desenvolver rela\u00e7\u00f5es de clientes existentes como para adquirir novas.<\/li><li><strong>Intera\u00e7\u00e3o entre as partes interessadas:<\/strong>\u00a0Capazes de interagir eficazmente com contas chave, parceiros de canais e empresas menores.<br \/>Familiar com o ambiente em uma empresa multinacional.<\/li><li><strong>Capacidades de comunica\u00e7\u00e3o:<\/strong>\u00a0Excelentes habilidades de comunica\u00e7\u00e3o, tanto dentro da Worldia como com clientes. Fluente em ingl\u00eas (escrito e oral) , linguagem da respectiva regi\u00e3o de vendas.<\/li><li><strong>Teamplayer:<\/strong>\u00a0Partilhando eficazmente informa\u00e7\u00f5es e envolvendo membros da equipe. entender que o sucesso \u00e9 um resultado da equipe.<\/li><li><strong>Integridade:<\/strong>\u00a0Committed to business ethics and compliance.<\/li><li><strong>Adaptabilidade:<\/strong>\u00a0Flexibilidade e adaptabilidade para navegar num mercado e empresa em mudan\u00e7a.<\/li><li><strong>A disposi\u00e7\u00e3o para viajar:<\/strong> 70%, exige a licen\u00e7a de condu\u00e7\u00e3o de carro.<\/li><\/ul><p>Esperamos com entusiasmo receber indiv\u00edduos din\u00e2micos que est\u00e3o comprometidos a contribuir para o Mundo&#8217; o sucesso cont\u00ednuo.<\/p><p><strong><b>Aplicar<\/b><\/strong>:<\/p><p>\u00a0 \u00a0 \u00a0 Se voc\u00ea acredita que tem as habilidades e experi\u00eancia necess\u00e1rias para exceler neste papel, por favor apresenta seu curr\u00edculo juntamente com uma carta de cobertura detalhando sua experi\u00eancia relevante e qualifica\u00e7\u00f5es. Voc\u00ea pode aplicar diretamente atrav\u00e9s do nosso site ou enviar seu pedido <strong>info@worldia-tools.eu<\/strong><\/p><p>\u00a0 \u00a0 \u00a0 Somos um empregador de igualdade de oportunidades e recebemos candidatos de todos os candidatos qualificados.<\/p>\t\t\t\t\t\t\t\t<\/div>\n\t\t\t\t<\/div>\n\t\t\t\t<\/div>\n\t\t\t\t\t<\/div>\n\t\t\t\t<\/div>\n\t\t<div class=\"elementor-element elementor-element-6d1d1b3 e-con-full e-flex e-con e-parent\" data-id=\"6d1d1b3\" data-element_type=\"container\" data-e-type=\"container\" data-settings=\"{&quot;background_background&quot;:&quot;classic&quot;}\">\n\t\t\t\t<\/div>\n\t\t\t\t<\/div>","protected":false},"excerpt":{"rendered":"<p>Job Title: Area Sales Manager Italy Beijing Worldia Diamond Tools Co., Ltd is a leading provider of high-quality cutting tools and solutions for various industries. We are currently seeking a motivated and experienced area sales manager to join our growing team in Italy.\u00a0 If you are looking for job opportunities, come and join us! Job [&hellip;]<\/p>\n","protected":false},"author":1,"featured_media":0,"parent":779,"menu_order":0,"comment_status":"closed","ping_status":"closed","template":"elementor_header_footer","meta":{"footnotes":""},"class_list":["post-18136","page","type-page","status-publish","hentry"],"_links":{"self":[{"href":"https:\/\/www.worldia-tools.com\/pt\/wp-json\/wp\/v2\/pages\/18136","targetHints":{"allow":["GET"]}}],"collection":[{"href":"https:\/\/www.worldia-tools.com\/pt\/wp-json\/wp\/v2\/pages"}],"about":[{"href":"https:\/\/www.worldia-tools.com\/pt\/wp-json\/wp\/v2\/types\/page"}],"author":[{"embeddable":true,"href":"https:\/\/www.worldia-tools.com\/pt\/wp-json\/wp\/v2\/users\/1"}],"replies":[{"embeddable":true,"href":"https:\/\/www.worldia-tools.com\/pt\/wp-json\/wp\/v2\/comments?post=18136"}],"version-history":[{"count":19,"href":"https:\/\/www.worldia-tools.com\/pt\/wp-json\/wp\/v2\/pages\/18136\/revisions"}],"predecessor-version":[{"id":18653,"href":"https:\/\/www.worldia-tools.com\/pt\/wp-json\/wp\/v2\/pages\/18136\/revisions\/18653"}],"up":[{"embeddable":true,"href":"https:\/\/www.worldia-tools.com\/pt\/wp-json\/wp\/v2\/pages\/779"}],"wp:attachment":[{"href":"https:\/\/www.worldia-tools.com\/pt\/wp-json\/wp\/v2\/media?parent=18136"}],"curies":[{"name":"wp","href":"https:\/\/api.w.org\/{rel}","templated":true}]}}