{"id":7802,"date":"2024-08-30T10:12:50","date_gmt":"2024-08-30T02:12:50","guid":{"rendered":"https:\/\/www.worldia-tools.com\/?page_id=7802"},"modified":"2025-11-13T11:04:59","modified_gmt":"2025-11-13T03:04:59","slug":"asia-region-sales-engineer","status":"publish","type":"page","link":"https:\/\/www.worldia-tools.com\/pt\/career\/asia-region-sales-engineer\/","title":{"rendered":"Ingenieiro de Vendas"},"content":{"rendered":"<div data-elementor-type=\"wp-page\" data-elementor-id=\"7802\" class=\"elementor elementor-7802\" data-elementor-post-type=\"page\">\n\t\t\t\t<div class=\"elementor-element elementor-element-62021db e-con-full e-flex e-con e-parent\" data-id=\"62021db\" data-element_type=\"container\" data-e-type=\"container\">\n\t\t\t\t<div class=\"elementor-element elementor-element-aa30b1c elementor-widget elementor-widget-image\" data-id=\"aa30b1c\" data-element_type=\"widget\" data-e-type=\"widget\" data-widget_type=\"image.default\">\n\t\t\t\t<div class=\"elementor-widget-container\">\n\t\t\t\t\t\t\t\t\t\t\t\t\t\t\t<img fetchpriority=\"high\" decoding=\"async\" width=\"1920\" height=\"300\" src=\"https:\/\/www.worldia-tools.com\/wp-content\/uploads\/2024\/08\/zhaopin-banner.jpg\" class=\"attachment-full size-full wp-image-7768\" alt=\"Junte-nos a bandeira\" srcset=\"https:\/\/www.worldia-tools.com\/wp-content\/uploads\/2024\/08\/zhaopin-banner.jpg 1920w, https:\/\/www.worldia-tools.com\/wp-content\/uploads\/2024\/08\/zhaopin-banner-300x47.jpg 300w, https:\/\/www.worldia-tools.com\/wp-content\/uploads\/2024\/08\/zhaopin-banner-1024x160.jpg 1024w, https:\/\/www.worldia-tools.com\/wp-content\/uploads\/2024\/08\/zhaopin-banner-768x120.jpg 768w, https:\/\/www.worldia-tools.com\/wp-content\/uploads\/2024\/08\/zhaopin-banner-1536x240.jpg 1536w, https:\/\/www.worldia-tools.com\/wp-content\/uploads\/2024\/08\/zhaopin-banner-600x94.jpg 600w\" sizes=\"(max-width: 1920px) 100vw, 1920px\" \/>\t\t\t\t\t\t\t\t\t\t\t\t\t\t\t<\/div>\n\t\t\t\t<\/div>\n\t\t\t\t<\/div>\n\t\t\t\t<section class=\"elementor-section elementor-top-section elementor-element elementor-element-8e1f1e2 elementor-section-boxed elementor-section-height-default elementor-section-height-default\" data-id=\"8e1f1e2\" data-element_type=\"section\" data-e-type=\"section\">\n\t\t\t\t\t\t<div class=\"elementor-container elementor-column-gap-default\">\n\t\t\t\t\t<div class=\"elementor-column elementor-col-100 elementor-top-column elementor-element elementor-element-75cfd5e\" data-id=\"75cfd5e\" data-element_type=\"column\" data-e-type=\"column\">\n\t\t\t<div class=\"elementor-widget-wrap elementor-element-populated\">\n\t\t\t\t\t\t<div class=\"elementor-element elementor-element-c0ecec7 elementor-widget elementor-widget-woocommerce-breadcrumb\" data-id=\"c0ecec7\" data-element_type=\"widget\" data-e-type=\"widget\" data-widget_type=\"woocommerce-breadcrumb.default\">\n\t\t\t\t<div class=\"elementor-widget-container\">\n\t\t\t\t\t<nav class=\"woocommerce-breadcrumb\" aria-label=\"Breadcrumb\" data-no-translation=\"\" data-trp-gettext=\"\">In\u00edcio<\/nav>\t\t\t\t<\/div>\n\t\t\t\t<\/div>\n\t\t\t\t\t<\/div>\n\t\t<\/div>\n\t\t\t\t\t<\/div>\n\t\t<\/section>\n\t\t<div class=\"elementor-element elementor-element-731df06 e-flex e-con-boxed e-con e-parent\" data-id=\"731df06\" data-element_type=\"container\" data-e-type=\"container\">\n\t\t\t\t\t<div class=\"e-con-inner\">\n\t\t\t\t<div class=\"elementor-element elementor-element-219dc8b elementor-widget elementor-widget-heading\" data-id=\"219dc8b\" data-element_type=\"widget\" data-e-type=\"widget\" data-widget_type=\"heading.default\">\n\t\t\t\t<div class=\"elementor-widget-container\">\n\t\t\t\t\t<h1 class=\"elementor-heading-title elementor-size-default\"> T\u00edtulo de Trabalho: Ingnheiro de Venda de Ferramentas (espanhol, alem\u00e3o, japon\u00eas)\n<\/h1>\t\t\t\t<\/div>\n\t\t\t\t<\/div>\n\t\t<div class=\"elementor-element elementor-element-43ab33b e-con-full e-flex e-con e-child\" data-id=\"43ab33b\" data-element_type=\"container\" data-e-type=\"container\">\n\t\t\t\t<div class=\"elementor-element elementor-element-d21adf3 elementor-widget elementor-widget-text-editor\" data-id=\"d21adf3\" data-element_type=\"widget\" data-e-type=\"widget\" data-widget_type=\"text-editor.default\">\n\t\t\t\t<div class=\"elementor-widget-container\">\n\t\t\t\t\t\t\t\t\t<p style=\"text-align: left;\">Beijing Worldia Diamond Tools Co., Ltd \u00e9 um principal fornecedor de ferramentas e solu\u00e7\u00f5es de corte de alta qualidade para v\u00e1rias ind\u00fastrias. Actualmente estamos buscando um engenheiro de vendas de ferramentas motivado e experiente para se juntar a nossa equipe crescente na \u00cdndia. O candidato ideal deveria possuir excelentes conhecimentos t\u00e9cnicos, fortes habilidades de venda e a habilidade de construir rela\u00e7\u00f5es de longa dura\u00e7\u00e3o com os clientes.<\/p><p>Se voc\u00ea est\u00e1 procurando oportunidades de emprego, vem e se junte a n\u00f3s!<strong><b> \u00a0<\/b><\/strong><\/p><p><strong><b>T\u00edtulo do Trabalho: <\/b><\/strong><strong><b>Ingnheiro de Venda de Ferramentas (espanhol, alem\u00e3o, japon\u00eas)<\/b><\/strong><\/p><p><strong><b>Localiza\u00e7\u00e3o:<\/b><\/strong><strong><b>\u00a0Langfang, China<\/b><\/strong><\/p><p><strong><b>Responsabilidades chave:<\/b><\/strong><\/p><ol><li>Respons\u00e1vel pelas vendas estrangeiras de produtos de ferramentas PCD\/PCBN;<\/li><li>Desenvolver independentemente clientes atrav\u00e9s de canais como Alibaba, B2B e Google, e tratar e responder rapidamente \u00e0s pesquisas dos clientes;<\/li><li>Use suas pr\u00f3prias habilidades de comunica\u00e7\u00e3o para comunicar com clientes por email ou telefone para facilitar transa\u00e7\u00f5es;<\/li><li>rastrear o uso de produtos e manter boas rela\u00e7\u00f5es de clientes;<\/li><li>Recolher e organizar informa\u00e7\u00f5es relacionadas \u00e0 ind\u00fastria para promover e promover a empresa&#8217; s produtos.<\/li><\/ol><p><strong><b>Requisitos:<\/b><\/strong><\/p><ol><li>Gradua\u00e7\u00e3o de baccalauro ou superior, maioria no com\u00e9rcio internacional e m\u00e1quinas \u00e9 preferida; Familiar com o conhecimento de produtos de ferramentas mec\u00e2nicas, como tipos de ferramentas, materiais, desempenho, cen\u00e1rios de aplica\u00e7\u00e3o, etc.;<\/li><li>Tenham excelentes habilidades de ouvir, falar, ler e escrever ingl\u00eas, ser capazes de comunicar fluentemente com clientes estrangeiros, lidar com e-mails de neg\u00f3cios ingl\u00eas, etc., dominar uma segunda l\u00edngua estrangeira, como espanhol, alem\u00e3o, japon\u00eas, etc., e ter certas habilidades de comunica\u00e7\u00e3o;<\/li><li>Proficiente em software de escrit\u00f3rio como Word, Excel, PowerPoint, etc., e ser capaz de produzir documentos profissionais de neg\u00f3cios e relat\u00f3rios de vendas. ao mesmo tempo, dominar a opera\u00e7\u00e3o de software e plataformas relacionados ao com\u00e9rcio internacional, como a Esta\u00e7\u00e3o Internacional Alibaba, sistema de declara\u00e7\u00e3o aduaneira, etc.;<\/li><li>Aqueles com mais de um ano de experi\u00eancia de vendas na ind\u00fastria de ferramentas mec\u00e2nicas ou experi\u00eancia de desenvolvimento internacional de neg\u00f3cios s\u00e3o preferidos, e aqueles com certos recursos e canais de vendas s\u00e3o ainda melhores.<\/li><li>Tenham fortes capacidades de desenvolvimento de mercado e desenvolvimento de clientes, serem capazes de encontrar ativamente clientes potenciais, estabelecer e manter boas rela\u00e7\u00f5es de clientes.<\/li><li>Tenham boas habilidades de comunica\u00e7\u00e3o e coordena\u00e7\u00e3o e esp\u00edrito de trabalho em equipe, e serem capazes de trabalhar estreitamente com a empresa&#8217; s produ\u00e7\u00e3o interna, tecnologia, log\u00edstica e outros departamentos para assegurar a execu\u00e7\u00e3o suave de ordens.<\/li><li>O neg\u00f3cio internacional envolve diferentes culturas e zonas horarias, exigindo que os profissionais tenham boa adaptabilidade e resist\u00eancia ao estresse, e possam manter um bom estado de trabalho sob um ritmo de trabalho de alta intensidade.<\/li><\/ol><p><strong><b>O que oferecemos<\/b><\/strong>:<\/p><ol><li>Paquete de sal\u00e1rios competitivo baseado na experi\u00eancia e desempenho.<\/li><li>Oportunidades de crescimento profissional e avan\u00e7o de carreira dentro da organiza\u00e7\u00e3o.<\/li><li>Um ambiente de trabalho de apoio e din\u00e2mico com foco na satisfa\u00e7\u00e3o dos empregados e equil\u00edbrio entre trabalho e vida.<\/li><\/ol><p><strong><b>Aplicar<\/b><\/strong>:<\/p><p>\u00a0 \u00a0 \u00a0 \u00a0Se voc\u00ea acredita que tem as habilidades e experi\u00eancia necess\u00e1rias para exceler neste papel, por favor, apresenta seu curr\u00edculo juntamente com uma carta de cobertura detalhando sua experi\u00eancia relevante e suas qualifica\u00e7\u00f5es. Voc\u00ea pode aplicar diretamente atrav\u00e9s do nosso site ou enviar seu pedido<u>\u00a0<\/u><strong><b>jxhr@worldiatools.com.<\/b><\/strong><\/p><p>\u00a0 \u00a0 \u00a0 \u00a0Somos um empregador de igualdade de oportunidades e recebemos candidatos de todos os candidatos qualificados.<\/p>\t\t\t\t\t\t\t\t<\/div>\n\t\t\t\t<\/div>\n\t\t\t\t<\/div>\n\t\t\t\t\t<\/div>\n\t\t\t\t<\/div>\n\t\t<div class=\"elementor-element elementor-element-6d1d1b3 e-con-full e-flex e-con e-parent\" data-id=\"6d1d1b3\" data-element_type=\"container\" data-e-type=\"container\" data-settings=\"{&quot;background_background&quot;:&quot;classic&quot;}\">\n\t\t\t\t<\/div>\n\t\t\t\t<\/div>","protected":false},"excerpt":{"rendered":"<p>Job Title: Tool Sales Engineer (Spanish, German, Japanese) Beijing Worldia Diamond Tools Co., Ltd is a leading provider of high-quality cutting tools and solutions for various industries. We are currently seeking a motivated and experienced tool sales engineer to join our growing team in India. The ideal candidate should possess excellent technical knowledge, strong sales [&hellip;]<\/p>\n","protected":false},"author":1,"featured_media":0,"parent":779,"menu_order":0,"comment_status":"closed","ping_status":"closed","template":"elementor_header_footer","meta":{"footnotes":""},"class_list":["post-7802","page","type-page","status-publish","hentry"],"_links":{"self":[{"href":"https:\/\/www.worldia-tools.com\/pt\/wp-json\/wp\/v2\/pages\/7802","targetHints":{"allow":["GET"]}}],"collection":[{"href":"https:\/\/www.worldia-tools.com\/pt\/wp-json\/wp\/v2\/pages"}],"about":[{"href":"https:\/\/www.worldia-tools.com\/pt\/wp-json\/wp\/v2\/types\/page"}],"author":[{"embeddable":true,"href":"https:\/\/www.worldia-tools.com\/pt\/wp-json\/wp\/v2\/users\/1"}],"replies":[{"embeddable":true,"href":"https:\/\/www.worldia-tools.com\/pt\/wp-json\/wp\/v2\/comments?post=7802"}],"version-history":[{"count":87,"href":"https:\/\/www.worldia-tools.com\/pt\/wp-json\/wp\/v2\/pages\/7802\/revisions"}],"predecessor-version":[{"id":18664,"href":"https:\/\/www.worldia-tools.com\/pt\/wp-json\/wp\/v2\/pages\/7802\/revisions\/18664"}],"up":[{"embeddable":true,"href":"https:\/\/www.worldia-tools.com\/pt\/wp-json\/wp\/v2\/pages\/779"}],"wp:attachment":[{"href":"https:\/\/www.worldia-tools.com\/pt\/wp-json\/wp\/v2\/media?parent=7802"}],"curies":[{"name":"wp","href":"https:\/\/api.w.org\/{rel}","templated":true}]}}