{"id":15104,"date":"2025-05-12T13:25:23","date_gmt":"2025-05-12T05:25:23","guid":{"rendered":"https:\/\/www.worldia-tools.com\/?page_id=15104"},"modified":"2025-11-13T11:04:51","modified_gmt":"2025-11-13T03:04:51","slug":"north-america-latin-america-region","status":"publish","type":"page","link":"https:\/\/www.worldia-tools.com\/tr\/career\/north-america-latin-america-region\/","title":{"rendered":"Kuzey Amerika &#038; Latin Amerika B\u00f6lgesi"},"content":{"rendered":"<div data-elementor-type=\"wp-page\" data-elementor-id=\"15104\" class=\"elementor elementor-15104\" data-elementor-post-type=\"page\">\n\t\t\t\t<div class=\"elementor-element elementor-element-62021db e-con-full e-flex e-con e-parent\" data-id=\"62021db\" data-element_type=\"container\" data-e-type=\"container\">\n\t\t\t\t<div class=\"elementor-element elementor-element-aa30b1c elementor-widget elementor-widget-image\" data-id=\"aa30b1c\" data-element_type=\"widget\" data-e-type=\"widget\" data-widget_type=\"image.default\">\n\t\t\t\t<div class=\"elementor-widget-container\">\n\t\t\t\t\t\t\t\t\t\t\t\t\t\t\t<img fetchpriority=\"high\" decoding=\"async\" width=\"1920\" height=\"300\" src=\"https:\/\/www.worldia-tools.com\/wp-content\/uploads\/2024\/08\/zhaopin-banner.jpg\" class=\"attachment-full size-full wp-image-7768\" alt=\"Bize kat\u0131l\u0131n banner\" srcset=\"https:\/\/www.worldia-tools.com\/wp-content\/uploads\/2024\/08\/zhaopin-banner.jpg 1920w, https:\/\/www.worldia-tools.com\/wp-content\/uploads\/2024\/08\/zhaopin-banner-300x47.jpg 300w, https:\/\/www.worldia-tools.com\/wp-content\/uploads\/2024\/08\/zhaopin-banner-1024x160.jpg 1024w, https:\/\/www.worldia-tools.com\/wp-content\/uploads\/2024\/08\/zhaopin-banner-768x120.jpg 768w, https:\/\/www.worldia-tools.com\/wp-content\/uploads\/2024\/08\/zhaopin-banner-1536x240.jpg 1536w, https:\/\/www.worldia-tools.com\/wp-content\/uploads\/2024\/08\/zhaopin-banner-600x94.jpg 600w\" sizes=\"(max-width: 1920px) 100vw, 1920px\" \/>\t\t\t\t\t\t\t\t\t\t\t\t\t\t\t<\/div>\n\t\t\t\t<\/div>\n\t\t\t\t<\/div>\n\t\t\t\t<section class=\"elementor-section elementor-top-section elementor-element elementor-element-a2d0a87 elementor-section-boxed elementor-section-height-default elementor-section-height-default\" data-id=\"a2d0a87\" data-element_type=\"section\" data-e-type=\"section\">\n\t\t\t\t\t\t<div class=\"elementor-container elementor-column-gap-default\">\n\t\t\t\t\t<div class=\"elementor-column elementor-col-100 elementor-top-column elementor-element elementor-element-5252cbd\" data-id=\"5252cbd\" data-element_type=\"column\" data-e-type=\"column\">\n\t\t\t<div class=\"elementor-widget-wrap elementor-element-populated\">\n\t\t\t\t\t\t<div class=\"elementor-element elementor-element-4af22b7 elementor-widget elementor-widget-woocommerce-breadcrumb\" data-id=\"4af22b7\" data-element_type=\"widget\" data-e-type=\"widget\" data-widget_type=\"woocommerce-breadcrumb.default\">\n\t\t\t\t<div class=\"elementor-widget-container\">\n\t\t\t\t\t<nav class=\"woocommerce-breadcrumb\" aria-label=\"Breadcrumb\" data-no-translation=\"\" data-trp-gettext=\"\">Ana Sayfa<\/nav>\t\t\t\t<\/div>\n\t\t\t\t<\/div>\n\t\t\t\t\t<\/div>\n\t\t<\/div>\n\t\t\t\t\t<\/div>\n\t\t<\/section>\n\t\t<div class=\"elementor-element elementor-element-731df06 e-flex e-con-boxed e-con e-parent\" data-id=\"731df06\" data-element_type=\"container\" data-e-type=\"container\">\n\t\t\t\t\t<div class=\"e-con-inner\">\n\t\t\t\t<div class=\"elementor-element elementor-element-219dc8b elementor-widget elementor-widget-heading\" data-id=\"219dc8b\" data-element_type=\"widget\" data-e-type=\"widget\" data-widget_type=\"heading.default\">\n\t\t\t\t<div class=\"elementor-widget-container\">\n\t\t\t\t\t<h1 class=\"elementor-heading-title elementor-size-default\">\n\u0130\u015f Ad\u0131: Ara\u00e7 Sat\u0131\u015f M\u00fchendisi<\/h1>\t\t\t\t<\/div>\n\t\t\t\t<\/div>\n\t\t<div class=\"elementor-element elementor-element-43ab33b e-con-full e-flex e-con e-child\" data-id=\"43ab33b\" data-element_type=\"container\" data-e-type=\"container\">\n\t\t\t\t<div class=\"elementor-element elementor-element-d21adf3 elementor-widget elementor-widget-text-editor\" data-id=\"d21adf3\" data-element_type=\"widget\" data-e-type=\"widget\" data-widget_type=\"text-editor.default\">\n\t\t\t\t<div class=\"elementor-widget-container\">\n\t\t\t\t\t\t\t\t\t<p>Beijing Worldia Diamond Tools Co., Ltd, \u00e7e\u015fitli end\u00fcstriler i\u00e7in y\u00fcksek kaliteli kesme aletleri ve \u00e7\u00f6z\u00fcmlerinin \u00f6nde gelen bir tedarik\u00e7isidir. \u015eu anda Hindistan'daki b\u00fcy\u00fcyen ekibimize kat\u0131lmak i\u00e7in motive ve deneyimli bir alet sat\u0131\u015f m\u00fchendisi ar\u0131yoruz. \u0130deal aday m\u00fckemmel teknik bilgiye, g\u00fc\u00e7l\u00fc sat\u0131\u015f becerilerine ve m\u00fc\u015fterilerle uzun s\u00fcreli ili\u015fkiler kurma yetene\u011fine sahip olmal\u0131d\u0131r.<\/p>\n<p>\u0130\u015f f\u0131rsatlar\u0131 ar\u0131yorsan\u0131z gelin ve bize kat\u0131l\u0131n!<\/p>\n<p><strong><b>\u0130\u015f Ad\u0131: Ara\u00e7 Sat\u0131\u015f M\u00fchendisi<\/b><\/strong><\/p>\n<p><strong><b>Yer: Meksika<\/b><\/strong><\/p>\n<p><strong><b>Anahtar Sorumluluklar<\/b><\/strong>:<\/p>\n<ol>\n<li>Belirlenen b\u00f6lgelerde kesme aletleri i\u00e7in sat\u0131\u015f hedeflerine ula\u015fmak ve a\u015fmak i\u00e7in sat\u0131\u015f stratejileri geli\u015ftirmek ve uygulamak.<\/li>\n<li>Pazar ara\u015ft\u0131rmalar\u0131 yapmak ve potansiyel i\u015f f\u0131rsatlar\u0131n\u0131 tan\u0131mlamak i\u00e7in m\u00fc\u015fteri ihtiya\u00e7lar\u0131n\u0131 analiz etmek.<\/li>\n<li>Mevcut m\u00fc\u015fterilerle g\u00fc\u00e7l\u00fc ili\u015fkiler olu\u015fturmak ve s\u00fcrd\u00fcrmek, aktif olarak yeni i\u015f liderleri ararken.<\/li>\n<li>M\u00fc\u015fterilere \u00fcr\u00fcn e\u011fitimi ve destek sa\u011flamak, kesme aletlerimizin \u00f6zelliklerini ve faydalar\u0131n\u0131 anlad\u0131klar\u0131ndan emin olmak.<\/li>\n<li>\u00dcr\u00fcn tekliflerini geli\u015ftirmek ve etkili sat\u0131\u015f malzemeleri geli\u015ftirmek i\u00e7in \u00fcr\u00fcn geli\u015ftirme ve pazarlama gibi i\u00e7 ekiplerle i\u015fbirli\u011fi yap\u0131n.<\/li>\n<li>\u015eirketi temsil etmek, \u00fcr\u00fcnlerimizi sergilemek ve potansiyel m\u00fc\u015fterilerle a\u011f kurmak i\u00e7in end\u00fcstri etkinliklerine ve ticari fuarlara kat\u0131l\u0131n.<\/li>\n<li>Sat\u0131\u015f raporlar\u0131 haz\u0131rlay\u0131n ve sat\u0131\u015f hedeflerine ula\u015fmaya y\u00f6nelik ilerlemeler hakk\u0131nda d\u00fczenli g\u00fcncellemeler sa\u011flay\u0131n.<\/li>\n<\/ol>\n<p><strong><b>Gereksinimler<\/b><\/strong>:<\/p>\n<ol>\n<li>Lisans&#8217; Makine M\u00fchendisli\u011fi, End\u00fcstriyel M\u00fchendisli\u011fi veya ilgili bir alanda derece.<\/li>\n<li>Alet sat\u0131\u015flar\u0131nda en az 3 y\u0131ll\u0131k deneyim, tercihen kesme aletleri end\u00fcstrisinde.<\/li>\n<li>Sat\u0131\u015f hedeflerine ula\u015fmak ve a\u015fmak konusunda kan\u0131tlanm\u0131\u015f bir ge\u00e7mi\u015fe sahip olun.<\/li>\n<li>M\u00fckemmel ileti\u015fim, m\u00fczakere ve ki\u015fileraras\u0131 beceriler.<\/li>\n<li>Ableto ba\u011f\u0131ms\u0131z olarak ve bir tak\u0131m\u0131n bir par\u00e7as\u0131 olarak \u00e7al\u0131\u015f\u0131r.<\/li>\n<li>CAD yaz\u0131l\u0131m\u0131 ve kesme aleti \u00f6zelliklerine a\u015fina olmak bir art\u0131d\u0131r.<\/li>\n<li>Meksika i\u00e7inde seyahat kabul et&nbsp; ve m\u00fc\u015fteri ziyaretleri ve end\u00fcstri etkinlikleri i\u00e7in yurtd\u0131\u015f\u0131nda.<\/li>\n<\/ol>\n<p><strong><b>Ne Sunuyoruz<\/b><\/strong>:<\/p>\n<ol>\n<li>Deneyim ve performansa dayanan rekabet\u00e7i maa\u015f paketi.<\/li>\n<li>Organizasyon i\u00e7inde profesyonel b\u00fcy\u00fcme ve kariyer ilerleme f\u0131rsatlar\u0131.<\/li>\n<li>\u00c7al\u0131\u015fanlar\u0131n memnuniyetine ve i\u015f-hayat dengesine odaklanan destekleyici ve dinamik bir i\u015f ortam\u0131.<\/li>\n<\/ol>\n<p><strong><b>Uygulamak i\u00e7in<\/b><\/strong>:<\/p>\n<p>&nbsp; &nbsp; &nbsp; Bu rolde m\u00fckemmel olmak i\u00e7in gerekli becerilere ve deneyime sahip oldu\u011funuza inan\u0131yorsan\u0131z, l\u00fctfen \u00f6zge\u00e7mi\u015finizi ilgili deneyiminizi ayr\u0131nt\u0131l\u0131 olarak a\u00e7\u0131klayan bir mektupla birlikte g\u00f6nderin. &nbsp; &nbsp; &nbsp; &nbsp; &nbsp; &nbsp; &nbsp; &nbsp; &nbsp; nitelikler. Do\u011frudan web sitemizden ba\u015fvurabilir veya ba\u015fvurunuzu<u>&nbsp;<\/u><strong><b>jxhr@worldiatools.com.<\/b><\/strong><\/p>\n<p>&nbsp; &nbsp; &nbsp; Biz e\u015fit f\u0131rsat i\u015fvereniyiz ve t\u00fcm nitelikli adaylardan ba\u015fvurular\u0131 ho\u015f geldik.<\/p>\t\t\t\t\t\t\t\t<\/div>\n\t\t\t\t<\/div>\n\t\t\t\t<\/div>\n\t\t\t\t\t<\/div>\n\t\t\t\t<\/div>\n\t\t<div class=\"elementor-element elementor-element-6d1d1b3 e-con-full e-flex e-con e-parent\" data-id=\"6d1d1b3\" data-element_type=\"container\" data-e-type=\"container\" data-settings=\"{&quot;background_background&quot;:&quot;classic&quot;}\">\n\t\t\t\t<\/div>\n\t\t\t\t<\/div>","protected":false},"excerpt":{"rendered":"<p>Job Title: Tool Sales Engineer Beijing Worldia Diamond Tools Co., Ltd is a leading provider of high-quality cutting tools and solutions for various industries. We are currently seeking a motivated and experienced tool sales engineer to join our growing team in India. The ideal candidate should possess excellent technical knowledge, strong sales skills, and the [&hellip;]<\/p>\n","protected":false},"author":1,"featured_media":0,"parent":779,"menu_order":0,"comment_status":"closed","ping_status":"closed","template":"elementor_header_footer","meta":{"footnotes":""},"class_list":["post-15104","page","type-page","status-publish","hentry"],"_links":{"self":[{"href":"https:\/\/www.worldia-tools.com\/tr\/wp-json\/wp\/v2\/pages\/15104","targetHints":{"allow":["GET"]}}],"collection":[{"href":"https:\/\/www.worldia-tools.com\/tr\/wp-json\/wp\/v2\/pages"}],"about":[{"href":"https:\/\/www.worldia-tools.com\/tr\/wp-json\/wp\/v2\/types\/page"}],"author":[{"embeddable":true,"href":"https:\/\/www.worldia-tools.com\/tr\/wp-json\/wp\/v2\/users\/1"}],"replies":[{"embeddable":true,"href":"https:\/\/www.worldia-tools.com\/tr\/wp-json\/wp\/v2\/comments?post=15104"}],"version-history":[{"count":10,"href":"https:\/\/www.worldia-tools.com\/tr\/wp-json\/wp\/v2\/pages\/15104\/revisions"}],"predecessor-version":[{"id":18661,"href":"https:\/\/www.worldia-tools.com\/tr\/wp-json\/wp\/v2\/pages\/15104\/revisions\/18661"}],"up":[{"embeddable":true,"href":"https:\/\/www.worldia-tools.com\/tr\/wp-json\/wp\/v2\/pages\/779"}],"wp:attachment":[{"href":"https:\/\/www.worldia-tools.com\/tr\/wp-json\/wp\/v2\/media?parent=15104"}],"curies":[{"name":"wp","href":"https:\/\/api.w.org\/{rel}","templated":true}]}}