{"id":7802,"date":"2024-08-30T10:12:50","date_gmt":"2024-08-30T02:12:50","guid":{"rendered":"https:\/\/www.worldia-tools.com\/?page_id=7802"},"modified":"2025-11-13T11:04:59","modified_gmt":"2025-11-13T03:04:59","slug":"asia-region-sales-engineer","status":"publish","type":"page","link":"https:\/\/www.worldia-tools.com\/tr\/career\/asia-region-sales-engineer\/","title":{"rendered":"Sat\u0131\u015f M\u00fchendisi"},"content":{"rendered":"<div data-elementor-type=\"wp-page\" data-elementor-id=\"7802\" class=\"elementor elementor-7802\" data-elementor-post-type=\"page\">\n\t\t\t\t<div class=\"elementor-element elementor-element-62021db e-con-full e-flex e-con e-parent\" data-id=\"62021db\" data-element_type=\"container\" data-e-type=\"container\">\n\t\t\t\t<div class=\"elementor-element elementor-element-aa30b1c elementor-widget elementor-widget-image\" data-id=\"aa30b1c\" data-element_type=\"widget\" data-e-type=\"widget\" data-widget_type=\"image.default\">\n\t\t\t\t<div class=\"elementor-widget-container\">\n\t\t\t\t\t\t\t\t\t\t\t\t\t\t\t<img fetchpriority=\"high\" decoding=\"async\" width=\"1920\" height=\"300\" src=\"https:\/\/www.worldia-tools.com\/wp-content\/uploads\/2024\/08\/zhaopin-banner.jpg\" class=\"attachment-full size-full wp-image-7768\" alt=\"Bize kat\u0131l\u0131n banner\" srcset=\"https:\/\/www.worldia-tools.com\/wp-content\/uploads\/2024\/08\/zhaopin-banner.jpg 1920w, https:\/\/www.worldia-tools.com\/wp-content\/uploads\/2024\/08\/zhaopin-banner-300x47.jpg 300w, https:\/\/www.worldia-tools.com\/wp-content\/uploads\/2024\/08\/zhaopin-banner-1024x160.jpg 1024w, https:\/\/www.worldia-tools.com\/wp-content\/uploads\/2024\/08\/zhaopin-banner-768x120.jpg 768w, https:\/\/www.worldia-tools.com\/wp-content\/uploads\/2024\/08\/zhaopin-banner-1536x240.jpg 1536w, https:\/\/www.worldia-tools.com\/wp-content\/uploads\/2024\/08\/zhaopin-banner-600x94.jpg 600w\" sizes=\"(max-width: 1920px) 100vw, 1920px\" \/>\t\t\t\t\t\t\t\t\t\t\t\t\t\t\t<\/div>\n\t\t\t\t<\/div>\n\t\t\t\t<\/div>\n\t\t\t\t<section class=\"elementor-section elementor-top-section elementor-element elementor-element-8e1f1e2 elementor-section-boxed elementor-section-height-default elementor-section-height-default\" data-id=\"8e1f1e2\" data-element_type=\"section\" data-e-type=\"section\">\n\t\t\t\t\t\t<div class=\"elementor-container elementor-column-gap-default\">\n\t\t\t\t\t<div class=\"elementor-column elementor-col-100 elementor-top-column elementor-element elementor-element-75cfd5e\" data-id=\"75cfd5e\" data-element_type=\"column\" data-e-type=\"column\">\n\t\t\t<div class=\"elementor-widget-wrap elementor-element-populated\">\n\t\t\t\t\t\t<div class=\"elementor-element elementor-element-c0ecec7 elementor-widget elementor-widget-woocommerce-breadcrumb\" data-id=\"c0ecec7\" data-element_type=\"widget\" data-e-type=\"widget\" data-widget_type=\"woocommerce-breadcrumb.default\">\n\t\t\t\t<div class=\"elementor-widget-container\">\n\t\t\t\t\t<nav class=\"woocommerce-breadcrumb\" aria-label=\"Breadcrumb\" data-no-translation=\"\" data-trp-gettext=\"\">Ana Sayfa<\/nav>\t\t\t\t<\/div>\n\t\t\t\t<\/div>\n\t\t\t\t\t<\/div>\n\t\t<\/div>\n\t\t\t\t\t<\/div>\n\t\t<\/section>\n\t\t<div class=\"elementor-element elementor-element-731df06 e-flex e-con-boxed e-con e-parent\" data-id=\"731df06\" data-element_type=\"container\" data-e-type=\"container\">\n\t\t\t\t\t<div class=\"e-con-inner\">\n\t\t\t\t<div class=\"elementor-element elementor-element-219dc8b elementor-widget elementor-widget-heading\" data-id=\"219dc8b\" data-element_type=\"widget\" data-e-type=\"widget\" data-widget_type=\"heading.default\">\n\t\t\t\t<div class=\"elementor-widget-container\">\n\t\t\t\t\t<h1 class=\"elementor-heading-title elementor-size-default\"> \u0130\u015f Ad\u0131: Alet Sat\u0131\u015f M\u00fchendisi (\u0130spanyolca, Almanca, Japonca)\n<\/h1>\t\t\t\t<\/div>\n\t\t\t\t<\/div>\n\t\t<div class=\"elementor-element elementor-element-43ab33b e-con-full e-flex e-con e-child\" data-id=\"43ab33b\" data-element_type=\"container\" data-e-type=\"container\">\n\t\t\t\t<div class=\"elementor-element elementor-element-d21adf3 elementor-widget elementor-widget-text-editor\" data-id=\"d21adf3\" data-element_type=\"widget\" data-e-type=\"widget\" data-widget_type=\"text-editor.default\">\n\t\t\t\t<div class=\"elementor-widget-container\">\n\t\t\t\t\t\t\t\t\t<p style=\"text-align: left;\">Beijing Worldia Diamond Tools Co., Ltd, \u00e7e\u015fitli end\u00fcstriler i\u00e7in y\u00fcksek kaliteli kesme aletleri ve \u00e7\u00f6z\u00fcmlerinin \u00f6nde gelen bir tedarik\u00e7isidir. \u015eu anda Hindistan'daki b\u00fcy\u00fcyen ekibimize kat\u0131lmak i\u00e7in motive ve deneyimli bir alet sat\u0131\u015f m\u00fchendisi ar\u0131yoruz. \u0130deal aday m\u00fckemmel teknik bilgiye, g\u00fc\u00e7l\u00fc sat\u0131\u015f becerilerine ve m\u00fc\u015fterilerle uzun s\u00fcreli ili\u015fkiler kurma yetene\u011fine sahip olmal\u0131d\u0131r.<\/p><p>\u0130\u015f f\u0131rsatlar\u0131 ar\u0131yorsan\u0131z gelin ve bize kat\u0131l\u0131n!<strong><b> \u00a0<\/b><\/strong><\/p><p><strong><b>\u0130\u015f Ad\u0131: <\/b><\/strong><strong><b>Tak\u0131m Sat\u0131\u015f M\u00fchendisi (\u0130spanyolca, Almanca, Japonca)<\/b><\/strong><\/p><p><strong><b>Konum:<\/b><\/strong><strong><b>\u00a0Langfang, \u00c7in<\/b><\/strong><\/p><p><strong><b>Anahtar Sorumluluklar:<\/b><\/strong><\/p><ol><li>PCD \/ PCBN alet \u00fcr\u00fcnlerinin yurtd\u0131\u015f\u0131 sat\u0131\u015flar\u0131ndan sorumlu;<\/li><li>Alibaba, B2B ve Google gibi kanallar arac\u0131l\u0131\u011f\u0131yla ba\u011f\u0131ms\u0131z olarak m\u00fc\u015fterileri geli\u015ftirmek ve m\u00fc\u015fteri sorular\u0131n\u0131 hemen ele almak ve yan\u0131tlamak;<\/li><li>\u0130\u015flemleri kolayla\u015ft\u0131rmak i\u00e7in m\u00fc\u015fterilerle e-posta veya telefon yoluyla ileti\u015fim kurmak i\u00e7in kendi ileti\u015fim becerilerinizi kullan\u0131n;<\/li><li>\u00dcr\u00fcn kullan\u0131m\u0131n\u0131 izlemek ve iyi m\u00fc\u015fteri ili\u015fkilerini s\u00fcrd\u00fcrmek;<\/li><li>\u015eirketi tan\u0131tmak ve tan\u0131tmak i\u00e7in end\u00fcstri ile ilgili bilgileri toplay\u0131n ve d\u00fczenleyin&#8217; S \u00fcr\u00fcnleri.<\/li><\/ol><p><strong><b>Gereksinimler:<\/b><\/strong><\/p><ol><li>Lisans derecesi veya \u00fcst\u00fc, uluslararas\u0131 ticaret ve makinelerde uzmanl\u0131k tercih edilir; Tak\u0131m t\u00fcrleri, malzemeler, performans, uygulama senaryolar\u0131 vb. gibi mekanik aletlerin \u00fcr\u00fcn bilgisine a\u015fina olmak;<\/li><li>M\u00fckemmel \u0130ngilizce dinleme, konu\u015fma, okuma ve yazma becerilerine sahip olmak, yabanc\u0131 m\u00fc\u015fterilerle ak\u0131c\u0131 bir \u015fekilde ileti\u015fim kurmak, \u0130ngilizce i\u015f e-postalar\u0131n\u0131 kullanmak, \u0130spanyolca, Almanca, Japonca vb. gibi ikinci bir yabanc\u0131 dilde ustal\u0131k kazanmak ve belirli ileti\u015fim becerilerine sahip olmak;<\/li><li>Word, Excel, PowerPoint vb. gibi ofis yaz\u0131l\u0131mlar\u0131nda yetenekli ve profesyonel i\u015f belgeleri ve sat\u0131\u015f raporlar\u0131 \u00fcretebilir. Ayn\u0131 zamanda, Alibaba Uluslararas\u0131 \u0130stasyonu, g\u00fcmr\u00fck beyan sistemi vb. gibi uluslararas\u0131 ticaret ile ilgili yaz\u0131l\u0131m ve platformlar\u0131n \u00e7al\u0131\u015fmas\u0131n\u0131 ustala\u015ft\u0131rmak;<\/li><li>Mekanik alet end\u00fcstrisinde 1 y\u0131ldan fazla sat\u0131\u015f deneyimine veya uluslararas\u0131 i\u015f geli\u015ftirme deneyimine sahipler tercih edilir ve belirli m\u00fc\u015fteri kaynaklar\u0131 ve sat\u0131\u015f kanallar\u0131na sahipler daha da iyidir.<\/li><li>G\u00fc\u00e7l\u00fc pazar geli\u015ftirme ve m\u00fc\u015fteri geli\u015ftirme yeteneklerine sahip olmak, potansiyel m\u00fc\u015fterileri aktif olarak bulabilmek, iyi m\u00fc\u015fteri ili\u015fkileri kurmak ve s\u00fcrd\u00fcrmek.<\/li><li>\u0130yi ileti\u015fim ve koordinasyon becerileri ve tak\u0131m \u00e7al\u0131\u015fma ruhuna sahip olmak ve \u015firketle yak\u0131ndan \u00e7al\u0131\u015fmak; Sipari\u015flerin sorunsuz yerine getirilmesini sa\u011flamak i\u00e7in i\u00e7 \u00fcretim, teknoloji, lojistik ve di\u011fer departmanlar.<\/li><li>Uluslararas\u0131 i\u015f farkl\u0131 k\u00fclt\u00fcrleri ve zaman dilimlerini i\u00e7erir ve uygulay\u0131c\u0131lar\u0131n iyi uyumluluk ve stres direncine sahip olmalar\u0131n\u0131 ve y\u00fcksek yo\u011funluklu bir \u00e7al\u0131\u015fma ritmi alt\u0131nda iyi bir \u00e7al\u0131\u015fma durumunu koruyabilmesini gerektirir.<\/li><\/ol><p><strong><b>Ne Sunuyoruz<\/b><\/strong>:<\/p><ol><li>Deneyim ve performansa dayanan rekabet\u00e7i maa\u015f paketi.<\/li><li>Organizasyon i\u00e7inde profesyonel b\u00fcy\u00fcme ve kariyer ilerleme f\u0131rsatlar\u0131.<\/li><li>\u00c7al\u0131\u015fanlar\u0131n memnuniyetine ve i\u015f-hayat dengesine odaklanan destekleyici ve dinamik bir i\u015f ortam\u0131.<\/li><\/ol><p><strong><b>Uygulamak i\u00e7in<\/b><\/strong>:<\/p><p>\u00a0 \u00a0 \u00a0 \u00a0Bu rolde m\u00fckemmel olmak i\u00e7in gerekli becerilere ve deneyime sahip oldu\u011funuza inan\u0131yorsan\u0131z, l\u00fctfen \u00f6zge\u00e7mi\u015finizi ilgili deneyiminizi ve niteliklerinizi ayr\u0131nt\u0131l\u0131 olarak a\u00e7\u0131klayan bir mektupla birlikte g\u00f6nderin. Do\u011frudan web sitemizden ba\u015fvurabilir veya ba\u015fvurunuzu<u>\u00a0<\/u><strong><b>jxhr@worldiatools.com.<\/b><\/strong><\/p><p>\u00a0 \u00a0 \u00a0 \u00a0Biz e\u015fit f\u0131rsat i\u015fvereniyiz ve t\u00fcm nitelikli adaylardan ba\u015fvurular\u0131 ho\u015f geldik.<\/p>\t\t\t\t\t\t\t\t<\/div>\n\t\t\t\t<\/div>\n\t\t\t\t<\/div>\n\t\t\t\t\t<\/div>\n\t\t\t\t<\/div>\n\t\t<div class=\"elementor-element elementor-element-6d1d1b3 e-con-full e-flex e-con e-parent\" data-id=\"6d1d1b3\" data-element_type=\"container\" data-e-type=\"container\" data-settings=\"{&quot;background_background&quot;:&quot;classic&quot;}\">\n\t\t\t\t<\/div>\n\t\t\t\t<\/div>","protected":false},"excerpt":{"rendered":"<p>Job Title: Tool Sales Engineer (Spanish, German, Japanese) Beijing Worldia Diamond Tools Co., Ltd is a leading provider of high-quality cutting tools and solutions for various industries. We are currently seeking a motivated and experienced tool sales engineer to join our growing team in India. The ideal candidate should possess excellent technical knowledge, strong sales [&hellip;]<\/p>\n","protected":false},"author":1,"featured_media":0,"parent":779,"menu_order":0,"comment_status":"closed","ping_status":"closed","template":"elementor_header_footer","meta":{"footnotes":""},"class_list":["post-7802","page","type-page","status-publish","hentry"],"_links":{"self":[{"href":"https:\/\/www.worldia-tools.com\/tr\/wp-json\/wp\/v2\/pages\/7802","targetHints":{"allow":["GET"]}}],"collection":[{"href":"https:\/\/www.worldia-tools.com\/tr\/wp-json\/wp\/v2\/pages"}],"about":[{"href":"https:\/\/www.worldia-tools.com\/tr\/wp-json\/wp\/v2\/types\/page"}],"author":[{"embeddable":true,"href":"https:\/\/www.worldia-tools.com\/tr\/wp-json\/wp\/v2\/users\/1"}],"replies":[{"embeddable":true,"href":"https:\/\/www.worldia-tools.com\/tr\/wp-json\/wp\/v2\/comments?post=7802"}],"version-history":[{"count":87,"href":"https:\/\/www.worldia-tools.com\/tr\/wp-json\/wp\/v2\/pages\/7802\/revisions"}],"predecessor-version":[{"id":18664,"href":"https:\/\/www.worldia-tools.com\/tr\/wp-json\/wp\/v2\/pages\/7802\/revisions\/18664"}],"up":[{"embeddable":true,"href":"https:\/\/www.worldia-tools.com\/tr\/wp-json\/wp\/v2\/pages\/779"}],"wp:attachment":[{"href":"https:\/\/www.worldia-tools.com\/tr\/wp-json\/wp\/v2\/media?parent=7802"}],"curies":[{"name":"wp","href":"https:\/\/api.w.org\/{rel}","templated":true}]}}